{"id":4426,"date":"2019-02-18T16:57:24","date_gmt":"2019-02-18T09:57:24","guid":{"rendered":"https:\/\/mebipha.com\/?post_type=product&#038;p=4426"},"modified":"2025-12-29T16:13:20","modified_gmt":"2025-12-29T09:13:20","slug":"dung-moi-hd-inj","status":"publish","type":"product","link":"https:\/\/mebipha.com\/online\/dung-moi-hd-inj\/","title":{"rendered":"DUNG M\u00d4I HD INJ"},"content":{"rendered":"<p><strong>D\u00d9NG \u0110\u1ec2 PHA C\u00c1C LO\u1ea0I THU\u1ed0C H\u1ed6N D\u1ecaCH TI\u00caM<\/strong><\/p>\n<p><strong>Dung m\u00f4i pha ti\u00eam v\u00f4 tr\u00f9ng<\/strong><\/p>\n<p><strong>C\u00d4NG TH\u1ee8C<\/strong><\/p>\n<p>Fatty acid C6: 0,1%<\/p>\n<p>Fatty acid C8: 57,4 %<\/p>\n<p>Fatty acid C10: 42, 1%<\/p>\n<p>Fatty acid C12: 0,3%<\/p>\n<p>Fatty acid C14 &lt; 0,1%<\/p>\n<p>100% d\u1ea7u d\u1eeba tinh ch\u1ebf \u0111\u1ea1t chu\u1ea9n USP d\u00f9ng l\u00e0m dung m\u00f4i cho c\u00e1c s\u1ea3n ph\u1ea9m h\u1ed7n d\u1ecbch thu\u1ed1c ti\u00eam c\u1ee7a PH\u00c1P<\/p>\n<p><strong>C\u00d4NG D\u1ee4NG S\u1ea2N PH\u1ea8M<\/strong><\/p>\n<p>D\u00f9ng pha c\u00e1c lo\u1ea1i thu\u1ed1c h\u1ed7n d\u1ecbch ti\u00eam.<\/p>\n<p><strong>S\u1eec D\u1ee4NG<\/strong><\/p>\n<p>T\u1ec9 l\u1ec7 pha lo\u00e3ng t\u00f9y theo \u00fd mu\u1ed1n c\u1ee7a ng\u01b0\u1eddi s\u1eed d\u1ee5ng, nh\u01b0ng \u0111\u1ea3m b\u1ea3o \u0111\u1ed9 b\u1ec1n trong b\u1ea3o qu\u1ea3n kh\u00f4ng n\u00ean v\u01b0\u1ee3t qu\u00e1 5 l\u1ea7n.<\/p>\n<p><strong>Th\u1eddi gian ng\u01b0ng s\u1eed d\u1ee5ng thu\u1ed1c<\/strong><\/p>\n<p>T\u00f9y v\u00e0o s\u1ea3n ph\u1ea9m h\u1ed7n d\u1ecbch ti\u00eam<\/p>\n<p><strong>B\u1ea2O QU\u1ea2N<\/strong><\/p>\n<p>N\u01a1i kh\u00f4 r\u00e1o, tho\u00e1ng m\u00e1t, nhi\u1ec7t \u0111\u1ed9 d\u01b0\u1edbi 30<sup>0<\/sup>C, tr\u00e1nh \u00e1nh n\u1eafng tr\u1ef1c ti\u1ebfp. Tr\u00e1nh xa t\u1ea7m tay tr\u1ebb em.<\/p>\n<p><strong>H\u1ea0N D\u00d9NG <\/strong><\/p>\n<p>24 th\u00e1ng k\u1ec3 t\u1eeb ng\u00e0y s\u1ea3n xu\u1ea5t.<\/p>\n<p><strong>\u0110\u00d3NG G\u00d3I<\/strong><\/p>\n<p>100ml<\/p>\n<p><strong>S\u1ed1 \u0111\u0103ng k\u00fd: MBP-145<\/strong><\/p>\n","protected":false},"excerpt":{"rendered":"<p><strong>TH\u00c0NH PH\u1ea6N:<\/strong><\/p>\n<p>Fatty acid C6<br \/>\nFatty acid C8<br \/>\nFatty acid C10<br \/>\nFatty acid C12<br \/>\nFatty acid C14<br \/>\n100% d\u1ea7u d\u1eeba tinh ch\u1ebf \u0111\u1ea1t chu\u1ea9n USP d\u00f9ng l\u00e0m dung m\u00f4i cho c\u00e1c s\u1ea3n ph\u1ea9m h\u1ed7n d\u1ecbch thu\u1ed1c ti\u00eam c\u1ee7a Ph\u00e1p.<\/p>\n<p><strong>S\u1eec D\u1ee4NG:<\/strong><\/p>\n<p>T\u1ec9 l\u1ec7 pha lo\u00e3ng t\u00f9y theo \u00fd mu\u1ed1n c\u1ee7a ng\u01b0\u1eddi s\u1eed d\u1ee5ng, nh\u01b0ng \u0111\u1ec3 b\u1ea3o \u0111\u1ea3m \u0111\u1ed9 b\u1ec1n trong b\u1ea3o qu\u1ea3n kh\u00f4ng n\u00ean v\u01b0\u1ee3t qu\u00e1 5 l\u1ea7n<\/p>\n","protected":false},"featured_media":10615,"comment_status":"closed","ping_status":"closed","template":"","meta":[],"product_brand":[],"product_cat":[62,142],"product_tag":[],"class_list":{"0":"post-4426","1":"product","2":"type-product","3":"status-publish","4":"has-post-thumbnail","6":"product_cat-thuoc-thu-y","7":"product_cat-danh-muc-san-pham-gia-cam","9":"first","10":"instock","11":"shipping-taxable","12":"purchasable","13":"product-type-variable","14":"has-default-attributes"},"_links":{"self":[{"href":"https:\/\/mebipha.com\/online\/wp-json\/wp\/v2\/product\/4426","targetHints":{"allow":["GET"]}}],"collection":[{"href":"https:\/\/mebipha.com\/online\/wp-json\/wp\/v2\/product"}],"about":[{"href":"https:\/\/mebipha.com\/online\/wp-json\/wp\/v2\/types\/product"}],"replies":[{"embeddable":true,"href":"https:\/\/mebipha.com\/online\/wp-json\/wp\/v2\/comments?post=4426"}],"wp:featuredmedia":[{"embeddable":true,"href":"https:\/\/mebipha.com\/online\/wp-json\/wp\/v2\/media\/10615"}],"wp:attachment":[{"href":"https:\/\/mebipha.com\/online\/wp-json\/wp\/v2\/media?parent=4426"}],"wp:term":[{"taxonomy":"product_brand","embeddable":true,"href":"https:\/\/mebipha.com\/online\/wp-json\/wp\/v2\/product_brand?post=4426"},{"taxonomy":"product_cat","embeddable":true,"href":"https:\/\/mebipha.com\/online\/wp-json\/wp\/v2\/product_cat?post=4426"},{"taxonomy":"product_tag","embeddable":true,"href":"https:\/\/mebipha.com\/online\/wp-json\/wp\/v2\/product_tag?post=4426"}],"curies":[{"name":"wp","href":"https:\/\/api.w.org\/{rel}","templated":true}]}}