{"id":4422,"date":"2019-02-18T16:50:56","date_gmt":"2019-02-18T09:50:56","guid":{"rendered":"https:\/\/mebipha.com\/?post_type=product&#038;p=4422"},"modified":"2025-12-29T16:11:45","modified_gmt":"2025-12-29T09:11:45","slug":"dung-moi-dd-inj","status":"publish","type":"product","link":"https:\/\/mebipha.com\/online\/dung-moi-dd-inj\/","title":{"rendered":"DUNG M\u00d4I DD INJ"},"content":{"rendered":"<p><strong>Dung m\u00f4i pha ti\u00eam<\/strong><\/p>\n<p><strong>C\u00d4NG TH\u1ee8C<\/strong><\/p>\n<p>1, 2 Dihydroxypropane: 60g<\/p>\n<p>Phenylcarbinol: 10g<\/p>\n<p>Dung m\u00f4i v\u1eeba \u0111\u1ee7: 100ml<\/p>\n<p><strong>C\u00d4NG D\u1ee4NG S\u1ea2N PH\u1ea8M<\/strong><\/p>\n<p>D\u00f9ng pha c\u00e1c lo\u1ea1i thu\u1ed1c dung d\u1ecbch ti\u00eam.<\/p>\n<p><strong>S\u1eec D\u1ee4NG<\/strong><\/p>\n<p>T\u1ec9 l\u1ec7 pha lo\u00e3ng t\u00f9y theo \u00fd mu\u1ed1n c\u1ee7a ng\u01b0\u1eddi s\u1eed d\u1ee5ng, nh\u01b0ng \u0111\u1ec3 \u0111\u1ea3m b\u1ea3o \u0111\u1ed9 b\u1ec1n trong b\u1ea3o qu\u1ea3n kh\u00f4ng n\u00ean v\u01b0\u1ee3t qu\u00e1 5 l\u1ea7n.<\/p>\n<p><strong>Th\u1eddi gian ng\u01b0ng s\u1eed d\u1ee5ng thu\u1ed1c<\/strong><\/p>\n<p>T\u00f9y v\u00e0o s\u1ea3n ph\u1ea9m dung d\u1ecbch ti\u00eam<\/p>\n<p><strong>H\u1ea1n s\u1eed d\u1ee5ng s\u1ea3n ph\u1ea9m <\/strong><\/p>\n<p>24 th\u00e1ng k\u1ec3 t\u1eeb ng\u00e0y s\u1ea3n xu\u1ea5t.<\/p>\n<p><strong>B\u1ea2O QU\u1ea2N<\/strong><\/p>\n<p>N\u01a1i kh\u00f4 r\u00e1o, tho\u00e1ng m\u00e1t, nhi\u1ec7t \u0111\u1ed9 d\u01b0\u1edbi 30<sup>0<\/sup>C. Tr\u00e1nh \u00e1nh n\u1eafng tr\u1ef1c ti\u1ebfp, tr\u00e1nh xa t\u1ea7m tay tr\u1ebb em.<\/p>\n<p><strong>\u0110\u00d3NG G\u00d3I<\/strong><\/p>\n<p><strong>100ml, 250ml<\/strong><\/p>\n<p><strong>S\u1ed1 \u0111\u0103ng k\u00fd: MBP-144<\/strong><\/p>\n","protected":false},"excerpt":{"rendered":"<p><strong>Dung m\u00f4i pha ti\u00eam<\/strong><\/p>\n<p><strong>C\u00d4NG TH\u1ee8C<\/strong><\/p>\n<p>1, 2 Dihydroxypropane: 60g<\/p>\n<p>Phenylcarbinol: 10g<\/p>\n<p>Dung m\u00f4i v\u1eeba \u0111\u1ee7: 100ml<\/p>\n<p><strong>C\u00d4NG D\u1ee4NG S\u1ea2N PH\u1ea8M<\/strong><\/p>\n<p>D\u00f9ng pha c\u00e1c lo\u1ea1i thu\u1ed1c dung d\u1ecbch ti\u00eam.<\/p>\n<p><strong>S\u1eec D\u1ee4NG<\/strong><\/p>\n<p>T\u1ec9 l\u1ec7 pha lo\u00e3ng t\u00f9y theo \u00fd mu\u1ed1n c\u1ee7a ng\u01b0\u1eddi s\u1eed d\u1ee5ng, nh\u01b0ng \u0111\u1ec3 \u0111\u1ea3m b\u1ea3o \u0111\u1ed9 b\u1ec1n trong b\u1ea3o qu\u1ea3n kh\u00f4ng n\u00ean v\u01b0\u1ee3t qu\u00e1 5 l\u1ea7n.<\/p>\n","protected":false},"featured_media":10614,"comment_status":"closed","ping_status":"closed","template":"","meta":[],"product_brand":[],"product_cat":[62,142],"product_tag":[],"class_list":{"0":"post-4422","1":"product","2":"type-product","3":"status-publish","4":"has-post-thumbnail","6":"product_cat-thuoc-thu-y","7":"product_cat-danh-muc-san-pham-gia-cam","9":"first","10":"instock","11":"shipping-taxable","12":"purchasable","13":"product-type-variable","14":"has-default-attributes"},"_links":{"self":[{"href":"https:\/\/mebipha.com\/online\/wp-json\/wp\/v2\/product\/4422","targetHints":{"allow":["GET"]}}],"collection":[{"href":"https:\/\/mebipha.com\/online\/wp-json\/wp\/v2\/product"}],"about":[{"href":"https:\/\/mebipha.com\/online\/wp-json\/wp\/v2\/types\/product"}],"replies":[{"embeddable":true,"href":"https:\/\/mebipha.com\/online\/wp-json\/wp\/v2\/comments?post=4422"}],"wp:featuredmedia":[{"embeddable":true,"href":"https:\/\/mebipha.com\/online\/wp-json\/wp\/v2\/media\/10614"}],"wp:attachment":[{"href":"https:\/\/mebipha.com\/online\/wp-json\/wp\/v2\/media?parent=4422"}],"wp:term":[{"taxonomy":"product_brand","embeddable":true,"href":"https:\/\/mebipha.com\/online\/wp-json\/wp\/v2\/product_brand?post=4422"},{"taxonomy":"product_cat","embeddable":true,"href":"https:\/\/mebipha.com\/online\/wp-json\/wp\/v2\/product_cat?post=4422"},{"taxonomy":"product_tag","embeddable":true,"href":"https:\/\/mebipha.com\/online\/wp-json\/wp\/v2\/product_tag?post=4422"}],"curies":[{"name":"wp","href":"https:\/\/api.w.org\/{rel}","templated":true}]}}