{"id":4417,"date":"2019-02-18T16:37:53","date_gmt":"2019-02-18T09:37:53","guid":{"rendered":"https:\/\/mebipha.com\/?post_type=product&#038;p=4417"},"modified":"2024-05-28T17:23:22","modified_gmt":"2024-05-28T10:23:22","slug":"doxy","status":"publish","type":"product","link":"https:\/\/mebipha.com\/online\/doxy\/","title":{"rendered":"DOXY(T\u00d4M)"},"content":{"rendered":"","protected":false},"excerpt":{"rendered":"<p>\u0110\u1eb6C TR\u1eca C\u00c1C B\u1ec6NH DO VI KHU\u1ea8N VIBRIO<\/p>\n<p><strong>C\u00d4NG TH\u1ee8C<\/strong><\/p>\n<p>Doxycycline\u2026\u2026&#8230; 200g<\/p>\n<p>T\u00e1 d\u01b0\u1ee3c v\u1eeba \u0111\u1ee7\u2026\u2026\u2026\u2026.1.000g<\/p>\n<p><strong>CH\u1ec8 \u0110\u1ecaNH<\/strong><\/p>\n<p>Thu\u1ed1c c\u00f3 ph\u1ed5 kh\u00e1ng khu\u1ea9n r\u1ed9ng, \u0111i\u1ec1u tr\u1ecb hi\u1ec7u qu\u1ea3 b\u1ec7nh ho\u1ea1i t\u1eed gan, t\u1ee5y c\u1ea5p t\u00ednh, b\u1ec7nh v\u00e0ng gan, tr\u1eafng gan, b\u1ec7nh ph\u00e2n tr\u1eafng tr\u00ean t\u00f4m do vi khu\u1ea9n Vibrio g\u00e2y ra. \u0110i\u1ec1u tr\u1ecb b\u1ec7nh \u0111\u1ecf th\u00e2n tr\u00ean t\u00f4m (\u0111\u1eb7c bi\u1ec7t l\u00e0 t\u00f4m h\u00f9m). T\u00f4m r\u1edbt \u0111\u00e1y kh\u00f4ng r\u00f5 nguy\u00ean nh\u00e2n.<\/p>\n<p><strong>LI\u1ec0U L\u01af\u1ee2NG <\/strong><\/p>\n<p>Ph\u00f2ng b\u1ec7nh: 2g\/1 kg th\u1ee9c \u0103n, d\u00f9ng li\u00ean t\u1ee5c 2-3 ng\u00e0y.<\/p>\n<p>Tr\u1ecb b\u1ec7nh: 3-4g\/1 kg th\u1ee9c \u0103n, d\u00f9ng li\u00ean t\u1ee5c 3-5 ng\u00e0y.<\/p>\n<p><strong>H\u01af\u1edaNG D\u1eaaN S\u1eec D\u1ee4NG<\/strong><\/p>\n<p>H\u00f2a tan v\u00e0o n\u01b0\u1edbc r\u1ed3i tr\u1ed9n \u0111\u1ec1u v\u1edbi th\u1ee9c \u0103n, \u00e1o l\u1ea1i b\u1eb1ng d\u1ea7u th\u1ef1c v\u1eadt ho\u1eb7c ch\u1ea5t k\u00edch m\u00f9i, \u0111\u1ec3 r\u00e1o 15 ph\u00fat sau \u0111\u00f3 m\u1edbi cho t\u00f4m \u0103n.<\/p>\n<p><strong>TH\u1edcI GIAN NG\u01afNG S\u1eec D\u1ee4NG:<\/strong><\/p>\n<p>14 ng\u00e0y tr\u01b0\u1edbc khi thu ho\u1ea1ch.<\/p>\n","protected":false},"featured_media":10341,"comment_status":"closed","ping_status":"closed","template":"","meta":[],"product_brand":[],"product_cat":[71,134],"product_tag":[],"class_list":{"0":"post-4417","1":"product","2":"type-product","3":"status-publish","4":"has-post-thumbnail","6":"product_cat-thuoc-thuy-san","7":"product_cat-thuoc-thuy-san-thuoc-thuy-san","9":"first","10":"instock","11":"shipping-taxable","12":"purchasable","13":"product-type-variable","14":"has-default-attributes"},"_links":{"self":[{"href":"https:\/\/mebipha.com\/online\/wp-json\/wp\/v2\/product\/4417","targetHints":{"allow":["GET"]}}],"collection":[{"href":"https:\/\/mebipha.com\/online\/wp-json\/wp\/v2\/product"}],"about":[{"href":"https:\/\/mebipha.com\/online\/wp-json\/wp\/v2\/types\/product"}],"replies":[{"embeddable":true,"href":"https:\/\/mebipha.com\/online\/wp-json\/wp\/v2\/comments?post=4417"}],"wp:featuredmedia":[{"embeddable":true,"href":"https:\/\/mebipha.com\/online\/wp-json\/wp\/v2\/media\/10341"}],"wp:attachment":[{"href":"https:\/\/mebipha.com\/online\/wp-json\/wp\/v2\/media?parent=4417"}],"wp:term":[{"taxonomy":"product_brand","embeddable":true,"href":"https:\/\/mebipha.com\/online\/wp-json\/wp\/v2\/product_brand?post=4417"},{"taxonomy":"product_cat","embeddable":true,"href":"https:\/\/mebipha.com\/online\/wp-json\/wp\/v2\/product_cat?post=4417"},{"taxonomy":"product_tag","embeddable":true,"href":"https:\/\/mebipha.com\/online\/wp-json\/wp\/v2\/product_tag?post=4417"}],"curies":[{"name":"wp","href":"https:\/\/api.w.org\/{rel}","templated":true}]}}