{"id":4408,"date":"2019-02-18T16:24:07","date_gmt":"2019-02-18T09:24:07","guid":{"rendered":"https:\/\/mebipha.com\/?post_type=product&#038;p=4408"},"modified":"2025-12-29T14:41:30","modified_gmt":"2025-12-29T07:41:30","slug":"diclacox","status":"publish","type":"product","link":"https:\/\/mebipha.com\/online\/diclacox\/","title":{"rendered":"DICLACOX (GIA C\u1ea6M)"},"content":{"rendered":"<p><strong>\u0110\u1eb6C TR\u1eca C\u1ea6U TR\u00d9NG GIA C\u1ea6M<\/strong><\/p>\n<p><strong>C\u00d4NG TH\u1ee8C<\/strong><\/p>\n<p>Diclazuril: 25.000mg<\/p>\n<p>Dung m\u00f4i v\u1eeba \u0111\u1ee7: 1 l\u00edt<\/p>\n<p><strong>\u0110\u1eb6C T\u00cdNH D\u01af\u1ee2C L\u00dd S\u1ea2N PH\u1ea8M<\/strong><\/p>\n<p>Diclazuril l\u00e0 m\u1ed9t h\u1ee3p ch\u1ea5t t\u1ed5ng h\u1ee3p d\u1eabn xu\u1ea5t benzeneacetonitrile h\u1ecd triazinone. Thu\u1ed1c t\u00e1c \u0111\u1ed9ng tr\u00ean c\u1ea3 hai giai \u0111o\u1ea1n sinh s\u1ea3n v\u00f4 t\u00ednh c\u1ee7a c\u1ea7u tr\u00f9ng b\u1eb1ng c\u00e1ch \u1ee9c ch\u1ebf ph\u00e2n chia schizont v\u00e0 microgamont. \u0110\u1ed1i v\u1edbi schizont, microgamont, diclazuril l\u00e0m t\u0103ng kho\u1ea3ng tr\u1ed1ng kh\u00f4ng c\u00f3 l\u1ee3i trong nh\u00e2n, l\u00e0m d\u00e3n n\u1ed9i sinh ch\u1ea5t, ty th\u1ec3 s\u01b0ng ph\u1ed3ng, s\u1ef1 ph\u00e2n chia c\u1ee7a nh\u00e2n b\u1ecb x\u00e1o tr\u1ed9n.<\/p>\n<p><strong>DICLACOX<\/strong> l\u00e0 thu\u1ed1c \u0111\u1eb7c tr\u1ecb c\u1ea7u tr\u00f9ng th\u1ebf h\u1ec7 m\u1edbi, th\u1eddi gian d\u00f9ng thu\u1ed1c ng\u1eafn, ti\u1ec7n l\u1ee3i v\u00e0 hi\u1ec7u qu\u1ea3 nhanh. <strong>DICLACOX <\/strong>\u0111\u1eb7c tr\u1ecb b\u1ec7nh c\u1ea7u tr\u00f9ng do c\u00e1c ch\u1ee7ng\u00a0<em>Eimeria tenella, E. acervulina, E. mitis, E. brunetti, E. necatrix, E. maxima, E. precox v\u00e0 Isospora suis\u00a0<\/em>g\u00e2y ra.<\/p>\n<p><strong>C\u00d4NG D\u1ee4NG S\u1ea2N PH\u1ea8M<\/strong><\/p>\n<p>Ph\u00f2ng v\u00e0 tr\u1ecb hi\u1ec7u qu\u1ea3 c\u00e1c lo\u1ea1i c\u1ea7u tr\u00f9ng g\u00e2y ph\u00e2n tr\u1eafng, ph\u00e2n s\u00e1p, ph\u00e2n m\u00e1u t\u01b0\u01a1i,&#8230;tr\u00ean gia c\u1ea7m.<\/p>\n<p><strong>CH\u1ed0NG CH\u1ec8 \u0110\u1ecaNH<\/strong><\/p>\n<p>Th\u00fa m\u1eabn c\u1ea3m v\u1edbi th\u00e0nh ph\u1ea7n c\u1ee7a thu\u1ed1c.<\/p>\n<p><strong>S\u1eec D\u1ee4NG<\/strong><\/p>\n<p><strong>Tr\u00ean gia c\u1ea7m: <\/strong><\/p>\n<p>Ph\u00f2ng b\u1ec7nh: 1ml\/2 l\u00edt n\u01b0\u1edbc u\u1ed1ng, d\u00f9ng li\u00ean t\u1ee5c 2 ng\u00e0y\/\u0111\u1ee3t.<\/p>\n<p>Tr\u1ecb b\u1ec7nh: 1ml\/1 l\u00edt n\u01b0\u1edbc u\u1ed1ng, d\u00f9ng li\u00ean t\u1ee5c 2 ng\u00e0y, ng\u01b0ng thu\u1ed1c 5 ng\u00e0y r\u1ed3i d\u00f9ng ti\u1ebfp 2 ng\u00e0y.<\/p>\n<p><strong>Diclacox <\/strong>kh\u00f4ng l\u00e0m \u1ea3nh h\u01b0\u1edfng \u0111\u1ebfn n\u0103ng su\u1ea5t tr\u1ee9ng trong qu\u00e1 tr\u00ecnh s\u1eed d\u1ee5ng.<\/p>\n<p><strong>Th\u1eddi gian ng\u01b0ng s\u1eed d\u1ee5ng thu\u1ed1c:<\/strong> 12 ng\u00e0y tr\u01b0\u1edbc khi gi\u1ebft m\u1ed5.<\/p>\n<p><strong>H\u1ea1n s\u1eed d\u1ee5ng s\u1ea3n ph\u1ea9m <\/strong><\/p>\n<p>24 th\u00e1ng k\u1ec3 t\u1eeb ng\u00e0y s\u1ea3n xu\u1ea5t.<\/p>\n<p><strong>B\u1ea2O QU\u1ea2N<\/strong><\/p>\n<p>N\u01a1i kh\u00f4 r\u00e1o, tho\u00e1ng m\u00e1t, nhi\u1ec7t \u0111\u1ed9 d\u01b0\u1edbi 30<sup>0<\/sup>C. Tr\u00e1nh \u00e1nh n\u1eafng tr\u1ef1c ti\u1ebfp, tr\u00e1nh xa t\u1ea7m tay tr\u1ebb em.<\/p>\n","protected":false},"excerpt":{"rendered":"<p><strong>\u0110\u1eb6C TR\u1eca C\u1ea6U TR\u00d9NG GIA C\u1ea6M<\/strong><\/p>\n<p><strong>C\u00d4NG TH\u1ee8C<\/strong><\/p>\n<p>Diclazuril: 25.000mg<\/p>\n<p>Dung m\u00f4i v\u1eeba \u0111\u1ee7: 1 l\u00edt<\/p>\n<p><strong>C\u00d4NG D\u1ee4NG S\u1ea2N PH\u1ea8M<\/strong><\/p>\n<p>Ph\u00f2ng v\u00e0 tr\u1ecb hi\u1ec7u qu\u1ea3 c\u00e1c lo\u1ea1i c\u1ea7u tr\u00f9ng g\u00e2y ph\u00e2n tr\u1eafng, ph\u00e2n s\u00e1p, ph\u00e2n m\u00e1u t\u01b0\u01a1i,&#8230;tr\u00ean gia c\u1ea7m.<\/p>\n<p><strong>CH\u1ed0NG CH\u1ec8 \u0110\u1ecaNH<\/strong><\/p>\n<p>Th\u00fa m\u1eabn c\u1ea3m v\u1edbi th\u00e0nh ph\u1ea7n c\u1ee7a thu\u1ed1c.<\/p>\n<p><strong>S\u1eec D\u1ee4NG<\/strong><\/p>\n<p><strong>Tr\u00ean gia c\u1ea7m: <\/strong><\/p>\n<p>Ph\u00f2ng b\u1ec7nh: 1ml\/2 l\u00edt n\u01b0\u1edbc u\u1ed1ng, d\u00f9ng li\u00ean t\u1ee5c 2 ng\u00e0y\/\u0111\u1ee3t.<\/p>\n<p>Tr\u1ecb b\u1ec7nh: 1ml\/1 l\u00edt n\u01b0\u1edbc u\u1ed1ng, d\u00f9ng li\u00ean t\u1ee5c 2 ng\u00e0y, ng\u01b0ng thu\u1ed1c 5 ng\u00e0y r\u1ed3i d\u00f9ng ti\u1ebfp 2 ng\u00e0y.<\/p>\n<p><strong>Diclacox <\/strong>kh\u00f4ng l\u00e0m \u1ea3nh h\u01b0\u1edfng \u0111\u1ebfn n\u0103ng su\u1ea5t tr\u1ee9ng trong qu\u00e1 tr\u00ecnh s\u1eed d\u1ee5ng.<\/p>\n","protected":false},"featured_media":10549,"comment_status":"closed","ping_status":"closed","template":"","meta":[],"product_brand":[],"product_cat":[62,142],"product_tag":[],"class_list":{"0":"post-4408","1":"product","2":"type-product","3":"status-publish","4":"has-post-thumbnail","6":"product_cat-thuoc-thu-y","7":"product_cat-danh-muc-san-pham-gia-cam","9":"first","10":"instock","11":"shipping-taxable","12":"purchasable","13":"product-type-variable"},"_links":{"self":[{"href":"https:\/\/mebipha.com\/online\/wp-json\/wp\/v2\/product\/4408","targetHints":{"allow":["GET"]}}],"collection":[{"href":"https:\/\/mebipha.com\/online\/wp-json\/wp\/v2\/product"}],"about":[{"href":"https:\/\/mebipha.com\/online\/wp-json\/wp\/v2\/types\/product"}],"replies":[{"embeddable":true,"href":"https:\/\/mebipha.com\/online\/wp-json\/wp\/v2\/comments?post=4408"}],"wp:featuredmedia":[{"embeddable":true,"href":"https:\/\/mebipha.com\/online\/wp-json\/wp\/v2\/media\/10549"}],"wp:attachment":[{"href":"https:\/\/mebipha.com\/online\/wp-json\/wp\/v2\/media?parent=4408"}],"wp:term":[{"taxonomy":"product_brand","embeddable":true,"href":"https:\/\/mebipha.com\/online\/wp-json\/wp\/v2\/product_brand?post=4408"},{"taxonomy":"product_cat","embeddable":true,"href":"https:\/\/mebipha.com\/online\/wp-json\/wp\/v2\/product_cat?post=4408"},{"taxonomy":"product_tag","embeddable":true,"href":"https:\/\/mebipha.com\/online\/wp-json\/wp\/v2\/product_tag?post=4408"}],"curies":[{"name":"wp","href":"https:\/\/api.w.org\/{rel}","templated":true}]}}