{"id":4404,"date":"2019-02-18T15:51:19","date_gmt":"2019-02-18T08:51:19","guid":{"rendered":"https:\/\/mebipha.com\/?post_type=product&#038;p=4404"},"modified":"2024-05-08T17:16:43","modified_gmt":"2024-05-08T10:16:43","slug":"deorase","status":"publish","type":"product","link":"https:\/\/mebipha.com\/online\/deorase\/","title":{"rendered":"DEORASE(T\u00d4M)"},"content":{"rendered":"","protected":false},"excerpt":{"rendered":"<p><strong>X\u1eec L\u00dd M\u00d4I TR\u01af\u1edcNG N\u01af\u1edaC, X\u1eec L\u00dd \u0110\u00c1Y AO<\/strong><\/p>\n<p><strong>C\u1ea4P C\u1ee8U T\u00d4M N\u1ed4I \u0110\u1ea6U, T\u1ea4P B\u1edc<\/strong><\/p>\n<p><strong>TH\u00c0NH PH\u1ea6N<\/strong><\/p>\n<p><em>Bacillus subtilis<\/em> (min)&#8230;&#8230;&#8230;&#8230;&#8230;&#8230;&#8230;. 9 x 10<sup>7 <\/sup>CFU<\/p>\n<p><em>Nitrobacter <\/em>sp. (min)&#8230;&#8230;&#8230;&#8230;&#8230;&#8230;&#8230;&#8230; 1 x 10<sup>6<\/sup> CFU<\/p>\n<p>Saponin* (min)&#8230;&#8230;&#8230;&#8230;&#8230;&#8230;&#8230;&#8230;&#8230;&#8230;&#8230;. 15.000 mg<\/p>\n<p>Kh\u00e1ng sinh, ch\u1ea5t c\u1ea5m&#8230;&#8230;&#8230;&#8230;&#8230;&#8230;&#8230;&#8230; Kh\u00f4ng c\u00f3<\/p>\n<p>Ethoxyquin&#8230;&#8230;&#8230;&#8230;&#8230;&#8230;&#8230;&#8230;&#8230;&#8230;&#8230;&#8230;&#8230;Kh\u00f4ng c\u00f3<\/p>\n<p>Ch\u1ea5t mang (Glucose) v\u1eeba \u0111\u1ee7&#8230;&#8230;&#8230;&#8230;&#8230;. 1 kg<\/p>\n<p><strong>NGUY\u00caN LI\u1ec6U<\/strong> \u00a0Chi\u1ebft xu\u1ea5t Yucca schidigera, <em>Bacillus subtilis<\/em>, <em>Nitrobacter<\/em> sp., Dextrose monohydrate.<\/p>\n<p><strong>C\u00d4NG D\u1ee4NG<\/strong><\/p>\n<p>B\u1ed5 sung c\u00e1c vi sinh v\u1eadt c\u00f3 l\u1ee3i cho t\u00f4m, \u1ee9c ch\u1ebf s\u1ef1 ph\u00e1t tri\u1ec3n c\u1ee7a c\u00e1c vi khu\u1ea9n g\u00e2y b\u1ec7nh.<\/p>\n<p>Gi\u1ea3m n\u1ed3ng \u0111\u1ed9 kh\u00ed \u0111\u1ed9c amoniac (NH<sub>3<\/sub>) th\u1ea3i ra t\u1eeb ph\u00e2n c\u1ee7a t\u00f4m. Kho\u00e1ng h\u00f3a c\u00e1c ch\u1ea5t b\u1ea9n h\u1eefu c\u01a1 tr\u00ean n\u1ec1n \u0111\u00e1y, h\u1ea1n ch\u1ebf \u00f4 nhi\u1ec5m m\u00f4i tr\u01b0\u1eddng.<\/p>\n<p><strong>H\u01af\u1edaNG D\u1eaaN S\u1eec D\u1ee4NG V\u00c0 LI\u1ec0U D\u00d9NG<\/strong><\/p>\n<p>H\u00f2a tan v\u00e0o n\u01b0\u1edbc tr\u1ed9n \u0111\u1ec1u v\u1edbi th\u1ee9c \u0103n, \u00e1o l\u1ea1i b\u1eb1ng ch\u1ea5t k\u00edch m\u00f9i ho\u1eb7c d\u1ea7u th\u1ef1c v\u1eadt, sau \u0111\u00f3 m\u1edbi cho t\u00f4m \u0103n.<\/p>\n<p>K\u00edch th\u00edch ti\u00eau h\u00f3a th\u1ee9c \u0103n: 1g\/2kg th\u1ee9c \u0103n, cho t\u00f4m \u0103n 1 ng\u00e0y 1 l\u1ea7n d\u00f9ng li\u00ean t\u1ee5c trong th\u1eddi gian nu\u00f4i. Ho\u1eb7c d\u00f9ng MEBI-DEORASE h\u00f2a tan v\u1edbi n\u01b0\u1edbc r\u1ed3i t\u1ea1t \u0111\u1ec1u trong ao nu\u00f4i v\u1edbi li\u1ec1u\u00a0:<\/p>\n<p>Tr\u1ea1i \u01b0\u01a1m t\u00f4m gi\u1ed1ng: 1kg\/500 \u2013 1.000m<sup>2<\/sup> m\u1eb7t n\u01b0\u1edbc.<\/p>\n<p>Ao nu\u00f4i t\u00f4m th\u1ecbt: 1kg\/4.000m<sup>3<\/sup> n\u01b0\u1edbc, d\u00f9ng \u0111\u1ecbnh k\u1ef3 15 ng\u00e0y 1 l\u1ea7n.<\/p>\n<p>Khi th\u1ea5y t\u00f4m c\u00f3 d\u1ea5u hi\u1ec7u n\u1ed5i \u0111\u1ea7u hay t\u1ea5p b\u1edd do nhi\u1ec5m kh\u00ed \u0111\u1ed9c, d\u00f9ng li\u1ec1u cao g\u1ea5p \u0111\u00f4i.<\/p>\n","protected":false},"featured_media":10313,"comment_status":"closed","ping_status":"closed","template":"","meta":[],"product_brand":[],"product_cat":[71,134],"product_tag":[],"class_list":{"0":"post-4404","1":"product","2":"type-product","3":"status-publish","4":"has-post-thumbnail","6":"product_cat-thuoc-thuy-san","7":"product_cat-thuoc-thuy-san-thuoc-thuy-san","9":"first","10":"instock","11":"shipping-taxable","12":"purchasable","13":"product-type-variable","14":"has-default-attributes"},"_links":{"self":[{"href":"https:\/\/mebipha.com\/online\/wp-json\/wp\/v2\/product\/4404","targetHints":{"allow":["GET"]}}],"collection":[{"href":"https:\/\/mebipha.com\/online\/wp-json\/wp\/v2\/product"}],"about":[{"href":"https:\/\/mebipha.com\/online\/wp-json\/wp\/v2\/types\/product"}],"replies":[{"embeddable":true,"href":"https:\/\/mebipha.com\/online\/wp-json\/wp\/v2\/comments?post=4404"}],"wp:featuredmedia":[{"embeddable":true,"href":"https:\/\/mebipha.com\/online\/wp-json\/wp\/v2\/media\/10313"}],"wp:attachment":[{"href":"https:\/\/mebipha.com\/online\/wp-json\/wp\/v2\/media?parent=4404"}],"wp:term":[{"taxonomy":"product_brand","embeddable":true,"href":"https:\/\/mebipha.com\/online\/wp-json\/wp\/v2\/product_brand?post=4404"},{"taxonomy":"product_cat","embeddable":true,"href":"https:\/\/mebipha.com\/online\/wp-json\/wp\/v2\/product_cat?post=4404"},{"taxonomy":"product_tag","embeddable":true,"href":"https:\/\/mebipha.com\/online\/wp-json\/wp\/v2\/product_tag?post=4404"}],"curies":[{"name":"wp","href":"https:\/\/api.w.org\/{rel}","templated":true}]}}