{"id":4400,"date":"2019-02-18T15:20:31","date_gmt":"2019-02-18T08:20:31","guid":{"rendered":"https:\/\/mebipha.com\/?post_type=product&#038;p=4400"},"modified":"2025-12-26T11:06:56","modified_gmt":"2025-12-26T04:06:56","slug":"d-max-25-inj","status":"publish","type":"product","link":"https:\/\/mebipha.com\/online\/d-max-25-inj\/","title":{"rendered":"D-MAX 25 INJ"},"content":{"rendered":"<p><strong>\u0110\u1eb6C TR\u1eca VI\u00caM PH\u1ed4I, T\u1ee4 HUY\u1ebeT TR\u00d9NG, TH\u01af\u01a0NG H\u00c0N, VI\u00caM RU\u1ed8T TI\u00caU CH\u1ea2Y<\/strong><\/p>\n<p><strong>Dung d\u1ecbch kh\u00e1ng sinh ti\u00eam<\/strong><\/p>\n<p><strong>C\u00f4ng th\u1ee9c<\/strong><\/p>\n<p>Danofloxacin mesylate salt: 2,5g<\/p>\n<p>Dung m\u00f4i v\u1eeba \u0111\u1ee7: 100 ml<\/p>\n<p><strong>\u0110\u1eb6C T\u00cdNH D\u01af\u1ee2C L\u00dd S\u1ea2N PH\u1ea8M<\/strong><\/p>\n<p>Danofloxacin l\u00e0 kh\u00e1ng sinh s\u00e1t khu\u1ea9n ph\u1ee5 thu\u1ed9c v\u00e0o n\u1ed3ng \u0111\u1ed9 thu\u1ed9c nh\u00f3m fluoroquinolone. Kh\u00e1ng sinh c\u00f3 kh\u1ea3 n\u0103ng \u1ee9c ch\u1ebf enzyme DNA c\u1ee7a vi khu\u1ea9n, ho\u1ea1t \u0111\u1ed9ng ch\u1ed1ng l\u1ea1i nhi\u1ec1u vi khu\u1ea9n Gram (-), m\u1ed9t s\u1ed1 c\u00e1c vi khu\u1ea9n Gram (+) nh\u01b0: <em>Staphylococcus aureus<\/em>, <em>Staphylococcus intermedius<\/em>, <em>Streptococcus pyogenes, <\/em><em>Mannheimia haemolytica<\/em><em>, <\/em><em>Pasteurella multocida, Escherichia col\u0456, Haemophilus spp., Acti spp., Brucella spp., Salmonella spp., Bordetella pneumoniaseptica, Proteus vulgaris, Pseudomonas aeruginosa,\u2026<\/em>v\u00e0<em> Mycoplasmas.<\/em><\/p>\n<p>Danofloxacin h\u1ea5p thu nhanh sau khi ti\u00eam v\u00e0 c\u00f3 m\u1ee9c \u0111\u1ed9 ph\u00e2n b\u1ed1 cao trong c\u01a1 th\u1ec3 \u0111\u1ed9ng v\u1eadt.<\/p>\n<p><strong>C\u00d4NG D\u1ee4NG S\u1ea2N PH\u1ea8M<\/strong><\/p>\n<p>Tr\u00ean heo, tr\u00e2u, b\u00f2, d\u00ea, c\u1eebu: \u0111\u1eb7c tr\u1ecb vi\u00eam ph\u1ed5i, t\u1ee5 huy\u1ebft tr\u00f9ng, vi\u00eam ru\u1ed9t ti\u00eau ch\u1ea3y.<\/p>\n<p>Tr\u00ean g\u00e0, v\u1ecbt: \u0111\u1eb7c tr\u1ecb th\u01b0\u01a1ng h\u00e0n, t\u1ee5 huy\u1ebft tr\u00f9ng, b\u1ec7nh do <em>E.coli<\/em>, b\u1ec7nh h\u00f4 h\u1ea5p m\u00e3n t\u00ednh (CRD) v\u00e0 c\u00e1c tri\u1ec7u ch\u1ee9ng c\u1ee7a b\u1ec7nh CCRD.<\/p>\n<p><strong>CH\u1ed0NG CH\u1ec8 \u0110\u1ecaNH<\/strong><\/p>\n<p>Th\u00fa m\u1eabn c\u1ea3m v\u1edbi th\u00e0nh ph\u1ea7n c\u1ee7a thu\u1ed1c<\/p>\n<p><strong>s\u1eed d\u1ee5ng<\/strong><\/p>\n<p>Ti\u00eam s\u00e2u v\u00e0o b\u1eafp th\u1ecbt.<\/p>\n<p>Heo con: 1ml\/5-7kg th\u1ec3 tr\u1ecdng.<\/p>\n<p>Heo l\u1edbn, b\u00ea, d\u00ea, c\u1eebu: 1 ml\/10-15 kg th\u1ec3 tr\u1ecdng.<\/p>\n<p>Tr\u00e2u, b\u00f2: 1ml\/20kg th\u1ec3 tr\u1ecdng.<\/p>\n<p>G\u00e0, v\u1ecbt: 1ml\/4kg th\u1ec3 tr\u1ecdng.<\/p>\n<p>D\u00f9ng li\u00ean t\u1ee5c 3-5 ng\u00e0y.<\/p>\n<p><strong>Th\u1eddi gian ng\u01b0ng s\u1eed d\u1ee5ng thu\u1ed1c<\/strong><\/p>\n<p>Tr\u00e2u, b\u00f2, d\u00ea, c\u1eebu:<\/p>\n<p>L\u1ea5y th\u1ecbt: 5 ng\u00e0y tr\u01b0\u1edbc khi gi\u1ebft m\u1ed5.<\/p>\n<p>L\u1ea5y s\u1eefa: 4 l\u1ea7n v\u1eaft s\u1eefa.<\/p>\n<p>Heo, g\u00e0, v\u1ecbt: 3 ng\u00e0y tr\u01b0\u1edbc khi gi\u1ebft m\u1ed5.<\/p>\n<p><strong>B\u1ea2O QU\u1ea2N<\/strong><\/p>\n<p>N\u01a1i kh\u00f4 r\u00e1o, tho\u00e1ng m\u00e1t, nhi\u1ec7t \u0111\u1ed9 d\u01b0\u1edbi 30<sup>0<\/sup>C, tr\u00e1nh \u00e1nh n\u1eafng tr\u1ef1c ti\u1ebfp. Tr\u00e1nh xa t\u1ea7m tay tr\u1ebb em.<\/p>\n<p><strong>H\u1ea0N D\u00d9NG <\/strong><\/p>\n<p>24 th\u00e1ng k\u1ec3 t\u1eeb ng\u00e0y s\u1ea3n xu\u1ea5t.<\/p>\n<p><strong>\u0110\u00d3NG G\u00d3I<\/strong><\/p>\n<p>20ml, 100ml<\/p>\n<p><strong>S\u1ed1 \u0111\u0103ng k\u00fd: MBP-12<\/strong><\/p>\n","protected":false},"excerpt":{"rendered":"<p><strong>TH\u00c0NH PH\u1ea6N:<\/strong><\/p>\n<p>Danofloxacin,\u00a0Dung m\u00f4i v\u1eeba \u0111\u1ee7.<\/p>\n<p><strong>S\u1eec D\u1ee4NG:<\/strong><\/p>\n<p>Heo con: 1ml\/5 &#8211; 7 kg th\u1ec3 tr\u1ecdng.<br \/>\nHeo tr\u00ean 50kg, b\u00ea, c\u1eebu, d\u00ea:<br \/>\n1ml\/10 &#8211; 15 kg th\u1ec3 tr\u1ecdng.<br \/>\nTr\u00e2u, b\u00f2: 1ml\/20kg th\u1ec3 tr\u1ecdng<br \/>\nG\u00e0, v\u1ecbt: 1ml\/4kg th\u1ec3 tr\u1ecdng.<\/p>\n","protected":false},"featured_media":10547,"comment_status":"closed","ping_status":"closed","template":"","meta":[],"product_brand":[],"product_cat":[62],"product_tag":[],"class_list":{"0":"post-4400","1":"product","2":"type-product","3":"status-publish","4":"has-post-thumbnail","6":"product_cat-thuoc-thu-y","8":"first","9":"instock","10":"shipping-taxable","11":"purchasable","12":"product-type-variable"},"_links":{"self":[{"href":"https:\/\/mebipha.com\/online\/wp-json\/wp\/v2\/product\/4400","targetHints":{"allow":["GET"]}}],"collection":[{"href":"https:\/\/mebipha.com\/online\/wp-json\/wp\/v2\/product"}],"about":[{"href":"https:\/\/mebipha.com\/online\/wp-json\/wp\/v2\/types\/product"}],"replies":[{"embeddable":true,"href":"https:\/\/mebipha.com\/online\/wp-json\/wp\/v2\/comments?post=4400"}],"wp:featuredmedia":[{"embeddable":true,"href":"https:\/\/mebipha.com\/online\/wp-json\/wp\/v2\/media\/10547"}],"wp:attachment":[{"href":"https:\/\/mebipha.com\/online\/wp-json\/wp\/v2\/media?parent=4400"}],"wp:term":[{"taxonomy":"product_brand","embeddable":true,"href":"https:\/\/mebipha.com\/online\/wp-json\/wp\/v2\/product_brand?post=4400"},{"taxonomy":"product_cat","embeddable":true,"href":"https:\/\/mebipha.com\/online\/wp-json\/wp\/v2\/product_cat?post=4400"},{"taxonomy":"product_tag","embeddable":true,"href":"https:\/\/mebipha.com\/online\/wp-json\/wp\/v2\/product_tag?post=4400"}],"curies":[{"name":"wp","href":"https:\/\/api.w.org\/{rel}","templated":true}]}}