{"id":4342,"date":"2019-02-18T11:31:51","date_gmt":"2019-02-18T04:31:51","guid":{"rendered":"https:\/\/mebipha.com\/?post_type=product&#038;p=4342"},"modified":"2025-12-29T14:31:23","modified_gmt":"2025-12-29T07:31:23","slug":"bromhexine-oral","status":"publish","type":"product","link":"https:\/\/mebipha.com\/online\/bromhexine-oral\/","title":{"rendered":"BROMHEXINE ORAL"},"content":{"rendered":"<p><strong>TH\u00d4NG KH\u00cd QU\u1ea2N, LONG \u0110\u1edcM, S\u00c1T TR\u00d9NG \u0110\u01af\u1edcNG H\u00d4 H\u1ea4P<\/strong><\/p>\n<p><strong>Dung d\u1ecbch u\u1ed1ng<\/strong><\/p>\n<p><strong>C\u00d4NG TH\u1ee8C<\/strong><\/p>\n<p>Bromhexine HCl: 10.000 mg<\/p>\n<p>Dung m\u00f4i c\u00f3 ch\u1ee9a tinh d\u1ea7u khuynh di\u1ec7p (Eucalyptol) v\u00e0 t\u00e1 d\u01b0\u1ee3c v\u1eeba \u0111\u1ee7: 1 l\u00edt<\/p>\n<p><strong>\u0110\u1eb6C T\u00cdNH D\u01af\u1ee2C L\u00dd S\u1ea2N PH\u1ea8M<\/strong><\/p>\n<p><strong>Bromhexine<\/strong> t\u0103ng c\u01b0\u1eddng vi\u1ec7c v\u1eadn chuy\u1ec3n ch\u1ea5t nh\u1ea7y b\u1eb1ng c\u00e1ch gi\u1ea3m thi\u1ec3u \u0111\u1ed9 nh\u1ea7y d\u00ednh c\u1ee7a ch\u1ea5t nh\u1ea7y v\u00e0 k\u00edch ho\u1ea1t bi\u1ec3u m\u00f4 c\u00f3 l\u00f4ng chuy\u1ec3n. Bromhexine l\u00e0m th\u1ee7y ph\u00e2n c\u00e1c mucoprotein d\u1eabn \u0111\u1ebfn kh\u1eed c\u00e1c c\u1ef1c mucopolysaccharide, c\u1eaft \u0111\u1ee9t c\u00e1c s\u1ee3i cao ph\u00e2n t\u1eed n\u00e0y, l\u00e0m \u0111i\u1ec1u bi\u1ebfn ho\u1ea1t t\u00ednh c\u1ee7a c\u00e1c t\u1ebf b\u00e0o ti\u1ebft ch\u1ea5t nh\u00e0y. K\u1ebft qu\u1ea3 l\u00e0 thay \u0111\u1ed5i c\u1ea5u tr\u00fac ch\u1ea5t nh\u00e0y, gi\u1ea3m \u0111\u1ed9 nh\u00e0y nh\u1edbt. Bromhexine c\u00f2n l\u00e0m gia t\u0103ng s\u1ef1 t\u1eadp trung c\u1ee7a c\u00e1c kh\u00e1ng sinh tr\u00ean \u0111\u01b0\u1eddng h\u00f4 h\u1ea5p.<\/p>\n<p>Ngo\u00e0i ra, <strong>BROMHEXINE ORAL<\/strong> c\u00f3 ch\u1ee9a tinh d\u1ea7u khuynh di\u1ec7p (Eucalyptol) gi\u00fap gia t\u0103ng hi\u1ec7u qu\u1ea3 \u0111i\u1ec1u tr\u1ecb c\u00e1c b\u1ec7nh h\u00f4 h\u1ea5p tr\u00ean gia s\u00fac, gia c\u1ea7m.<\/p>\n<p><strong>C\u00d4NG D\u1ee4NG S\u1ea2N PH\u1ea8M<\/strong><\/p>\n<p>Gi\u1ea3m ho, long \u0111\u1eddm, gi\u00e3n ph\u1ebf qu\u1ea3n, gi\u00fap gia s\u00fac, gia c\u1ea7m d\u1ec5 th\u1edf trong c\u00e1c b\u1ec7nh \u0111\u01b0\u1eddng h\u00f4 h\u1ea5p nh\u01b0 vi\u00eam ph\u1ed5i, vi\u00eam ph\u1ebf qu\u1ea3n, b\u1ec7nh h\u00f4 h\u1ea5p m\u00e3n t\u00ednh (CRD),\u2026<\/p>\n<p>S\u00e1t tr\u00f9ng \u0111\u01b0\u1eddng h\u00f4 h\u1ea5p, h\u1ea1n ch\u1ebf nhi\u1ec5m khu\u1ea9n v\u00e0 t\u0103ng c\u01b0\u1eddng h\u1ec7 mi\u1ec5n d\u1ecbch \u0111\u01b0\u1eddng h\u00f4 h\u1ea5p cho gia s\u00fac, gia c\u1ea7m.<\/p>\n<p>S\u1ea3n ph\u1ea9m \u0111\u01b0\u1ee3c s\u1eed d\u1ee5ng k\u1ebft h\u1ee3p v\u1edbi kh\u00e1ng sinh gi\u00fap t\u0103ng t\u1ed1i \u0111a hi\u1ec7u qu\u1ea3 \u0111i\u1ec1u tr\u1ecb c\u00e1c b\u1ec7nh nhi\u1ec5m tr\u00f9ng h\u00f4 h\u1ea5p.<\/p>\n<p><strong>CH\u1ed0NG CH\u1ec8 \u0110\u1ecaNH <\/strong><\/p>\n<p>Kh\u00f4ng d\u00f9ng cho th\u00fa m\u1eabn c\u1ea3m v\u1edbi bromhexine.<\/p>\n<p><strong>S\u1eec D\u1ee4NG<\/strong><\/p>\n<p>Cho u\u1ed1ng tr\u1ef1c ti\u1ebfp ho\u1eb7c pha v\u00e0o n\u01b0\u1edbc u\u1ed1ng.<\/p>\n<p>H\u1ed7 tr\u1ee3 \u0111i\u1ec1u tr\u1ecb b\u1ec7nh:<\/p>\n<p><strong>Heo, tr\u00e2u, b\u00f2<\/strong>: 1ml\/15kg th\u1ec3 tr\u1ecdng ho\u1eb7c 1ml\/1 l\u00edt n\u01b0\u1edbc u\u1ed1ng, d\u00f9ng li\u00ean t\u1ee5c 2-3 ng\u00e0y.<\/p>\n<p><strong>Gia c\u1ea7m, g\u00e0 ch\u1ecdi, g\u00e0 \u0111\u00e1, chim c\u1ea3nh<\/strong>: 1ml\/8-10kg th\u1ec3 tr\u1ecdng ho\u1eb7c 1ml\/ 1 l\u00edt n\u01b0\u1edbc u\u1ed1ng, d\u00f9ng li\u00ean t\u1ee5c 2-3 ng\u00e0y.<\/p>\n<p><strong>Th\u1eddi gian ng\u01b0ng s\u1eed d\u1ee5ng thu\u1ed1c:<\/strong><\/p>\n<p>Th\u00fa l\u1ea5y th\u1ecbt: 4 ng\u00e0y tr\u01b0\u1edbc khi gi\u1ebft m\u1ed5.<\/p>\n<p><strong>B\u1ea2O QU\u1ea2N<\/strong><\/p>\n<p>N\u01a1i kh\u00f4 r\u00e1o, tho\u00e1ng m\u00e1t, nhi\u1ec7t \u0111\u1ed9 d\u01b0\u1edbi 30<sup>0<\/sup>C, tr\u00e1nh \u00e1nh n\u1eafng tr\u1ef1c ti\u1ebfp. Tr\u00e1nh xa t\u1ea7m tay tr\u1ebb em.<\/p>\n<p><strong>H\u1ea0N D\u00d9NG <\/strong><\/p>\n<p>24 th\u00e1ng k\u1ec3 t\u1eeb ng\u00e0y s\u1ea3n xu\u1ea5t.<\/p>\n<p><strong>\u0110\u00d3NG G\u00d3I<\/strong><\/p>\n<p>500ml, 1 l\u00edt<\/p>\n<p><strong>S\u1ed1 \u0111\u0103ng k\u00fd: MBP-102<\/strong><\/p>\n","protected":false},"excerpt":{"rendered":"<p><strong>TH\u00d4NG KH\u00cd QU\u1ea2N, LONG \u0110\u1edcM, S\u00c1T TR\u00d9NG \u0110\u01af\u1edcNG H\u00d4 H\u1ea4P<\/strong><\/p>\n<p><strong>C\u00d4NG TH\u1ee8C<\/strong><\/p>\n<p>Bromhexine HCl: 10.000 mg<\/p>\n<p>Dung m\u00f4i c\u00f3 ch\u1ee9a tinh d\u1ea7u khuynh di\u1ec7p (Eucalyptol) v\u00e0 t\u00e1 d\u01b0\u1ee3c v\u1eeba \u0111\u1ee7: 1 l\u00edt<\/p>\n<p><strong>C\u00d4NG D\u1ee4NG S\u1ea2N PH\u1ea8M<\/strong><\/p>\n<p>Gi\u1ea3m ho, long \u0111\u1eddm, gi\u00e3n ph\u1ebf qu\u1ea3n, gi\u00fap gia s\u00fac, gia c\u1ea7m d\u1ec5 th\u1edf trong c\u00e1c b\u1ec7nh \u0111\u01b0\u1eddng h\u00f4 h\u1ea5p nh\u01b0 vi\u00eam ph\u1ed5i, vi\u00eam ph\u1ebf qu\u1ea3n, b\u1ec7nh h\u00f4 h\u1ea5p m\u00e3n t\u00ednh (CRD),\u2026<\/p>\n<p>S\u00e1t tr\u00f9ng \u0111\u01b0\u1eddng h\u00f4 h\u1ea5p, h\u1ea1n ch\u1ebf nhi\u1ec5m khu\u1ea9n v\u00e0 t\u0103ng c\u01b0\u1eddng h\u1ec7 mi\u1ec5n d\u1ecbch \u0111\u01b0\u1eddng h\u00f4 h\u1ea5p cho gia s\u00fac, gia c\u1ea7m.<\/p>\n<p>S\u1ea3n ph\u1ea9m \u0111\u01b0\u1ee3c s\u1eed d\u1ee5ng k\u1ebft h\u1ee3p v\u1edbi kh\u00e1ng sinh gi\u00fap t\u0103ng t\u1ed1i \u0111a hi\u1ec7u qu\u1ea3 \u0111i\u1ec1u tr\u1ecb c\u00e1c b\u1ec7nh nhi\u1ec5m tr\u00f9ng h\u00f4 h\u1ea5p.<\/p>\n","protected":false},"featured_media":9646,"comment_status":"closed","ping_status":"closed","template":"","meta":[],"product_brand":[],"product_cat":[62,142],"product_tag":[],"class_list":{"0":"post-4342","1":"product","2":"type-product","3":"status-publish","4":"has-post-thumbnail","6":"product_cat-thuoc-thu-y","7":"product_cat-danh-muc-san-pham-gia-cam","9":"first","10":"instock","11":"shipping-taxable","12":"purchasable","13":"product-type-variable","14":"has-default-attributes"},"_links":{"self":[{"href":"https:\/\/mebipha.com\/online\/wp-json\/wp\/v2\/product\/4342","targetHints":{"allow":["GET"]}}],"collection":[{"href":"https:\/\/mebipha.com\/online\/wp-json\/wp\/v2\/product"}],"about":[{"href":"https:\/\/mebipha.com\/online\/wp-json\/wp\/v2\/types\/product"}],"replies":[{"embeddable":true,"href":"https:\/\/mebipha.com\/online\/wp-json\/wp\/v2\/comments?post=4342"}],"wp:featuredmedia":[{"embeddable":true,"href":"https:\/\/mebipha.com\/online\/wp-json\/wp\/v2\/media\/9646"}],"wp:attachment":[{"href":"https:\/\/mebipha.com\/online\/wp-json\/wp\/v2\/media?parent=4342"}],"wp:term":[{"taxonomy":"product_brand","embeddable":true,"href":"https:\/\/mebipha.com\/online\/wp-json\/wp\/v2\/product_brand?post=4342"},{"taxonomy":"product_cat","embeddable":true,"href":"https:\/\/mebipha.com\/online\/wp-json\/wp\/v2\/product_cat?post=4342"},{"taxonomy":"product_tag","embeddable":true,"href":"https:\/\/mebipha.com\/online\/wp-json\/wp\/v2\/product_tag?post=4342"}],"curies":[{"name":"wp","href":"https:\/\/api.w.org\/{rel}","templated":true}]}}