{"id":4338,"date":"2019-02-18T11:24:51","date_gmt":"2019-02-18T04:24:51","guid":{"rendered":"https:\/\/mebipha.com\/?post_type=product&#038;p=4338"},"modified":"2025-12-29T13:39:37","modified_gmt":"2025-12-29T06:39:37","slug":"bromhexine-inj","status":"publish","type":"product","link":"https:\/\/mebipha.com\/online\/bromhexine-inj\/","title":{"rendered":"Bromhexine INJ"},"content":{"rendered":"<p><strong>GI\u1ea2M HO-LONG \u0110\u1edcM-KH\u00c1NG VI\u00caM<\/strong><\/p>\n<p><strong>D\u00d9NG K\u1ebeT H\u1ee2P KH\u00c1NG SINH H\u1ed6 TR\u1ee2 \u0110I\u1ec0U TR\u1eca C\u00c1C B\u1ec6NH H\u00d4 H\u1ea4P<\/strong><\/p>\n<p><strong>Dung d\u1ecbch ti\u00eam<\/strong><\/p>\n<p><strong>C\u00d4NG TH\u1ee8C<\/strong><\/p>\n<p>Bromhexine hydrochloride: 600 mg<\/p>\n<p>Dung m\u00f4i v\u1eeba \u0111\u1ee7: 100ml<\/p>\n<p><strong>\u0110\u1eb6C T\u00cdNH \u0110\u01af\u1ee2C L\u00dd S\u1ea2N PH\u1ea8M<\/strong><\/p>\n<p>Bromhexine l\u00e0 m\u1ed9t ch\u1ea5t kh\u00e1ng vi\u00eam l\u00e0m th\u1ee7y ph\u00e2n c\u00e1c mucoprotein d\u1eabn \u0111\u1ebfn kh\u1eed c\u00e1c c\u1ef1c mucopolysaccharide, c\u1eaft \u0111\u1ee9t c\u00e1c s\u1ee3i cao ph\u00e2n t\u1eed n\u00e0y, l\u00e0m bi\u1ebfn ho\u1ea1t t\u00ednh c\u1ee7a c\u00e1c t\u1ebf b\u00e0o ti\u1ebft ch\u1ea5t nh\u00e0y, thay \u0111\u1ed5i c\u1ea5u tr\u00fac ch\u1ea5t nh\u00e0y, gi\u1ea3m \u0111\u1ed9 nh\u1ea7y nh\u1edbt.<\/p>\n<p>Bromhexine l\u00e0m gi\u1ea3m ph\u00e2n ti\u1ebft d\u1ecbch nh\u1ea7y b\u1eb1ng c\u00e1ch \u0111i\u1ec1u h\u00f2a ho\u1ea1t \u0111\u1ed9ng c\u1ee7a t\u1ebf b\u00e0o h\u00ecnh ly, \u0111\u1ed3ng th\u1eddi gi\u00fap c\u00e1c l\u00f4ng rung \u1edf ni\u00eam m\u1ea1c \u0111\u01b0\u1eddng h\u00f4 h\u1ea5p ho\u1ea1t \u0111\u1ed9ng \u0111\u1ea9y d\u1ecbch nh\u00e0y ra ngo\u00e0i.<\/p>\n<p>Ngo\u00e0i ra, Bromhexine c\u00f2n l\u00e0m gia t\u0103ng s\u1ef1 t\u1eadp trung c\u1ee7a c\u00e1c kh\u00e1ng sinh tr\u00ean \u0111\u01b0\u1eddng h\u00f4 h\u1ea5p.<\/p>\n<p><strong>C\u00d4NG D\u1ee4NG S\u1ea2N PH\u1ea8M<\/strong><\/p>\n<p><strong>D\u00f9ng cho heo, tr\u00e2u, b\u00f2, gia c\u1ea7m:<\/strong><\/p>\n<p>Gi\u1ea3m ho, long \u0111\u1eddm, gi\u00e3n ph\u1ebf qu\u1ea3n, th\u00f4ng kh\u00ed qu\u1ea3n, gi\u00fap th\u00fa d\u1ec5 th\u1edf.<\/p>\n<p>Kh\u00e1ng vi\u00eam. D\u00f9ng k\u1ebft h\u1ee3p kh\u00e1ng sinh \u0111\u1ec3 t\u0103ng hi\u1ec7u qu\u1ea3 \u0111i\u1ec1u tr\u1ecb trong c\u00e1c b\u1ec7nh vi\u00eam ph\u1ed5i, CRD,\u2026<\/p>\n<p><strong>CH\u1ed0NG CH\u1ec8 \u0110\u1ecaNH<\/strong><\/p>\n<p>Th\u00fa nh\u1ea1y c\u1ea3m v\u1edbi thu\u1ed1c.<\/p>\n<p>Kh\u00f4ng s\u1eed d\u1ee5ng cho th\u00fa mang thai.<\/p>\n<p><strong>S\u1eec D\u1ee4NG<\/strong><\/p>\n<p>Ti\u00eam s\u00e2u v\u00e0o b\u1eafp th\u1ecbt.<\/p>\n<p>Heo con:\u00a01ml\/10kg th\u1ec3 tr\u1ecdng\/ng\u00e0y.<\/p>\n<p>Heo l\u1edbn: 1ml\/15kg th\u1ec3 tr\u1ecdng\/ng\u00e0y.<\/p>\n<p>Tr\u00e2u b\u00f2: 1ml\/25kg\u00a0th\u1ec3 tr\u1ecdng\/ng\u00e0y.<\/p>\n<p>Gia c\u1ea7m: 1ml\/5kg\u00a0th\u1ec3 tr\u1ecdng\/ng\u00e0y.<\/p>\n<p>D\u00f9ng li\u00ean t\u1ee5c 2-3 ng\u00e0y.<\/p>\n<p><strong>Th\u1eddi gian ng\u01b0ng s\u1eed d\u1ee5ng thu\u1ed1c<\/strong><\/p>\n<p>Th\u00fa l\u1ea5y th\u1ecbt: 7 ng\u00e0y tr\u01b0\u1edbc khi gi\u1ebft m\u1ed5<\/p>\n<p>Th\u00fa l\u1ea5y s\u1eefa: 4 l\u1ea7n v\u1eaft s\u1eefa.<\/p>\n<p><strong>B\u1ea2O QU\u1ea2N<\/strong><\/p>\n<p>N\u01a1i kh\u00f4 r\u00e1o, tho\u00e1ng m\u00e1t, nhi\u1ec7t \u0111\u1ed9 d\u01b0\u1edbi 30<sup>0<\/sup>C, tr\u00e1nh \u00e1nh n\u1eafng tr\u1ef1c ti\u1ebfp. Tr\u00e1nh xa t\u1ea7m tay tr\u1ebb em.<\/p>\n<p><strong>H\u1ea0N D\u00d9NG <\/strong><\/p>\n<p>24 th\u00e1ng k\u1ec3 t\u1eeb ng\u00e0y s\u1ea3n xu\u1ea5t.<\/p>\n<p><strong>\u0110\u00d3NG G\u00d3I<\/strong><\/p>\n<p>20ml, 100ml, 250ml<\/p>\n<p><strong>S\u1ed1 \u0111\u0103ng k\u00fd: MBP-53<\/strong><\/p>\n","protected":false},"excerpt":{"rendered":"<p><strong>TH\u00c0NH PH\u1ea6N:<\/strong><\/p>\n<p>Bromhexine hydrochloride: 600mg<br \/>\nDung m\u00f4i v\u1eeba \u0111\u1ee7 : 100ml<\/p>\n<p><strong>S\u1eec D\u1ee4NG:<\/strong><\/p>\n<p>Heo con: 1ml\/10kg th\u1ec3 tr\u1ecdng\/ng\u00e0y.<br \/>\nHeo l\u1edbn: 1ml\/15kg th\u1ec3 tr\u1ecdng\/ng\u00e0y<br \/>\nTr\u00e2u, b\u00f2: 1ml\/25kg th\u1ec3 tr\u1ecdng\/ng\u00e0y.<br \/>\nGia c\u1ea7m: 1ml\/5kg th\u1ec3 tr\u1ecdng\/ng\u00e0y.<br \/>\nD\u00f9ng li\u00ean t\u1ee5c 2-3 ng\u00e0y.<\/p>\n","protected":false},"featured_media":10539,"comment_status":"closed","ping_status":"closed","template":"","meta":[],"product_brand":[],"product_cat":[62],"product_tag":[],"class_list":{"0":"post-4338","1":"product","2":"type-product","3":"status-publish","4":"has-post-thumbnail","6":"product_cat-thuoc-thu-y","8":"first","9":"instock","10":"shipping-taxable","11":"purchasable","12":"product-type-variable","13":"has-default-attributes"},"_links":{"self":[{"href":"https:\/\/mebipha.com\/online\/wp-json\/wp\/v2\/product\/4338","targetHints":{"allow":["GET"]}}],"collection":[{"href":"https:\/\/mebipha.com\/online\/wp-json\/wp\/v2\/product"}],"about":[{"href":"https:\/\/mebipha.com\/online\/wp-json\/wp\/v2\/types\/product"}],"replies":[{"embeddable":true,"href":"https:\/\/mebipha.com\/online\/wp-json\/wp\/v2\/comments?post=4338"}],"wp:featuredmedia":[{"embeddable":true,"href":"https:\/\/mebipha.com\/online\/wp-json\/wp\/v2\/media\/10539"}],"wp:attachment":[{"href":"https:\/\/mebipha.com\/online\/wp-json\/wp\/v2\/media?parent=4338"}],"wp:term":[{"taxonomy":"product_brand","embeddable":true,"href":"https:\/\/mebipha.com\/online\/wp-json\/wp\/v2\/product_brand?post=4338"},{"taxonomy":"product_cat","embeddable":true,"href":"https:\/\/mebipha.com\/online\/wp-json\/wp\/v2\/product_cat?post=4338"},{"taxonomy":"product_tag","embeddable":true,"href":"https:\/\/mebipha.com\/online\/wp-json\/wp\/v2\/product_tag?post=4338"}],"curies":[{"name":"wp","href":"https:\/\/api.w.org\/{rel}","templated":true}]}}