{"id":4327,"date":"2019-02-18T10:49:21","date_gmt":"2019-02-18T03:49:21","guid":{"rendered":"https:\/\/mebipha.com\/?post_type=product&#038;p=4327"},"modified":"2025-12-29T10:24:03","modified_gmt":"2025-12-29T03:24:03","slug":"atp-calcium-inj","status":"publish","type":"product","link":"https:\/\/mebipha.com\/online\/atp-calcium-inj\/","title":{"rendered":"ATP CALCIUM INJ"},"content":{"rendered":"<p><strong>B\u1ed4 SUNG CALCIUM, H\u1ed6 TR\u1ee2 \u0110I\u1ec0U TR\u1eca B\u1ea0I LI\u1ec6T TR\u00caN HEO N\u00c1I<\/strong><\/p>\n<p><strong>Dung d\u1ecbch ti\u00eam<\/strong><\/p>\n<p><strong>C\u00f4ng th\u1ee9c<\/strong><\/p>\n<p>Calcium Gluconate: 35 g<\/p>\n<p>Calcium Glucoheptonate: 10<\/p>\n<p>Dung m\u00f4i v\u1eeba \u0111\u1ee7: 100ml<\/p>\n<p><strong>\u0110\u1eb6C \u0110I\u1ec2M S\u1ea2N PH\u1ea8M<\/strong><\/p>\n<p><strong>ATP-CALCIUM INJ<\/strong> l\u00e0 dung d\u1ecbch \u0111\u1eadm \u0111\u1eb7c ch\u1ee9a Calcium gluconate v\u00e0 Calcium glucoheptonate cung c\u1ea5p cho c\u01a1 th\u1ec3 c\u00e1c mu\u1ed1i canxi c\u00f3 th\u1ec3 chuy\u1ec3n h\u00f3a tr\u1ef1c ti\u1ebfp.\u00a0D\u00f9ng \u0111\u01b0\u1eddng ti\u00eam cho ph\u00e9p t\u0103ng nhanh n\u1ed3ng \u0111\u1ed9 trong huy\u1ebft t\u01b0\u01a1ng c\u1ee7a c\u00e1c ion n\u00e0y \u0111\u1ec3 c\u00e2n b\u1eb1ng h\u00e0m l\u01b0\u1ee3ng calci trong m\u00e1u.<\/p>\n<p>Calci c\u1ea7n thi\u1ebft \u0111\u1ec3 duy tr\u00ec b\u1ea3o to\u00e0n ch\u1ee9c n\u0103ng ho\u1ea1t \u0111\u1ed9ng c\u1ee7a c\u00e1c h\u1ec7 th\u1ed1ng th\u1ea7n kinh, c\u01a1, x\u01b0\u01a1ng. Calci th\u1ea5m qua m\u00e0ng t\u1ebf b\u00e0o v\u00e0 mao m\u1ea1ch, g\u00f3p ph\u1ea7n ho\u00e0n thi\u1ec7n c\u00e1c h\u1ec7 th\u1ed1ng c\u01a1 quan trong c\u01a1 th\u1ec3. <strong>Calcium Glucoheptonate <\/strong>l\u00e0 m\u1ed9t calci h\u1eefu c\u01a1 quan tr\u1ecdng trong d\u1ecbch n\u1ed9i b\u00e0o v\u00e0 ngo\u1ea1i b\u00e0o, r\u1ea5t c\u1ea7n thi\u1ebft cho s\u1ef1 \u0111\u00f4ng m\u00e1u, duy tr\u00ec nh\u1ecbp tim b\u00ecnh th\u01b0\u1eddng v\u00e0 c\u00e1c ho\u1ea1t \u0111\u1ed9ng trao \u0111\u1ed5i ch\u1ea5t.<\/p>\n<p><strong>ATP-CALCIUM INJ<\/strong> l\u00e0 1 gi\u1ea3i ph\u00e1p c\u00e2n b\u1eb1ng t\u1ed1t \u0111\u1ec3 b\u1ed5 sung calci cho gia s\u00fac.<\/p>\n<p><strong>C\u00d4NG D\u1ee4NG S\u1ea2N PH\u1ea8M<\/strong><\/p>\n<p>H\u1ed7 tr\u1ee3 \u0111i\u1ec1u tr\u1ecb c\u00e1c b\u1ec7nh thi\u1ebfu calci tr\u00ean tr\u00e2u, b\u00f2, heo, d\u00ea, c\u1eebu:<\/p>\n<p>B\u1ea1i li\u1ec7t sau khi sinh, c\u00f2i x\u01b0\u01a1ng, co gi\u1eadt tr\u00ean th\u00fa non.<\/p>\n<p>B\u1ea3o v\u1ec7 m\u1ea1ch m\u00e1u, ch\u1ed1ng xu\u1ea5t huy\u1ebft, ph\u00f9 th\u1ee7ng.<\/p>\n<p>C\u00e2n b\u1eb1ng h\u00e0m l\u01b0\u1ee3ng calci trong m\u00e1u.<\/p>\n<p><strong>Ch\u1ed1ng ch\u1ec9 \u0111\u1ecbnh<\/strong><\/p>\n<p>Kh\u00f4ng s\u1eed d\u1ee5ng cho th\u00fa c\u00f3 v\u1ea5n \u0111\u1ec1 v\u1ec1 tim.<\/p>\n<p><strong>Li\u1ec1u l\u01b0\u1ee3ng &amp; H\u01b0\u1edbng d\u1eabn s\u1eed d\u1ee5ng<\/strong><\/p>\n<p>Ti\u00eam s\u00e2u v\u00e0o b\u1eafp th\u1ecbt, pha v\u1edbi d\u1ecbch truy\u1ec1n glucose \u0111\u1ec3 truy\u1ec1n t\u0129nh m\u1ea1ch ho\u1eb7c ch\u00edch xoang b\u1ee5ng.<\/p>\n<p><strong>Heo con:<\/strong> 1ml\/10kg th\u1ec3 tr\u1ecdng\/ ng\u00e0y<\/p>\n<p><strong>Heo tr\u00ean 50kg: <\/strong>1ml\/15kg th\u1ec3 tr\u1ecdng\/ ng\u00e0y.<\/p>\n<p><strong>Heo n\u00e1i:<\/strong>1ml\/20kg th\u1ec3 tr\u1ecdng tr\u01b0\u1edbc khi \u0111\u1ebb 3\u20135 ng\u00e0y.<\/p>\n<p><strong>Heo n\u1ecdc:<\/strong> 1ml\/15kg th\u1ec3 tr\u1ecdng\/ ng\u00e0y.<\/p>\n<p><strong>B\u00ea, c\u1eebu, d\u00ea:<\/strong> 1ml\/15- 20kg th\u1ec3 tr\u1ecdng\/ ng\u00e0y.<\/p>\n<p><strong>Tr\u00e2u, b\u00f2:<\/strong> 1ml\/20 &#8211; 30kg th\u1ec3 tr\u1ecdng\/ ng\u00e0y.<\/p>\n<p>D\u00f9ng li\u00ean t\u1ee5c 3- 5 ng\u00e0y<\/p>\n<p><strong>Kh\u00f4ng c\u1ea7n th\u1eddi gian ng\u01b0ng thu\u1ed1c<\/strong><\/p>\n<p><strong>H\u1ea0N S\u1eec D\u1ee4NG S\u1ea2N PH\u1ea8M<\/strong><\/p>\n<p>24 th\u00e1ng k\u1ec3 t\u1eeb ng\u00e0y s\u1ea3n xu\u1ea5t.<\/p>\n<p><strong>B\u1ea2O QU\u1ea2N<\/strong><\/p>\n<p>N\u01a1i kh\u00f4 r\u00e1o, tho\u00e1ng m\u00e1t, nhi\u1ec7t \u0111\u1ed9 d\u01b0\u1edbi 30<sup>0<\/sup>C, tr\u00e1nh \u00e1nh n\u1eafng tr\u1ef1c ti\u1ebfp. Tr\u00e1nh xa t\u1ea7m tay tr\u1ebb em.<\/p>\n<p><strong>\u0110\u00d3NG G\u00d3I<\/strong><\/p>\n<p>20ml, 100ml<\/p>\n<p><strong>S\u1ed1 \u0111\u0103ng k\u00fd: MBP-24<\/strong><\/p>\n<p><strong>\u00a0<\/strong><\/p>\n<p>&nbsp;<\/p>\n<p>&nbsp;<\/p>\n<p>&nbsp;<\/p>\n","protected":false},"excerpt":{"rendered":"<p><strong>TH\u00c0NH PH\u1ea6N:<\/strong><\/p>\n<p>Calcium Gluconate,\u00a0Calcium Glucoheptonate,\u00a0Dung m\u00f4i v\u1eeba \u0111\u1ee7<\/p>\n<p><strong>S\u1eec D\u1ee4NG:<\/strong><\/p>\n<p>Ti\u00eam s\u00e2u b\u1eafp th\u1ecbt ho\u1eb7c pha v\u1edbi d\u1ecbch truy\u1ec1n Glucose ti\u00eam xoang b\u1ee5ng.<br \/>\nHeo con: 1ml\/10kg th\u1ec3 tr\u1ecdng\/ng\u00e0y. Heo tr\u00ean 50kg: 1ml\/15kg th\u1ec3 tr\u1ecdng\/ng\u00e0y.<br \/>\nHeo n\u00e1i: 1ml\/20kg th\u1ec3 tr\u1ecdng tr\u01b0\u1edbc khi \u0111\u1ebb 3-5 ng\u00e0y.<br \/>\nHeo n\u1ecdc: 1ml\/15kg th\u1ec3 tr\u1ecdng\/ng\u00e0y.<br \/>\nB\u00ea, d\u00ea, c\u1eebu: 1ml\/15-20kg th\u1ec3 tr\u1ecdng\/ng\u00e0y.<br \/>\nTr\u00e2u, b\u00f2: 1ml\/20-30kg th\u1ec3 tr\u1ecdng\/ng\u00e0y<\/p>\n<p>D\u00f9ng li\u00ean t\u1ee5c 3-5 ng\u00e0y.<\/p>\n","protected":false},"featured_media":9869,"comment_status":"closed","ping_status":"closed","template":"","meta":[],"product_brand":[],"product_cat":[62],"product_tag":[],"class_list":{"0":"post-4327","1":"product","2":"type-product","3":"status-publish","4":"has-post-thumbnail","6":"product_cat-thuoc-thu-y","8":"first","9":"instock","10":"shipping-taxable","11":"purchasable","12":"product-type-variable","13":"has-default-attributes"},"_links":{"self":[{"href":"https:\/\/mebipha.com\/online\/wp-json\/wp\/v2\/product\/4327","targetHints":{"allow":["GET"]}}],"collection":[{"href":"https:\/\/mebipha.com\/online\/wp-json\/wp\/v2\/product"}],"about":[{"href":"https:\/\/mebipha.com\/online\/wp-json\/wp\/v2\/types\/product"}],"replies":[{"embeddable":true,"href":"https:\/\/mebipha.com\/online\/wp-json\/wp\/v2\/comments?post=4327"}],"wp:featuredmedia":[{"embeddable":true,"href":"https:\/\/mebipha.com\/online\/wp-json\/wp\/v2\/media\/9869"}],"wp:attachment":[{"href":"https:\/\/mebipha.com\/online\/wp-json\/wp\/v2\/media?parent=4327"}],"wp:term":[{"taxonomy":"product_brand","embeddable":true,"href":"https:\/\/mebipha.com\/online\/wp-json\/wp\/v2\/product_brand?post=4327"},{"taxonomy":"product_cat","embeddable":true,"href":"https:\/\/mebipha.com\/online\/wp-json\/wp\/v2\/product_cat?post=4327"},{"taxonomy":"product_tag","embeddable":true,"href":"https:\/\/mebipha.com\/online\/wp-json\/wp\/v2\/product_tag?post=4327"}],"curies":[{"name":"wp","href":"https:\/\/api.w.org\/{rel}","templated":true}]}}