{"id":4315,"date":"2019-02-18T09:42:14","date_gmt":"2019-02-18T02:42:14","guid":{"rendered":"https:\/\/mebipha.com\/?post_type=product&#038;p=4315"},"modified":"2025-12-29T10:24:37","modified_gmt":"2025-12-29T03:24:37","slug":"ade-bc-inj","status":"publish","type":"product","link":"https:\/\/mebipha.com\/online\/ade-bc-inj\/","title":{"rendered":"ADE BC INJ"},"content":{"rendered":"<p><strong>C\u00f4ng th\u1ee9c\u00a0\u00a0\u00a0\u00a0\u00a0\u00a0\u00a0\u00a0\u00a0 <\/strong><\/p>\n<p>Vitamin A: 1.000.000 UI<\/p>\n<p>Vitamin D<sub>3<\/sub>: 250.000 UI<\/p>\n<p>Vitamin E: 500.000UI<\/p>\n<p>Vitamin C: 2.500 mg<\/p>\n<p>Vitamin\u00a0 B<sub>1<\/sub>: 500 mg<\/p>\n<p>Vitamin\u00a0 B<sub>6<\/sub>: 500 mg<\/p>\n<p>Nicotinamide: 1.000 mg<\/p>\n<p>T\u00e1 d\u01b0\u1ee3c c\u00f3 ch\u1ee9a ATP, Butaphosphan v\u00e0 dung m\u00f4i v\u1eeba \u0111\u1ee7: 100ml<\/p>\n<p><strong>\u0111\u1eb7c \u0111i\u1ec3m s\u1ea3n ph\u1ea9m<\/strong><\/p>\n<p><strong>ADE BC INJ <\/strong>ch\u1ee9a c\u00e1c vitamin \u1edf n\u1ed3ng \u0111\u1ed9 cao, cung c\u1ea5p vitamin m\u1ed9t c\u00e1ch nhanh ch\u00f3ng v\u00e0 hi\u1ec7u qu\u1ea3, \u0111\u01b0\u1ee3c h\u1ea5p thu nhanh v\u00e0 ho\u00e0n to\u00e0n sau khi ti\u00eam b\u1eafp. Do v\u1eady, s\u1ea3n ph\u1ea9m n\u00e0y cho hi\u1ec7u qu\u1ea3 nhanh v\u01b0\u1ee3t tr\u1ed9i trong vi\u1ec7c ph\u00f2ng ng\u1eeba v\u00e0 \u0111i\u1ec1u tr\u1ecb nh\u1eefng tri\u1ec7u ch\u1ee9ng g\u00e2y ra do thi\u1ebfu vitamin nh\u01b0: r\u1ed1i lo\u1ea1n t\u0103ng tr\u01b0\u1edfng, suy nh\u01b0\u1ee3c \u1edf gia sau khi sinh, thi\u1ebfu m\u00e1u, r\u1ed1i lo\u1ea1n th\u1ecb gi\u00e1c, r\u1ed1i lo\u1ea1n \u0111\u01b0\u1eddng ru\u1ed9t, bi\u1ebfng \u0103n, r\u1ed1i lo\u1ea1n sinh s\u1ea3n, vi\u00eam da, y\u1ebfu c\u01a1,\u2026<\/p>\n<p>C\u00f4ng th\u1ee9c c\u1ea3i ti\u1ebfn c\u00f3 ch\u1ee9a <strong>ATP<\/strong> v\u00e0 <strong>Butaphosphan<\/strong>, gi\u00fap cung c\u1ea5p n\u0103ng l\u01b0\u1ee3ng, ph\u1ee5c h\u1ed3i sinh l\u1ef1c, gi\u1ea3m stress do cai s\u1eefa, v\u1eadn chuy\u1ec3n ho\u1eb7c do thay \u0111\u1ed5i m\u00f4i tr\u01b0\u1eddng.<\/p>\n<p><strong>C\u00d4NG D\u1ee4NG S\u1ea2N PH\u1ea8M<\/strong><\/p>\n<p>K\u00edch th\u00edch bi\u1ebfn d\u01b0\u1ee1ng, \u0111i\u1ec1u ch\u1ec9nh r\u1ed1i lo\u1ea1n trao \u0111\u1ed5i ch\u1ea5t, t\u0103ng s\u1ee9c \u0111\u1ec1 kh\u00e1ng, gi\u00fap th\u00fa mau h\u1ed3i ph\u1ee5c sau m\u1eafc b\u1ec7nh.<\/p>\n<p>Ph\u1ee5c h\u1ed3i c\u00e1c r\u1ed1i lo\u1ea1n sinh s\u1ea3n nh\u01b0: kh\u00f4 thai, s\u1ea9y thai, ch\u1eadm l\u00ean gi\u1ed1ng, t\u0103ng kh\u1ea3 n\u0103ng \u0111\u1eadu thai,&#8230;<\/p>\n<p>Ch\u1ed1ng stress, \u1ed5n \u0111\u1ecbnh th\u1ea7n kinh, ng\u1eeba b\u1ec7nh, ch\u1ed1ng c\u1eafn \u0111\u00e1nh nhau \u1edf heo.<\/p>\n<p>Ch\u1ed1ng c\u00f2i c\u1ecdc, x\u00f9 l\u00f4ng, bi\u1ebfng \u0103n, gi\u00fap heo con mau l\u1edbn, h\u1ed3ng h\u00e0o, l\u00f4ng da b\u00f3ng m\u01b0\u1ee3t, t\u0103ng n\u0103ng su\u1ea5t ch\u0103n nu\u00f4i.<\/p>\n<p><strong>CH\u1ed0NG CH\u1ec8 \u0110\u1ecaNH<\/strong><\/p>\n<p>Ch\u01b0a ghi nh\u1eadn.<\/p>\n<p><strong>s\u1eed d\u1ee5ng<\/strong><\/p>\n<p>Ti\u00eam s\u00e2u v\u00e0o b\u1eafp th\u1ecbt.<\/p>\n<p>Heo con: 1ml\/10kg th\u1ec3 tr\u1ecdng\/ ng\u00e0y.<\/p>\n<p>Heo tr\u00ean 50kg: 1ml\/15kg th\u1ec3 tr\u1ecdng\/ ng\u00e0y.<\/p>\n<p>Heo n\u00e1i: 1ml\/15-20kg th\u1ec3 tr\u1ecdng tr\u01b0\u1edbc khi \u0111\u1ebb 3-5 ng\u00e0y.<\/p>\n<p>Heo n\u1ecdc: 1ml\/15-20kg th\u1ec3 tr\u1ecdng\/ ng\u00e0y.<\/p>\n<p>B\u00ea, c\u1eebu, d\u00ea: 1ml\/20kg th\u1ec3 tr\u1ecdng\/ ng\u00e0y.<\/p>\n<p>Tr\u00e2u b\u00f2: 1ml\/30kg th\u1ec3 tr\u1ecdng\/ ng\u00e0y.<\/p>\n<p>D\u00f9ng li\u00ean t\u1ee5c trong 2-3 ng\u00e0y.<\/p>\n<p><strong>Kh\u00f4ng c\u1ea7n th\u1eddi gian ng\u01b0ng thu\u1ed1c.<\/strong><\/p>\n<p><strong>H\u1ea1n s\u1eed d\u1ee5ng s\u1ea3n ph\u1ea9m <\/strong><\/p>\n<p>24 th\u00e1ng k\u1ec3 t\u1eeb ng\u00e0y s\u1ea3n xu\u1ea5t.<\/p>\n<p><strong>B\u1ea2O QU\u1ea2N<\/strong><\/p>\n<p>N\u01a1i kh\u00f4 r\u00e1o, tho\u00e1ng m\u00e1t, nhi\u1ec7t \u0111\u1ed9 d\u01b0\u1edbi 30<sup>0<\/sup>C. Tr\u00e1nh \u00e1nh n\u1eafng tr\u1ef1c ti\u1ebfp, tr\u00e1nh xa t\u1ea7m tay tr\u1ebb em.<\/p>\n<p><strong>\u0110\u00d3NG G\u00d3I<\/strong><\/p>\n<p><strong>20ml, 100ml<\/strong><\/p>\n<p><strong>S\u1ed1 \u0111\u0103ng k\u00fd: MBP-23<\/strong><\/p>\n","protected":false},"excerpt":{"rendered":"<p><strong>TH\u00c0NH PH\u1ea6N:<\/strong><\/p>\n<p>Vitamin A, Vitamin D3, Vitamin E, Vitamin C, Vitamin B1, Vitamin B6, Nicotinamide, Dung m\u00f4i v\u1eeba \u0111\u1ee7<\/p>\n<p><strong>S\u1eec D\u1ee4NG:<\/strong><\/p>\n<p>Heo con: 1ml\/10kg th\u1ec3 tr\u1ecdng\/ng\u00e0y Heo tr\u00ean 50kg: 1ml\/15kg th\u1ec3 tr\u1ecdng\/ng\u00e0y<br \/>\nHeo n\u00e1i: 1ml\/15-20kg th\u1ec3 tr\u1ecdng tr\u01b0\u1edbc khi \u0111\u1ebb 3-5 ng\u00e0y.<br \/>\nHeo n\u1ecdc: 1ml\/15-20kg th\u1ec3 tr\u1ecdng\/ng\u00e0y.<br \/>\nB\u00ea, d\u00ea, c\u1eebu: 1ml\/20-25kg th\u1ec3 tr\u1ecdng\/ng\u00e0y.<br \/>\nTr\u00e2u, b\u00f2: 1ml\/30-40kg th\u1ec3 tr\u1ecdng\/ng\u00e0y D\u00f9ng li\u00ean t\u1ee5c 2-3 ng\u00e0y.<\/p>\n","protected":false},"featured_media":9862,"comment_status":"closed","ping_status":"closed","template":"","meta":[],"product_brand":[],"product_cat":[62],"product_tag":[],"class_list":{"0":"post-4315","1":"product","2":"type-product","3":"status-publish","4":"has-post-thumbnail","6":"product_cat-thuoc-thu-y","8":"first","9":"instock","10":"shipping-taxable","11":"purchasable","12":"product-type-variable","13":"has-default-attributes"},"_links":{"self":[{"href":"https:\/\/mebipha.com\/online\/wp-json\/wp\/v2\/product\/4315","targetHints":{"allow":["GET"]}}],"collection":[{"href":"https:\/\/mebipha.com\/online\/wp-json\/wp\/v2\/product"}],"about":[{"href":"https:\/\/mebipha.com\/online\/wp-json\/wp\/v2\/types\/product"}],"replies":[{"embeddable":true,"href":"https:\/\/mebipha.com\/online\/wp-json\/wp\/v2\/comments?post=4315"}],"wp:featuredmedia":[{"embeddable":true,"href":"https:\/\/mebipha.com\/online\/wp-json\/wp\/v2\/media\/9862"}],"wp:attachment":[{"href":"https:\/\/mebipha.com\/online\/wp-json\/wp\/v2\/media?parent=4315"}],"wp:term":[{"taxonomy":"product_brand","embeddable":true,"href":"https:\/\/mebipha.com\/online\/wp-json\/wp\/v2\/product_brand?post=4315"},{"taxonomy":"product_cat","embeddable":true,"href":"https:\/\/mebipha.com\/online\/wp-json\/wp\/v2\/product_cat?post=4315"},{"taxonomy":"product_tag","embeddable":true,"href":"https:\/\/mebipha.com\/online\/wp-json\/wp\/v2\/product_tag?post=4315"}],"curies":[{"name":"wp","href":"https:\/\/api.w.org\/{rel}","templated":true}]}}