{"id":4211,"date":"2018-12-18T16:43:54","date_gmt":"2018-12-18T09:43:54","guid":{"rendered":"https:\/\/mebipha.com\/?post_type=product&#038;p=4211"},"modified":"2024-09-13T15:52:52","modified_gmt":"2024-09-13T08:52:52","slug":"kitasamycine","status":"publish","type":"product","link":"https:\/\/mebipha.com\/online\/kitasamycine\/","title":{"rendered":"KITASAMYCINE"},"content":{"rendered":"<p><strong>\u0110\u1eb6C TR\u1eca CRD, CCRD, KH\u1eb8C V\u1ecaT, T\u1ee4 HUY\u1ebeT TR\u00d9NG, TI\u00caU CH\u1ea2Y, NHI\u1ec4M TR\u00d9NG HUY\u1ebeT<\/strong><\/p>\n<p><strong>Thu\u1ed1c b\u1ed9t pha n\u01b0\u1edbc u\u1ed1ng<\/strong><\/p>\n<p><strong>C\u00d4NG TH\u1ee8C<\/strong><\/p>\n<p>Kitasamycine tartrate: 200.000.000 UI<\/p>\n<p>T\u00e1 d\u01b0\u1ee3c v\u1eeba \u0111\u1ee7: 1kg<\/p>\n<p><strong>\u0110\u1eb6C T\u00cdNH D\u01af\u1ee2C L\u00dd S\u1ea2N PH\u1ea8M<\/strong><\/p>\n<p>Kitasamycine l\u00e0 m\u1ed9t kh\u00e1ng sinh thu\u1ed9c nh\u00f3m Macrolide. C\u00e1c kh\u00e1ng sinh n\u00e0y \u1ee9c ch\u1ebf t\u1ed5ng h\u1ee3p protein b\u1eb1ng c\u00e1ch g\u1eafn k\u1ebft v\u1edbi ti\u1ec3u \u0111\u01a1n v\u1ecb ribosome 50S c\u1ee7a vi khu\u1ea9n v\u00e0 \u1ee9c ch\u1ebf ho\u1ea1t \u0111\u1ed9ng peptidyltransferase. <strong>Kitasamycin\u00a0<\/strong>ho\u1ea1t \u0111\u1ed9ng ch\u1ed1ng l\u1ea1i vi khu\u1ea9nG(+):\u00a0<em>Staphylococcus spp., Streptococcus spp.<\/em>,\u00a0<em>Clostridium spp., Bacillus anthrocis, Listeria monocytogenes<\/em>\u00a0v\u00e0 m\u1ed9t s\u1ed1 vi khu\u1ea9n G(-):\u00a0<em>Haemophilus spp., Brucella spp., <\/em><em>v\u00e0 Mycoplasma spp., Chlamydia spp., Rickettsia spp.<\/em>, vv\u2026Kitasamycine c\u00f3 \u0111\u1eb7c t\u00ednh k\u00edch th\u00edch mi\u1ec5n d\u1ecbch nh\u1edd v\u00e0o kh\u1ea3 n\u0103ng t\u1eadp trung cao trong \u0111\u1ea1i th\u1ef1c b\u00e0o.<\/p>\n<p><strong>C\u00d4NG D\u1ee4NG S\u1ea2N PH\u1ea8M<\/strong><\/p>\n<p><strong>Ph\u00f2ng v\u00e0 tr\u1ecb b\u1ec7nh c\u00e1c b\u1ec7nh tr\u00ean gia c\u1ea7m:<\/strong><\/p>\n<p>CRD, CCRD, kh\u1eb9c v\u1ecbt, s\u01b0ng ph\u00f9 \u0111\u1ea7u.<\/p>\n<p>Ti\u00eau ch\u1ea3y, nhi\u1ec5m tr\u00f9ng huy\u1ebft do E.coli, vi\u00eam ru\u1ed9t ho\u1ea1i t\u1eed, th\u01b0\u01a1ng h\u00e0n do Salmonella, gi\u1ea3m t\u1ec9 l\u1ec7 m\u1eafc b\u1ec7nh c\u1ea7u tr\u00f9ng.<\/p>\n<p>T\u1ee5 huy\u1ebft tr\u00f9ng, vi\u00eam kh\u1edbp do Mycoplasma.<\/p>\n<p><strong>CH\u1ed0NG CH\u1ec8 \u0110\u1ecaNH<\/strong><\/p>\n<p>Th\u00fa m\u1eabn c\u1ea3m v\u1edbi thu\u1ed1c.<\/p>\n<p><strong>\u00a0<\/strong><\/p>\n<p><strong>S\u1eec D\u1ee4NG<\/strong><\/p>\n<p>Ph\u00f2ng b\u1ec7nh<\/p>\n<p>Tr\u00ean g\u00e0, v\u1ecbt, c\u00fat: 1g\/30-40kg th\u1ec3 tr\u1ecdng, ho\u1eb7c 1g\/4 l\u00edt n\u01b0\u1edbc u\u1ed1ng, d\u00f9ng li\u00ean t\u1ee5c 3-4 ng\u00e0y. \u0110\u1ecbnh k\u1ef3 10-15 ng\u00e0y d\u00f9ng 1 \u0111\u1ee3t.<\/p>\n<p>Tr\u1ecb b\u1ec7nh: 1g\/15-20kg th\u1ec3 tr\u1ecdng, ho\u1eb7c 1g\/2 l\u00edt n\u01b0\u1edbc u\u1ed1ng. D\u00f9ng li\u00ean t\u1ee5c 5-7 ng\u00e0y.<\/p>\n<p>L\u01b0u \u00fd: k\u1ebft h\u1ee3p s\u1eed d\u1ee5ng v\u1edbi c\u00e1c ch\u1ebf ph\u1ea9m Glucan \u0111\u1ec3 t\u0103ng t\u1ed1i \u0111a hi\u1ec7u qu\u1ea3 s\u1eed d\u1ee5ng.<\/p>\n<p>Th\u1eddi gian ng\u01b0ng s\u1eed d\u1ee5ng thu\u1ed1c<\/p>\n<p>14 ng\u00e0y tr\u01b0\u1edbc khi gi\u1ebft th\u1ecbt<\/p>\n<p><strong>B\u1ea2O QU\u1ea2N<\/strong><\/p>\n<p>N\u01a1i kh\u00f4 r\u00e1o, tho\u00e1ng m\u00e1t, nhi\u1ec7t \u0111\u1ed9 d\u01b0\u1edbi 30<sup>0<\/sup>C, tr\u00e1nh \u00e1nh n\u1eafng tr\u1ef1c ti\u1ebfp. Tr\u00e1nh xa t\u1ea7m tay tr\u1ebb em.<\/p>\n<p><strong>H\u1ea0N D\u00d9NG <\/strong><\/p>\n<p>24 th\u00e1ng k\u1ec3 t\u1eeb ng\u00e0y s\u1ea3n xu\u1ea5t.<\/p>\n<p><strong>\u0110\u00d3NG G\u00d3I<\/strong><\/p>\n<p>50g\/g\u00f3i, 100g\/g\u00f3i, 1kg\/lon, 1kg\/lon (10 trong 1)<\/p>\n<p><strong>S\u1ed1 \u0111\u0103ng k\u00fd: MBP-115<\/strong><\/p>\n","protected":false},"excerpt":{"rendered":"<p>Ph\u00f2ng: 1g\/30 &#8211; 40kg th\u1ec3 tr\u1ecdng ho\u1eb7c 1g\/4 l\u00edt n\u01b0\u1edbc u\u1ed1ng, d\u00f9ng 3-4 ng\u00e0y.<br \/>\n\u0110\u1ecbnh k\u1ef3 10-15 ng\u00e0y\/\u0111\u1ee3t.<br \/>\nTr\u1ecb b\u1ec7nh: 1g\/15 &#8211; 20kg th\u1ec3 tr\u1ecdng, ho\u1eb7c 1g\/2 l\u00edt n\u01b0\u1edbc u\u1ed1ng.<br \/>\nD\u00f9ng trong 5-7 ng\u00e0y.<\/p>\n","protected":false},"featured_media":9816,"comment_status":"closed","ping_status":"closed","template":"","meta":[],"product_brand":[],"product_cat":[62,142,106],"product_tag":[],"class_list":{"0":"post-4211","1":"product","2":"type-product","3":"status-publish","4":"has-post-thumbnail","6":"product_cat-thuoc-thu-y","7":"product_cat-danh-muc-san-pham-gia-cam","8":"product_cat-san-pham-tieu-bieu","10":"first","11":"instock","12":"shipping-taxable","13":"purchasable","14":"product-type-variable","15":"has-default-attributes"},"_links":{"self":[{"href":"https:\/\/mebipha.com\/online\/wp-json\/wp\/v2\/product\/4211","targetHints":{"allow":["GET"]}}],"collection":[{"href":"https:\/\/mebipha.com\/online\/wp-json\/wp\/v2\/product"}],"about":[{"href":"https:\/\/mebipha.com\/online\/wp-json\/wp\/v2\/types\/product"}],"replies":[{"embeddable":true,"href":"https:\/\/mebipha.com\/online\/wp-json\/wp\/v2\/comments?post=4211"}],"wp:featuredmedia":[{"embeddable":true,"href":"https:\/\/mebipha.com\/online\/wp-json\/wp\/v2\/media\/9816"}],"wp:attachment":[{"href":"https:\/\/mebipha.com\/online\/wp-json\/wp\/v2\/media?parent=4211"}],"wp:term":[{"taxonomy":"product_brand","embeddable":true,"href":"https:\/\/mebipha.com\/online\/wp-json\/wp\/v2\/product_brand?post=4211"},{"taxonomy":"product_cat","embeddable":true,"href":"https:\/\/mebipha.com\/online\/wp-json\/wp\/v2\/product_cat?post=4211"},{"taxonomy":"product_tag","embeddable":true,"href":"https:\/\/mebipha.com\/online\/wp-json\/wp\/v2\/product_tag?post=4211"}],"curies":[{"name":"wp","href":"https:\/\/api.w.org\/{rel}","templated":true}]}}