{"id":4195,"date":"2018-12-18T15:57:40","date_gmt":"2018-12-18T08:57:40","guid":{"rendered":"https:\/\/mebipha.com\/?post_type=product&#038;p=4195"},"modified":"2025-12-29T15:53:19","modified_gmt":"2025-12-29T08:53:19","slug":"ceftri-one-50-la","status":"publish","type":"product","link":"https:\/\/mebipha.com\/online\/ceftri-one-50-la\/","title":{"rendered":"CEFTRI ONE 50 LA"},"content":{"rendered":"<p><strong>\u0110\u1eb6C TR\u1eca NHI\u1ec4M TR\u00d9NG H\u00d4 H\u1ea4P, T\u1ee4 HUY\u1ebeT TR\u00d9NG, VI\u00caM M\u00c0NG N\u00c3O<\/strong><\/p>\n<p><strong>H\u1ed7n d\u1ecbch kh\u00e1ng sinh ti\u00eam<\/strong><\/p>\n<p><strong>C\u00d4NG TH\u1ee8C<\/strong><\/p>\n<p>Ceftriaxone sodium: 5g<\/p>\n<p>Dung m\u00f4i v\u1eeba \u0111\u1ee7: 100ml<\/p>\n<p><strong>\u0110\u1eb6C T\u00cdNH D\u01af\u1ee2C L\u00dd S\u1ea2N PH\u1ea8M<\/strong><\/p>\n<p>Ceftriaxone l\u00e0 kh\u00e1ng sinh thu\u1ed9c nh\u00f3m Cephalosporin th\u1ebf h\u1ec7 III,<strong> CEFTRI ONE 50 LA <\/strong>\u1ee9c ch\u1ebf s\u1ef1 t\u1ed5ng h\u1ee3p th\u00e0nh t\u1ebf b\u00e0o c\u1ee7a vi khu\u1ea9n, b\u1eb1ng c\u00e1ch \u1ea5y g\u00e2y \u0111\u1eb7c t\u00ednh di\u1ec7t vi khu\u1ea9n.\u00a0 Ceftriaxone kh\u00e1ng c\u00e1c vi khu\u1ea9n G-, G+ g\u00e2y b\u1ec7nh \u0111\u01b0\u1eddng ru\u1ed9t v\u00e0\u00a0 \u0111\u01b0\u1eddng h\u00f4 h\u1ea5p \u1edf heo nh\u01b0: <em>E.coli, Salmonella, Pasteurella, Pneumococcus, Streptococci, Staphylococci, Haemophilus, Actinobacillus, Enterobacter, Proteus, Klebsiella spp, Leptospira, Pseudomonas, Erysipelothrix.<\/em><\/p>\n<p><strong>CEFTRI ONE 50 LA<\/strong> c\u00f3 t\u00e1c d\u1ee5ng\u00a0 t\u1ed1t b\u1eb1ng \u0111\u01b0\u1eddng ti\u00eam, c\u00f3 hi\u1ec7u qu\u1ea3 \u0111i\u1ec1u tr\u1ecb \u0111\u1ed1i v\u1edbi nhi\u1ec1u lo\u1ea1i vi khu\u1ea9n \u0111\u00e3 kh\u00e1ng penicillin v\u00e0 c\u00e1c kh\u00e1ng sinh cephalosporin kh\u00e1c.<\/p>\n<p><strong>C\u00d4NG D\u1ee4NG S\u1ea2N PH\u1ea8M<\/strong><\/p>\n<p><strong>Tr\u00ean heo<\/strong><\/p>\n<p>Ho, vi\u00eam m\u00e0ng ph\u1ed5i, vi\u00eam ph\u1ed5i c\u1ea5p t\u00ednh, t\u1ee5 huy\u1ebft tr\u00f9ng<\/p>\n<p>Vi\u00eam t\u1eed cung, vi\u00eam th\u1eadn, vi\u00eam kh\u1edbp, vi\u00eam da.<\/p>\n<p>C\u00e1c b\u1ec7nh k\u1ebf ph\u00e1t do virus nh\u01b0 tai xanh (PRRS), FMD, D\u1ecbch t\u1ea3,\u2026<\/p>\n<p><strong>Tr\u00ean gia c\u1ea7m <\/strong><\/p>\n<p>\u0110\u1eb7c tr\u1ecb CRD, CCRD, t\u1ee5 huy\u1ebft tr\u00f9ng.<\/p>\n<p><strong>CH\u1ed0NG CH\u1ec8 \u0110\u1ecaNH<\/strong><\/p>\n<p>Th\u00fa c\u00f3 ti\u1ec1n s\u1eed ph\u1ea3n \u1ee9ng ph\u1ea3n v\u1ec7 v\u1edbi penicillin.<\/p>\n<p><strong>S\u1eec D\u1ee4NG<\/strong><\/p>\n<p>Heo con: 1ml\/5kg th\u1ec3 tr\u1ecdng\/72 gi\u1edd.<\/p>\n<p>Heo tr\u00ean 50kg, b\u00ea, d\u00ea, c\u1eebu: 1ml\/10kg th\u1ec3 tr\u1ecdng\/72 gi\u1edd.<\/p>\n<p>Tr\u00e2u, b\u00f2: 1ml\/20kg th\u1ec3 tr\u1ecdng\/72 gi\u1edd.<\/p>\n<p>Gia c\u1ea7m: 1ml\/4kg th\u1ec3 tr\u1ecdng\/72 gi\u1edd.<\/p>\n<p>B\u1ec7nh n\u1eb7ng ti\u00eam nh\u1eafc l\u1ea1i sau 36 gi\u1edd.<\/p>\n<p><strong>Th\u1eddi gian ng\u01b0ng s\u1eed d\u1ee5ng thu\u1ed1c<\/strong><\/p>\n<p>Th\u00fa gi\u1ebft th\u1ecbt: 7 ng\u00e0y tr\u01b0\u1edbc khi gi\u1ebft m\u1ed5.<\/p>\n<p>Th\u00fa l\u1ea5y s\u1eefa: 4 l\u1ea7n v\u1eaft s\u1eefa.<\/p>\n<p><strong>B\u1ea2O QU\u1ea2N: <\/strong>N\u01a1i kh\u00f4 r\u00e1o, tho\u00e1ng m\u00e1t, nhi\u1ec7t \u0111\u1ed9 d\u01b0\u1edbi 30<sup>0<\/sup>C. Tr\u00e1nh \u00e1nh n\u1eafng tr\u1ef1c ti\u1ebfp, tr\u00e1nh xa t\u1ea7m tay tr\u1ebb em.<\/p>\n<p><strong>H\u1ea0N S\u1eec D\u1ee4NG S\u1ea2N PH\u1ea8M<\/strong><\/p>\n<p>24 th\u00e1ng k\u1ec3 t\u1eeb ng\u00e0y s\u1ea3n xu\u1ea5t.<\/p>\n<p><strong>\u0110\u00d3NG G\u00d3I<\/strong><\/p>\n<p>20ml, 100ml, 250ml<\/p>\n<p><strong>S\u1ed1 \u0111\u0103ng k\u00fd: MBP-156<\/strong><\/p>\n","protected":false},"excerpt":{"rendered":"<p>Heo con: 1ml\/5 kg th\u1ec3 tr\u1ecdng\/72 gi\u1edd.<br \/>\nHeo tr\u00ean 50kg, b\u00ea, c\u1eebu, d\u00ea:<br \/>\n1ml\/10kg th\u1ec3 tr\u1ecdng\/72 gi\u1edd<br \/>\nTr\u00e2u, b\u00f2: 1ml\/20kg th\u1ec3 tr\u1ecdng\/72 gi\u1edd<br \/>\nTr\u00ean gia c\u1ea7m: 1ml\/4 kg th\u1ec3 tr\u1ecdng\/72 gi\u1edd.<br \/>\nB\u1ec7nh n\u1eb7ng ti\u00eam nh\u1eafc l\u1ea1i sau 36 gi\u1edd.<\/p>\n","protected":false},"featured_media":9873,"comment_status":"closed","ping_status":"closed","template":"","meta":[],"product_brand":[],"product_cat":[62,142,121],"product_tag":[],"class_list":{"0":"post-4195","1":"product","2":"type-product","3":"status-publish","4":"has-post-thumbnail","6":"product_cat-thuoc-thu-y","7":"product_cat-danh-muc-san-pham-gia-cam","8":"product_cat-dung-dich-tiem-hon-dich-tiem","10":"first","11":"instock","12":"shipping-taxable","13":"purchasable","14":"product-type-variable","15":"has-default-attributes"},"_links":{"self":[{"href":"https:\/\/mebipha.com\/online\/wp-json\/wp\/v2\/product\/4195","targetHints":{"allow":["GET"]}}],"collection":[{"href":"https:\/\/mebipha.com\/online\/wp-json\/wp\/v2\/product"}],"about":[{"href":"https:\/\/mebipha.com\/online\/wp-json\/wp\/v2\/types\/product"}],"replies":[{"embeddable":true,"href":"https:\/\/mebipha.com\/online\/wp-json\/wp\/v2\/comments?post=4195"}],"wp:featuredmedia":[{"embeddable":true,"href":"https:\/\/mebipha.com\/online\/wp-json\/wp\/v2\/media\/9873"}],"wp:attachment":[{"href":"https:\/\/mebipha.com\/online\/wp-json\/wp\/v2\/media?parent=4195"}],"wp:term":[{"taxonomy":"product_brand","embeddable":true,"href":"https:\/\/mebipha.com\/online\/wp-json\/wp\/v2\/product_brand?post=4195"},{"taxonomy":"product_cat","embeddable":true,"href":"https:\/\/mebipha.com\/online\/wp-json\/wp\/v2\/product_cat?post=4195"},{"taxonomy":"product_tag","embeddable":true,"href":"https:\/\/mebipha.com\/online\/wp-json\/wp\/v2\/product_tag?post=4195"}],"curies":[{"name":"wp","href":"https:\/\/api.w.org\/{rel}","templated":true}]}}