{"id":4134,"date":"2018-12-03T09:18:45","date_gmt":"2018-12-03T02:18:45","guid":{"rendered":"https:\/\/mebipha.com\/?post_type=product&#038;p=4134"},"modified":"2024-09-25T15:02:08","modified_gmt":"2024-09-25T08:02:08","slug":"mebilactyl-4-way-w-s","status":"publish","type":"product","link":"https:\/\/mebipha.com\/online\/mebilactyl-4-way-w-s\/","title":{"rendered":"MEBILACTYL 4 WAY W.S"},"content":{"rendered":"<p><strong>GI\u1ea2M STRESS, \u1ed4N \u0110\u1ecaNH \u0110\u01af\u1edcNG RU\u1ed8T, T\u0102NG N\u0102NG SU\u1ea4T CH\u0102N NU\u00d4I<\/strong><\/p>\n<p><strong>B\u1ed9t h\u00f2a tan<\/strong><\/p>\n<p>S\u1ea3n ph\u1ea9m l\u00e0 s\u1ef1 k\u1ebft h\u1ee3p c\u00e1c ch\u1ea5t dinh d\u01b0\u1ee1ng c\u00f3 vai tr\u00f2 \u0111\u1eb7c bi\u1ec7t \u0111\u1ed1i v\u1edbi gia s\u00fac, gia c\u1ea7m. Bacillus subtilis v\u00e0 Saccharomyces cerevisiae b\u1ea3o v\u1ec7 s\u1ee9c kh\u1ecfe \u0111\u01b0\u1eddng ru\u1ed9t, c\u1ea3i thi\u1ec7n t\u00ednh n\u0103ng ti\u00eau h\u00f3a, t\u1ea1o \u0111i\u1ec1u ki\u1ec7n \u0111\u1ec3 h\u1ea5p thu c\u00e1c vitamin v\u00e0 ch\u1ea5t kho\u00e1ng. C\u00e1c Vitamin K3, B12 v\u00e0 C gi\u00fap gia t\u0103ng s\u1ee9c \u0111\u1ec1 kh\u00e1ng, gi\u1ea3m stress, k\u00edch th\u00edch th\u00e8m \u0103n, gi\u1ea3m c\u00f2i c\u1ecdc, ch\u1eadm l\u1edbn. Selenium h\u1ed7 tr\u1ee3 ch\u1ee9c n\u0103ng mi\u1ec5n d\u1ecbch v\u00e0 t\u0103ng kh\u1ea3 n\u0103ng sinh s\u1ea3n. Sodium chloride v\u00e0 Potassium chloride cung c\u1ea5p n\u0103ng l\u01b0\u1ee3ng trao \u0111\u1ed5i ch\u1ea5t, duy tr\u00ec huy\u1ebft \u00e1p v\u00e0 ch\u1ee9c n\u0103ng th\u1eadn b\u00ecnh th\u01b0\u1eddng. S\u1ea3n ph\u1ea9m hi\u1ec7u qu\u1ea3 v\u00e0 r\u1ea5t an to\u00e0n cho v\u1eadt nu\u00f4i.<\/p>\n<p><strong>TH\u00c0NH PH\u1ea6N<\/strong><\/p>\n<p>Bacillus subtilis* (min): 1&#215;10<sup>9<\/sup> CFU<\/p>\n<p>Saccharomyces cerevisiae (min): 1&#215;10<sup>8<\/sup> CFU<\/p>\n<p>Vitamin K<sub>3<\/sub> (min): 5.000 mg<\/p>\n<p>Vitamin B<sub>12<\/sub>* (min): 30 mg<\/p>\n<p>Selenium* (min-max): 200-300 mg<\/p>\n<p>Vitamin C (min): 50.000mg<\/p>\n<p>Sodium chloride* (min-max): 24-25g<\/p>\n<p>Potassium chloride* (min-max): 20,6-21,6g<\/p>\n<p>Glucose v\u1eeba \u0111\u1ee7: 1kg<\/p>\n<p><strong>L\u1ee2I \u00cdCH C\u1ee6A VI\u1ec6C B\u1ed4 SUNG S\u1ea2N PH\u1ea8M<\/strong><\/p>\n<p><strong>\u0110\u1ed1i v\u1edbi gia c\u1ea7m: <\/strong><\/p>\n<p>Gi\u1ea3m stress do nhi\u1ec7t \u0111\u1ed9, di chuy\u1ec3n \u0111\u00e0n, l\u00e0m vaccine, giai \u0111o\u1ea1n \u0111\u1ebb tr\u1ee9ng cao \u0111i\u1ec3m, gia c\u1ea7m non \u2026<\/p>\n<p>\u1ed4n \u0111\u1ecbnh h\u1ec7 vi sinh \u0111\u01b0\u1eddng ru\u1ed9t, t\u0103ng kh\u1ea3 n\u0103ng ti\u00eau h\u00f3a.<\/p>\n<p><strong>G\u00e0 \u0111\u1ebb:<\/strong> T\u0103ng t\u1ec9 l\u1ec7 \u0111\u1ebb, ch\u1ea5t l\u01b0\u1ee3ng tr\u1ee9ng v\u00e0 k\u00e9o d\u00e0i th\u1eddi gian \u0111\u1ebb tr\u1ee9ng.<\/p>\n<p><strong>G\u00e0 th\u1ecbt:<\/strong> K\u00edch th\u00edch t\u0103ng tr\u01b0\u1edfng nhanh, t\u0103ng ph\u1ea9m ch\u1ea5t th\u1ecbt.<\/p>\n<p><strong>\u0110\u1ed1i v\u1edbi heo: <\/strong><\/p>\n<p>Gi\u1ea3m stress do nhi\u1ec7t \u0111\u1ed9, di chuy\u1ec3n \u0111\u00e0n, l\u00e0m vaccine, giai \u0111o\u1ea1n heo sau cai s\u1eefa, thay \u0111\u1ed5i th\u1ee9c \u0103n\u2026<\/p>\n<p>\u1ed4n \u0111\u1ecbnh h\u1ec7 vi sinh \u0111\u01b0\u1eddng ru\u1ed9t,\u00a0 t\u0103ng kh\u1ea3 n\u0103ng ti\u00eau h\u00f3a.<\/p>\n<p><strong>Heo con sau cai s\u1eefa: <\/strong>K\u00edch th\u00edch t\u0103ng tr\u01b0\u1edfng nhanh<\/p>\n<p><strong>Heo n\u00e1i: <\/strong>T\u0103ng kh\u1ea3 n\u0103ng t\u1ea1o s\u1eefa.<\/p>\n<p><strong>Heo n\u1ecdc:<\/strong> H\u1ea1n ch\u1ebf stress, t\u0103ng kh\u1ea3 n\u0103ng t\u1ea1o tinh tr\u00f9ng.<\/p>\n<p><strong>B\u1ea2O QU\u1ea2N<\/strong><\/p>\n<p>N\u01a1i kh\u00f4 r\u00e1o, tho\u00e1ng m\u00e1t, nhi\u1ec7t \u0111\u1ed9 d\u01b0\u1edbi 30<sup>0<\/sup>C, tr\u00e1nh \u00e1nh n\u1eafng tr\u1ef1c ti\u1ebfp. Tr\u00e1nh xa t\u1ea7m tay tr\u1ebb em.<\/p>\n<p><strong>H\u1ea0N D\u00d9NG<\/strong><strong>: <\/strong>24 th\u00e1ng k\u1ec3 t\u1eeb ng\u00e0y s\u1ea3n xu\u1ea5t.<\/p>\n<p><strong>\u0110\u00d3NG G\u00d3I<\/strong><\/p>\n<p>100g, 1kg\/g\u00f3i 1kg\/lon, 2kg\/lon (4 trong 1)<\/p>\n<p><strong>S\u1ed1 <\/strong><strong>\u0111\u0103ng k\u00fd<\/strong><strong>: TCCS <\/strong><strong>148<\/strong><strong>:20<\/strong><strong>14<\/strong><strong>\/MBP <\/strong><\/p>\n","protected":false},"excerpt":{"rendered":"<p><strong>GI\u1ea2M STRESS, \u1ed4N \u0110\u1ecaNH \u0110\u01af\u1edcNG RU\u1ed8T, T\u0102NG N\u0102NG SU\u1ea4T CH\u0102N NU\u00d4I<\/strong><\/p>\n<p><strong>TH\u00c0NH PH\u1ea6N<\/strong><\/p>\n<p>Bacillus subtilis* (min): 1&#215;10<sup>9<\/sup> CFU<\/p>\n<p>Saccharomyces cerevisiae (min): 1&#215;10<sup>8<\/sup> CFU<\/p>\n<p>Vitamin K<sub>3<\/sub> (min): 5.000 mg<\/p>\n<p>Vitamin B<sub>12<\/sub>* (min): 30 mg<\/p>\n<p>Selenium* (min-max): 200-300 mg<\/p>\n<p>Vitamin C (min): 50.000mg<\/p>\n<p>Sodium chloride* (min-max): 24-25g<\/p>\n<p>Potassium chloride* (min-max): 20,6-21,6g<\/p>\n<p>Glucose v\u1eeba \u0111\u1ee7: 1kg<\/p>\n<p><strong>L\u1ee2I \u00cdCH C\u1ee6A VI\u1ec6C B\u1ed4 SUNG S\u1ea2N PH\u1ea8M<\/strong><\/p>\n<p><strong>\u0110\u1ed1i v\u1edbi gia c\u1ea7m: <\/strong><\/p>\n<p>Gi\u1ea3m stress do nhi\u1ec7t \u0111\u1ed9, di chuy\u1ec3n \u0111\u00e0n, l\u00e0m vaccine, giai \u0111o\u1ea1n \u0111\u1ebb tr\u1ee9ng cao \u0111i\u1ec3m, gia c\u1ea7m non \u2026<\/p>\n<p>\u1ed4n \u0111\u1ecbnh h\u1ec7 vi sinh \u0111\u01b0\u1eddng ru\u1ed9t, t\u0103ng kh\u1ea3 n\u0103ng ti\u00eau h\u00f3a.<\/p>\n<p><strong>G\u00e0 \u0111\u1ebb:<\/strong> T\u0103ng t\u1ec9 l\u1ec7 \u0111\u1ebb, ch\u1ea5t l\u01b0\u1ee3ng tr\u1ee9ng v\u00e0 k\u00e9o d\u00e0i th\u1eddi gian \u0111\u1ebb tr\u1ee9ng.<\/p>\n<p><strong>G\u00e0 th\u1ecbt:<\/strong> K\u00edch th\u00edch t\u0103ng tr\u01b0\u1edfng nhanh, t\u0103ng ph\u1ea9m ch\u1ea5t th\u1ecbt.<\/p>\n<p><strong>\u0110\u1ed1i v\u1edbi heo: <\/strong><\/p>\n<p>Gi\u1ea3m stress do nhi\u1ec7t \u0111\u1ed9, di chuy\u1ec3n \u0111\u00e0n, l\u00e0m vaccine, giai \u0111o\u1ea1n heo sau cai s\u1eefa, thay \u0111\u1ed5i th\u1ee9c \u0103n\u2026<\/p>\n<p>\u1ed4n \u0111\u1ecbnh h\u1ec7 vi sinh \u0111\u01b0\u1eddng ru\u1ed9t,\u00a0 t\u0103ng kh\u1ea3 n\u0103ng ti\u00eau h\u00f3a.<\/p>\n<p><strong>Heo con sau cai s\u1eefa: <\/strong>K\u00edch th\u00edch t\u0103ng tr\u01b0\u1edfng nhanh<\/p>\n<p><strong>Heo n\u00e1i: <\/strong>T\u0103ng kh\u1ea3 n\u0103ng t\u1ea1o s\u1eefa.<\/p>\n<p><strong>Heo n\u1ecdc:<\/strong> H\u1ea1n ch\u1ebf stress, t\u0103ng kh\u1ea3 n\u0103ng t\u1ea1o tinh tr\u00f9ng.<\/p>\n<p>&nbsp;<\/p>\n","protected":false},"featured_media":10575,"comment_status":"closed","ping_status":"closed","template":"","meta":[],"product_brand":[],"product_cat":[62,142],"product_tag":[],"class_list":{"0":"post-4134","1":"product","2":"type-product","3":"status-publish","4":"has-post-thumbnail","6":"product_cat-thuoc-thu-y","7":"product_cat-danh-muc-san-pham-gia-cam","9":"first","10":"instock","11":"shipping-taxable","12":"purchasable","13":"product-type-variable","14":"has-default-attributes"},"_links":{"self":[{"href":"https:\/\/mebipha.com\/online\/wp-json\/wp\/v2\/product\/4134","targetHints":{"allow":["GET"]}}],"collection":[{"href":"https:\/\/mebipha.com\/online\/wp-json\/wp\/v2\/product"}],"about":[{"href":"https:\/\/mebipha.com\/online\/wp-json\/wp\/v2\/types\/product"}],"replies":[{"embeddable":true,"href":"https:\/\/mebipha.com\/online\/wp-json\/wp\/v2\/comments?post=4134"}],"wp:featuredmedia":[{"embeddable":true,"href":"https:\/\/mebipha.com\/online\/wp-json\/wp\/v2\/media\/10575"}],"wp:attachment":[{"href":"https:\/\/mebipha.com\/online\/wp-json\/wp\/v2\/media?parent=4134"}],"wp:term":[{"taxonomy":"product_brand","embeddable":true,"href":"https:\/\/mebipha.com\/online\/wp-json\/wp\/v2\/product_brand?post=4134"},{"taxonomy":"product_cat","embeddable":true,"href":"https:\/\/mebipha.com\/online\/wp-json\/wp\/v2\/product_cat?post=4134"},{"taxonomy":"product_tag","embeddable":true,"href":"https:\/\/mebipha.com\/online\/wp-json\/wp\/v2\/product_tag?post=4134"}],"curies":[{"name":"wp","href":"https:\/\/api.w.org\/{rel}","templated":true}]}}