{"id":3156,"date":"2018-09-09T21:38:36","date_gmt":"2018-09-09T14:38:36","guid":{"rendered":"https:\/\/mebipha.com\/?post_type=product&#038;p=3156"},"modified":"2025-12-15T09:14:08","modified_gmt":"2025-12-15T02:14:08","slug":"metosal-vip-10","status":"publish","type":"product","link":"https:\/\/mebipha.com\/online\/metosal-vip-10\/","title":{"rendered":"METOSAL 10% VIP"},"content":{"rendered":"<p><strong>K\u00cdCH TH\u00cdCH BI\u1ebeN D\u01af\u1ee0NG-T\u0102NG L\u1ef0C<\/strong><\/p>\n<p><strong>GI\u1ea2I PH\u00c1P PH\u1ee4C H\u1ed2I SINH L\u1ef0C V\u1eacT NU\u00d4I<\/strong><\/p>\n<p><strong>Dung d\u1ecbch ti\u00eam<\/strong><\/p>\n<p><strong>C\u00d4NG TH\u1ee8C<\/strong><\/p>\n<p>1-(n-Butylamino)-1 Methylethyl Phosphorous acid: 10g<\/p>\n<p>Vitamin B12: 10mg<\/p>\n<p>Dung m\u00f4i v\u1eeba \u0111\u1ee7: 100 ml<\/p>\n<p><strong>\u0110\u1eb6C T\u00cdNH D\u01af\u1ee2C L\u00dd S\u1ea2N PH\u1ea8M<\/strong><\/p>\n<p>METOSAL 10% l\u00e0 s\u1ef1 k\u1ebft h\u1ee3p gi\u1eefa 1-(n-Butylamino)-1 Methylethyl Phosphorous acid (c\u00f2n g\u1ecdi l\u00e0 Butaphosphan) v\u00e0 Vitamin B12. S\u1ef1 k\u1ebft h\u1ee3p n\u00e0y cho hi\u1ec7u qu\u1ea3 v\u01b0\u1ee3t tr\u1ed9i, gi\u00fap t\u0103ng c\u01b0\u1eddng qu\u00e1 tr\u00ecnh bi\u1ebfn d\u01b0\u1ee1ng v\u00e0 ph\u1ee5c h\u1ed3i sinh l\u1ef1c v\u1eadt nu\u00f4i.<\/p>\n<p>Butaphosphan l\u00e0 ngu\u1ed3n cung Phospho h\u1eefu c\u01a1 v\u1edbi c\u1ea5u tr\u00fac \u0111\u1ed9c \u0111\u00e1o h\u01a1n c\u00e1c d\u1ea1ng phospho th\u00f4ng th\u01b0\u1eddng kh\u00e1c, gi\u00fap qu\u00e1 tr\u00ecnh bi\u1ebfn d\u01b0\u1ee1ng di\u1ec5n ra t\u00edch c\u1ef1c h\u01a1n, k\u00edch th\u00edch s\u1ef1 th\u00e8m \u0103n, th\u00fac \u0111\u1ea9y ch\u1ee9c n\u0103ng mi\u1ec5n d\u1ecbch v\u00e0 kh\u1ea3 n\u0103ng ph\u1ee5c h\u1ed3i sau b\u1ec7nh. Phospho gi\u1eef vai tr\u00f2 quan tr\u1ecdng trong c\u1ea5u tr\u00fac c\u1ee7a ph\u00e2n t\u1eed axit nucleic, ATP v\u00e0 AMP, do \u0111\u00f3 n\u00f3 c\u0169ng li\u00ean quan \u0111\u1ebfn chuy\u1ec3n h\u00f3a n\u0103ng l\u01b0\u1ee3ng v\u00e0 s\u1ee9c t\u0103ng tr\u01b0\u1edfng c\u1ee7a v\u1eadt nu\u00f4i.<\/p>\n<p>Vitamin B12 l\u00e0 vi ch\u1ea5t li\u00ean quan tr\u1ef1c ti\u1ebfp \u0111\u1ebfn qu\u00e1 tr\u00ecnh t\u1ea1o m\u00e1u, \u0111\u1eb7c bi\u1ec7t l\u00e0 h\u1ed3ng c\u1ea7u, nh\u00e2n t\u1ed1 gi\u1eef vai tr\u00f2 v\u1eadn chuy\u1ec3n oxy \u0111\u1ebfn m\u00f4 b\u00e0o, gi\u00fap t\u0103ng c\u01b0\u1eddng qu\u00e1 tr\u00ecnh trao \u0111\u1ed5i ch\u1ea5t, gi\u00fap ph\u1ee5c h\u1ed3i nhanh sinh l\u1ef1c v\u1eadt nu\u00f4i..<\/p>\n<p><strong>C\u00d4NG D\u1ee4NG S\u1ea2N PH\u1ea8M<\/strong><\/p>\n<p>K\u00edch th\u00edch bi\u1ebfn d\u01b0\u1ee1ng, \u0111i\u1ec1u ch\u1ec9nh r\u1ed1i lo\u1ea1n trao \u0111\u1ed5i ch\u1ea5t.<\/p>\n<p>T\u0103ng c\u01b0\u1eddng s\u1ee9c \u0111\u1ec1 kh\u00e1ng.<\/p>\n<p>Ph\u1ee5c h\u1ed3i th\u1ec3 l\u1ef1c nhanh ch\u00f3ng sau b\u1ec7nh, sau sinh.<\/p>\n<p>Ph\u1ee5c h\u1ed3i c\u00e1c r\u1ed1i lo\u1ea1n sinh s\u1ea3n nh\u01b0: kh\u00f4 thai, s\u1ea9y thai, ch\u1eadm l\u00ean gi\u1ed1ng, gia t\u0103ng t\u1ec9 l\u1ec7 \u0111\u1eadu thai, c\u1ea3i thi\u1ec7n n\u0103ng su\u1ea5t.<\/p>\n<p>Ch\u1ed1ng stress, \u1ed5n \u0111\u1ecbnh th\u1ea7n kinh.<\/p>\n<p>Ch\u1ed1ng c\u1eafn nhau \u1edf heo, c\u1eafn m\u1ed5 \u1edf gia c\u1ea7m, t\u0103ng t\u1ec9 l\u1ec7 s\u1ed1ng, mau l\u1edbn.<\/p>\n<p>V\u1eadt nu\u00f4i h\u1ed3ng h\u00e0o, l\u00f4ng da b\u00f3ng m\u01b0\u1ee3t, t\u0103ng n\u0103ng su\u1ea5t ch\u0103n nu\u00f4i.<\/p>\n<p>Co\u0301 th\u00ea\u0309 k\u00ea\u0301t h\u01a1\u0323p s\u1ea3n ph\u1ea9m v\u01a1\u0301i nh\u01b0\u0303ng thu\u00f4\u0301c dung di\u0323ch ti\u00eam kha\u0301c nh\u01b0 ca\u0301c thu\u00f4\u0301c kha\u0301ng vi\u00eam, ha\u0323 s\u00f4\u0301t, vitamin, s\u0103\u0301t,\u2026<\/p>\n<p><strong>CH\u1ed0NG CH\u1ec8 \u0110\u1ecaNH<\/strong><\/p>\n<p>Th\u00fa m\u1eabn c\u1ea3m v\u1edbi c\u00e1c th\u00e0nh ph\u1ea7n c\u1ee7a thu\u1ed1c.<\/p>\n<p><strong>S\u1eec D\u1ee4NG<\/strong><\/p>\n<p>Ti\u00eam s\u00e2u v\u00e0o b\u1eafp th\u1ecbt ho\u1eb7c ti\u00eam d\u01b0\u1edbi da.<\/p>\n<p>Heo con<strong>: <\/strong>1ml\/7-10kg th\u1ec3 tr\u1ecdng\/ng\u00e0y.<\/p>\n<p>Heo tr\u00ean 50kg: 1ml\/10-15kg th\u1ec3 tr\u1ecdng\/ng\u00e0y.<\/p>\n<p>Heo n\u00e1i, heo n\u1ecdc: 1ml\/15kg th\u1ec3 tr\u1ecdng\/ng\u00e0y.<\/p>\n<p>Tr\u00e2u, b\u00f2: 1ml\/25-30kg th\u1ec3 tr\u1ecdng\/ ng\u00e0y.<\/p>\n<p>B\u00ea, c\u1eebu, d\u00ea: 1ml\/15-20kg th\u1ec3 tr\u1ecdng\/ng\u00e0y.<\/p>\n<p>Gia c\u1ea7m: 1ml\/4-5kg th\u1ec3 tr\u1ecdng\/ng\u00e0y.<\/p>\n<p>D\u00f9ng li\u00ean t\u1ee5c 2 &#8211; 3 ng\u00e0y.<\/p>\n<p><strong>Kh\u00f4ng c\u1ea7n th\u1eddi gian ng\u01b0ng thu\u1ed1c.<\/strong><\/p>\n<p><strong>H\u1ea0N S\u1eec D\u1ee4NG S\u1ea2N PH\u1ea8M<\/strong><\/p>\n<p>24 th\u00e1ng k\u1ec3 t\u1eeb ng\u00e0y s\u1ea3n xu\u1ea5t.<\/p>\n<p><strong>B\u1ea2O QU\u1ea2N<\/strong><\/p>\n<p>N\u01a1i kh\u00f4 r\u00e1o, tho\u00e1ng m\u00e1t, nhi\u1ec7t \u0111\u1ed9 d\u01b0\u1edbi 30<sup>0<\/sup>C, tr\u00e1nh \u00e1nh n\u1eafng tr\u1ef1c ti\u1ebfp. Tr\u00e1nh xa t\u1ea7m tay tr\u1ebb em.<\/p>\n<p><strong>\u0110\u00d3NG G\u00d3I<\/strong><\/p>\n<p>20ml, 100ml, 250ml<\/p>\n<p><strong>S\u1ed1 \u0111\u0103ng k\u00fd: MBP-19<\/strong><\/p>\n","protected":false},"excerpt":{"rendered":"<p><strong>C\u00d4NG TH\u1ee8C:<\/strong><\/p>\n<p>1-(n-Butylamino)-1 Methylethyl Phosphorous acid<\/p>\n<p>Vitamin B12<\/p>\n<p>Dung m\u00f4i v\u1eeba \u0111\u1ee7<\/p>\n<p><strong>C\u00d4NG D\u1ee4NG<\/strong><\/p>\n<p>K\u00edch th\u00edch bi\u1ebfn d\u01b0\u1ee1ng, \u0111i\u1ec1u ch\u1ec9nh r\u1ed1i lo\u1ea1n trao \u0111\u1ed5i ch\u1ea5t, gi\u00fap th\u00fa mau h\u1ed3i ph\u1ee5c sau m\u1eafc b\u1ec7nh, mau l\u1edbn.<\/p>\n<p>Ph\u1ee5c h\u1ed3i c\u00e1c r\u1ed1i lo\u1ea1n sinh s\u1ea3n nh\u01b0: ch\u1eadm l\u00ean gi\u1ed1ng&#8230;<\/p>\n<p>Ch\u1ed1ng stress, \u1ed5n \u0111\u1ecbnh th\u1ea7n kinh, ng\u1eeba b\u1ec7nh, ch\u1ed1ng c\u1eafn nhau \u1edf heo, gi\u00fap heo con h\u1ed3ng h\u00e0o, l\u00f4ng da b\u00f3ng m\u01b0\u1ee3t, t\u0103ng n\u0103ng su\u1ea5t ch\u0103n nu\u00f4i.<\/p>\n","protected":false},"featured_media":10579,"comment_status":"closed","ping_status":"closed","template":"","meta":[],"product_brand":[],"product_cat":[106,62],"product_tag":[],"class_list":{"0":"post-3156","1":"product","2":"type-product","3":"status-publish","4":"has-post-thumbnail","6":"product_cat-san-pham-tieu-bieu","7":"product_cat-thuoc-thu-y","9":"first","10":"instock","11":"shipping-taxable","12":"purchasable","13":"product-type-variable","14":"has-default-attributes"},"_links":{"self":[{"href":"https:\/\/mebipha.com\/online\/wp-json\/wp\/v2\/product\/3156","targetHints":{"allow":["GET"]}}],"collection":[{"href":"https:\/\/mebipha.com\/online\/wp-json\/wp\/v2\/product"}],"about":[{"href":"https:\/\/mebipha.com\/online\/wp-json\/wp\/v2\/types\/product"}],"replies":[{"embeddable":true,"href":"https:\/\/mebipha.com\/online\/wp-json\/wp\/v2\/comments?post=3156"}],"wp:featuredmedia":[{"embeddable":true,"href":"https:\/\/mebipha.com\/online\/wp-json\/wp\/v2\/media\/10579"}],"wp:attachment":[{"href":"https:\/\/mebipha.com\/online\/wp-json\/wp\/v2\/media?parent=3156"}],"wp:term":[{"taxonomy":"product_brand","embeddable":true,"href":"https:\/\/mebipha.com\/online\/wp-json\/wp\/v2\/product_brand?post=3156"},{"taxonomy":"product_cat","embeddable":true,"href":"https:\/\/mebipha.com\/online\/wp-json\/wp\/v2\/product_cat?post=3156"},{"taxonomy":"product_tag","embeddable":true,"href":"https:\/\/mebipha.com\/online\/wp-json\/wp\/v2\/product_tag?post=3156"}],"curies":[{"name":"wp","href":"https:\/\/api.w.org\/{rel}","templated":true}]}}