{"id":3145,"date":"2018-09-09T21:29:20","date_gmt":"2018-09-09T14:29:20","guid":{"rendered":"https:\/\/mebipha.com\/?post_type=product&#038;p=3145"},"modified":"2025-12-29T14:31:54","modified_gmt":"2025-12-29T07:31:54","slug":"flunixin","status":"publish","type":"product","link":"https:\/\/mebipha.com\/online\/flunixin\/","title":{"rendered":"FLUNIXIN"},"content":{"rendered":"<p><strong>GI\u1ea2M \u0110AU NHANH \u2013 KH\u00c1NG VI\u00caM<\/strong><\/p>\n<p><strong>T\u0102NG HI\u1ec6U QU\u1ea2 \u0110I\u1ec0U TR\u1eca B\u1ec6NH<\/strong><\/p>\n<p><strong>Dung d\u1ecbch ti\u00eam<\/strong><\/p>\n<p><strong>\u00a0<\/strong><\/p>\n<p><strong>C\u00d4NG TH\u1ee8C<\/strong><\/p>\n<p>Flunixin meglumine: 5g<\/p>\n<p>Dung m\u00f4i v\u1eeba \u0111\u1ee7: 100ml<\/p>\n<p><strong>\u0110\u1eb6C T\u00cdNH D\u01af\u1ee2C L\u00dd S\u1ea2N PH\u1ea8M<\/strong><\/p>\n<p>Flunixin meglumine kh\u00e1ng vi\u00eam kh\u00f4ng steroid th\u1ebf h\u1ec7 m\u1edbi v\u1edbi t\u00e1c d\u1ee5ng kh\u00e1ng vi\u00eam, gi\u1ea3m \u0111au, h\u1ea1 s\u1ed1t v\u00e0 ti\u00eau \u0111\u1ed9c. Flunixin meglumine l\u00e0 m\u1ed9t ch\u1ea5t \u1ee9c ch\u1ebf m\u1ea1nh c\u1ee7a cyclooxygenase, do \u0111\u00f3 n\u00f3 l\u00e0m gi\u1ea3m \u0111\u00e1ng k\u1ec3 s\u1ef1 t\u1ea1o th\u00e0nh prostaglandin, prostacyclin v\u00e0 thromboxan l\u00e0 nh\u1eefng ch\u1ea5t trung gian c\u1ee7a qu\u00e1 tr\u00ecnh vi\u00eam. Flunixin meglumine c\u0169ng tham gia \u0111i\u1ec1u h\u00f2a qua lipoxygenase v\u00e0 s\u1ef1 k\u1ebft t\u1ee5 ti\u1ec3u c\u1ea7u.<\/p>\n<p>FLUNIXIN r\u1ea5t an to\u00e0n cho gia s\u00fac.<\/p>\n<p><strong>C\u00d4NG D\u1ee4NG S\u1ea2N PH\u1ea8M<\/strong><\/p>\n<p><strong>Tr\u00ean heo, tr\u00e2u, b\u00f2, d\u00ea, c\u1eebu:<\/strong><\/p>\n<p>Kh\u00e1ng vi\u00eam hi\u1ec7u qu\u1ea3 v\u00e0 an to\u00e0n.<\/p>\n<p>Gi\u1ea3m \u0111au nhanh, h\u1ea1 s\u1ed1t.<\/p>\n<p>K\u1ebft h\u1ee3p kh\u00e1ng sinh gi\u00fap t\u0103ng hi\u1ec7u qu\u1ea3 \u0111i\u1ec1u tr\u1ecb trong c\u00e1c tr\u01b0\u1eddng h\u1ee3p nhi\u1ec5m tr\u00f9ng \u0111\u01b0\u1eddng h\u00f4 h\u1ea5p, ti\u1ebft ni\u1ec7u, nhi\u1ec5m tr\u00f9ng sau sinh, ngay sau khi ph\u1eabu thu\u1eadt, c\u00e1c tr\u01b0\u1eddng h\u1ee3p b\u1ecb \u0111au c\u01a1 x\u01b0\u01a1ng, h\u1ed7 tr\u1ee3 \u0111i\u1ec1u tr\u1ecb vi\u00eam v\u00fa c\u1ea5p t\u00ednh.<\/p>\n<p>T\u0103ng c\u01b0\u1eddng s\u1ee9c \u0111\u1ec1 kh\u00e1ng, gi\u1ea3m stress nhanh.<\/p>\n<p><strong>CH\u1ed0NG CH\u1ec8 \u0110\u1ecaNH<\/strong><\/p>\n<p>Th\u00fa qu\u00e1 m\u1eabn v\u1edbi flunixin.<\/p>\n<p>Th\u00fa b\u1ecb suy tim, gan ho\u1eb7c th\u1eadn ho\u1eb7c b\u1ecb lo\u00e9t d\u1ea1 d\u00e0y-ru\u1ed9t.<\/p>\n<p><strong>S\u1eec D\u1ee4NG<\/strong><\/p>\n<p>Ti\u00eam s\u00e2u v\u00e0o b\u1eafp th\u1ecbt.<\/p>\n<p>Heo con: 1ml\/7-10kg th\u1ec3 tr\u1ecdng\/ng\u00e0y.<\/p>\n<p>Heo l\u1edbn, b\u00ea, c\u1eebu, d\u00ea: 1ml\/20-25kg th\u1ec3 tr\u1ecdng\/ng\u00e0y.<\/p>\n<p>Tr\u00e2u, b\u00f2: 1ml\/30kg th\u1ec3 tr\u1ecdng\/ng\u00e0y.<\/p>\n<p>D\u00f9ng li\u00ean t\u1ee5c trong 2-3 ng\u00e0y.<\/p>\n<p><strong>Th\u1eddi gian ng\u01b0ng s\u1eed d\u1ee5ng thu\u1ed1c<\/strong><\/p>\n<p>Th\u00fa l\u1ea5y th\u1ecbt: 4 ng\u00e0y tr\u01b0\u1edbc khi gi\u1ebft m\u1ed5.<\/p>\n<p>Th\u00fa l\u1ea5y s\u1eefa: 6 l\u1ea7n v\u1eaft s\u1eefa.<\/p>\n<p><strong>H\u1ea0N S\u1eec D\u1ee4NG S\u1ea2N PH\u1ea8M<\/strong><\/p>\n<p>36 th\u00e1ng k\u1ec3 t\u1eeb ng\u00e0y s\u1ea3n xu\u1ea5t.<\/p>\n<p><strong>B\u1ea2O QU\u1ea2N<\/strong><\/p>\n<p>N\u01a1i kh\u00f4 r\u00e1o, tho\u00e1ng m\u00e1t, nhi\u1ec7t \u0111\u1ed9 d\u01b0\u1edbi 30<sup>0<\/sup>C, tr\u00e1nh \u00e1nh n\u1eafng tr\u1ef1c ti\u1ebfp. Tr\u00e1nh xa t\u1ea7m tay tr\u1ebb em.<\/p>\n<p><strong>\u0110\u00d3NG G\u00d3I<\/strong><\/p>\n<p>20ml, 50ml, 100ml<\/p>\n<p><strong>S\u1ed1 \u0111\u0103ng k\u00fd: MBP-80<\/strong><\/p>\n","protected":false},"excerpt":{"rendered":"<p><strong>TH\u00c0NH PH\u1ea6N:<\/strong><br \/>\nFlunixin<br \/>\nDung m\u00f4i v\u1eeba \u0111\u1ee7<\/p>\n<p><strong>C\u00d4NG D\u1ee4NG:<\/strong><\/p>\n<p>Kh\u00e1ng vi\u00eam hi\u1ec7u qu\u1ea3 v\u00e0 an to\u00e0n, gi\u1ea3m \u0111au nhanh, h\u1ea1 su\u1ed1t, t\u0103ng c\u01b0\u1eddng s\u1ee9c \u0111\u1ec1 kh\u00e1ng, gi\u1ea3m stress nhanh, t\u0103ng hi\u1ec7u qu\u1ea3 \u0111i\u1ec1u tr\u1ecb khi d\u00f9ng k\u1ebft h\u1ee3p kh\u00e1ng sinh<\/p>\n","protected":false},"featured_media":9880,"comment_status":"closed","ping_status":"closed","template":"","meta":[],"product_brand":[],"product_cat":[106,62],"product_tag":[],"class_list":{"0":"post-3145","1":"product","2":"type-product","3":"status-publish","4":"has-post-thumbnail","6":"product_cat-san-pham-tieu-bieu","7":"product_cat-thuoc-thu-y","9":"first","10":"instock","11":"shipping-taxable","12":"purchasable","13":"product-type-variable","14":"has-default-attributes"},"_links":{"self":[{"href":"https:\/\/mebipha.com\/online\/wp-json\/wp\/v2\/product\/3145","targetHints":{"allow":["GET"]}}],"collection":[{"href":"https:\/\/mebipha.com\/online\/wp-json\/wp\/v2\/product"}],"about":[{"href":"https:\/\/mebipha.com\/online\/wp-json\/wp\/v2\/types\/product"}],"replies":[{"embeddable":true,"href":"https:\/\/mebipha.com\/online\/wp-json\/wp\/v2\/comments?post=3145"}],"wp:featuredmedia":[{"embeddable":true,"href":"https:\/\/mebipha.com\/online\/wp-json\/wp\/v2\/media\/9880"}],"wp:attachment":[{"href":"https:\/\/mebipha.com\/online\/wp-json\/wp\/v2\/media?parent=3145"}],"wp:term":[{"taxonomy":"product_brand","embeddable":true,"href":"https:\/\/mebipha.com\/online\/wp-json\/wp\/v2\/product_brand?post=3145"},{"taxonomy":"product_cat","embeddable":true,"href":"https:\/\/mebipha.com\/online\/wp-json\/wp\/v2\/product_cat?post=3145"},{"taxonomy":"product_tag","embeddable":true,"href":"https:\/\/mebipha.com\/online\/wp-json\/wp\/v2\/product_tag?post=3145"}],"curies":[{"name":"wp","href":"https:\/\/api.w.org\/{rel}","templated":true}]}}