{"id":3137,"date":"2018-09-09T21:23:46","date_gmt":"2018-09-09T14:23:46","guid":{"rendered":"https:\/\/mebipha.com\/?post_type=product&#038;p=3137"},"modified":"2025-12-29T13:59:04","modified_gmt":"2025-12-29T06:59:04","slug":"doxy-50","status":"publish","type":"product","link":"https:\/\/mebipha.com\/online\/doxy-50\/","title":{"rendered":"DOXY 50%"},"content":{"rendered":"<p><strong>\u0110\u1eb6C TR\u1eca NHI\u1ec4M TR\u00d9NG D\u1ea0 D\u00c0Y-RU\u1ed8T, NHI\u1ec4M TR\u00d9NG H\u00d4 H\u1ea4P TR\u00caN GIA C\u1ea6M<\/strong><\/p>\n<p><strong>Thu\u1ed1c b\u1ed9t tr\u1ed9n th\u1ee9c \u0103n ho\u1eb7c pha n\u01b0\u1edbc u\u1ed1ng<\/strong><\/p>\n<p>&nbsp;<\/p>\n<p><strong>C\u00d4NG TH\u1ee8C<\/strong><\/p>\n<p>Doxycycline hyclate: 500g<\/p>\n<p>T\u00e1 d\u01b0\u1ee3c v\u1eeba \u0111\u1ee7: 1kg<\/p>\n<p><strong>\u0110\u1eb6C T\u00cdNH D\u01af\u1ee2C L\u00dd S\u1ea2N PH\u1ea8M<\/strong><\/p>\n<p>Doxycycline thu\u1ed9c nh\u00f3m tetracycline, c\u00f3 t\u00e1c d\u1ee5ng k\u00ecm khu\u1ea9n ch\u1ed1ng l\u1ea1i nhi\u1ec1u vi khu\u1ea9n Gram d\u01b0\u01a1ng v\u00e0 Gram \u00e2m b\u1eb1ng c\u00e1ch \u1ee9c ch\u1ebf s\u1ef1 t\u1ed5ng h\u1ee3p protein c\u1ee7a vi khu\u1ea9n nh\u01b0 <em>E. coli, Bordetella, Campylobacter, Haemophilus, Pasteurella, Salmonella, Staphylococcus, Streptococcus <\/em>spp., <em>Chlamydia, Mycoplasma <\/em>v\u00e0 <em>Rickettsia <\/em>spp. Doxycycline c\u00f3 \u00e1i l\u1ef1c l\u1edbn v\u1edbi ph\u1ed5i v\u00e0 do \u0111\u00f3 \u0111\u1eb7c bi\u1ec7t h\u1eefu \u00edch \u0111\u1ec3 \u0111i\u1ec1u tr\u1ecb nhi\u1ec5m tr\u00f9ng \u0111\u01b0\u1eddng h\u00f4 h\u1ea5p do vi khu\u1ea9n.<\/p>\n<p><strong>C\u00d4NG D\u1ee4NG S\u1ea2N PH\u1ea8M<\/strong><\/p>\n<p>DOXY 50% ch\u1ee9a kh\u00e1ng sinh ph\u1ed5 r\u1ed9ng \u0111i\u1ec1u tr\u1ecb c\u00e1c b\u1ec7nh nhi\u1ec5m tr\u00f9ng d\u1ea1 d\u00e0y &#8211; ru\u1ed9t, nhi\u1ec5m tr\u00f9ng \u0111\u01b0\u1eddng h\u00f4 h\u1ea5p g\u00e2y ra b\u1edfi c\u00e1c vi khu\u1ea9n nh\u1ea1y c\u1ea3m v\u1edbi doxycycline nh\u01b0: <em>Pasteurella, Staphylococci, Brucella, Clostridium, Haemophilus, E.coli, Salmonella, Chlamydia, Mycoplasma,..<\/em>tr\u00ean gia c\u1ea7m.<\/p>\n<p><strong>CH\u1ed0NG CH\u1ec8 \u0110\u1ecaNH<\/strong><\/p>\n<p>Th\u00fa m\u1eabn c\u1ea3m v\u1edbi Tetracycline.<\/p>\n<p>Th\u00fa b\u1ecb suy gi\u1ea3m ch\u1ee9c n\u0103ng gan nghi\u00eam tr\u1ecdng.<\/p>\n<p>Kh\u00f4ng d\u00f9ng cho g\u00e0 \u0111\u1ebb tr\u1ee9ng l\u00e0m th\u1ee9c \u0103n cho ng\u01b0\u1eddi.<\/p>\n<p><strong>S\u1eec D\u1ee4NG<\/strong><\/p>\n<p>Pha v\u00e0o n\u01b0\u1edbc u\u1ed1ng ho\u1eb7c tr\u1ed9n v\u00e0o th\u1ee9c \u0103n.<\/p>\n<p>Li\u1ec1u t\u1ed5ng qu\u00e1t: 1g\/20 &#8211; 25kg th\u1ec3 tr\u1ecdng.<\/p>\n<p>Ph\u00f2ng b\u1ec7nh: 1g\/4 l\u00edt n\u01b0\u1edbc u\u1ed1ng, d\u00f9ng li\u00ean t\u1ee5c 3-4 ng\u00e0y.<\/p>\n<p>Tr\u1ecb b\u1ec7nh: 1g\/2 l\u00edt n\u01b0\u1edbc u\u1ed1ng, d\u00f9ng li\u00ean t\u1ee5c 5-7 ng\u00e0y.<\/p>\n<p>K\u1ebft h\u1ee3p v\u1edbi ch\u1ebf ph\u1ea9m Glucan \u0111\u1ec3 t\u0103ng hi\u1ec7u qu\u1ea3 \u0111i\u1ec1u tr\u1ecb.<\/p>\n<p>Th\u1eddi gian ng\u01b0ng s\u1eed d\u1ee5ng thu\u1ed1c: 7 ng\u00e0y tr\u01b0\u1edbc khi gi\u1ebft m\u1ed5.<\/p>\n<p><strong>H\u1ea0N S\u1eec D\u1ee4NG S\u1ea2N PH\u1ea8M<\/strong><\/p>\n<p>24 th\u00e1ng k\u1ec3 t\u1eeb ng\u00e0y s\u1ea3n xu\u1ea5t.<\/p>\n<p><strong>B\u1ea2O QU\u1ea2N<\/strong><\/p>\n<p>N\u01a1i kh\u00f4 r\u00e1o, tho\u00e1ng m\u00e1t, nhi\u1ec7t \u0111\u1ed9 d\u01b0\u1edbi 30<sup>0<\/sup>C, tr\u00e1nh \u00e1nh n\u1eafng tr\u1ef1c ti\u1ebfp. Tr\u00e1nh xa t\u1ea7m tay tr\u1ebb em.<\/p>\n<p><strong>\u0110\u00d3NG G\u00d3I<\/strong><\/p>\n<p>100g, 1kg\/lon, 1kg\/lon (10 trong 1), 5kg\/x\u00f4 (5 trong 1)<\/p>\n<p><strong><em>\u00a0<\/em><\/strong><\/p>\n<p><strong>S\u1ed1 \u0111\u0103ng k\u00fd: MBP-64<\/strong><\/p>\n","protected":false},"excerpt":{"rendered":"<p><strong>C\u00f4ng th\u1ee9c<\/strong><\/p>\n<p>Doxycyline HCL<\/p>\n<p>T\u00e1 d\u01b0\u1ee3c v\u1eeba \u0111\u1ee7<\/p>\n<p><strong>C\u00f4ng d\u1ee5ng<\/strong><\/p>\n<p>Kh\u00e1ng sinh ph\u1ed5 r\u1ed9ng \u0111i\u1ec1u tr\u1ecb c\u00e1c b\u1ec7nh nhi\u1ec5m tr\u00f9ng d\u1ea1 d\u00e0y \u2013 ru\u1ed9t, nhi\u1ec5m tr\u00f9ng \u0111\u01b0\u1eddng h\u00f4 h\u1ea5p g\u00e2y ra b\u1edfi c\u00e1c vi khu\u1ea9n nh\u1ea1y c\u1ea3m v\u1edbi doxycylin nh\u01b0: Pasteurella, Staphylococci, Brucella, Clostridium, Heamophilus, E.Coli, Salmonella, Clamydia, Mycoplasma \u2026 tr\u00ean gia c\u1ea7m<\/p>\n","protected":false},"featured_media":10551,"comment_status":"closed","ping_status":"closed","template":"","meta":[],"product_brand":[],"product_cat":[62,142],"product_tag":[],"class_list":{"0":"post-3137","1":"product","2":"type-product","3":"status-publish","4":"has-post-thumbnail","6":"product_cat-thuoc-thu-y","7":"product_cat-danh-muc-san-pham-gia-cam","9":"first","10":"instock","11":"shipping-taxable","12":"purchasable","13":"product-type-variable","14":"has-default-attributes"},"_links":{"self":[{"href":"https:\/\/mebipha.com\/online\/wp-json\/wp\/v2\/product\/3137","targetHints":{"allow":["GET"]}}],"collection":[{"href":"https:\/\/mebipha.com\/online\/wp-json\/wp\/v2\/product"}],"about":[{"href":"https:\/\/mebipha.com\/online\/wp-json\/wp\/v2\/types\/product"}],"replies":[{"embeddable":true,"href":"https:\/\/mebipha.com\/online\/wp-json\/wp\/v2\/comments?post=3137"}],"wp:featuredmedia":[{"embeddable":true,"href":"https:\/\/mebipha.com\/online\/wp-json\/wp\/v2\/media\/10551"}],"wp:attachment":[{"href":"https:\/\/mebipha.com\/online\/wp-json\/wp\/v2\/media?parent=3137"}],"wp:term":[{"taxonomy":"product_brand","embeddable":true,"href":"https:\/\/mebipha.com\/online\/wp-json\/wp\/v2\/product_brand?post=3137"},{"taxonomy":"product_cat","embeddable":true,"href":"https:\/\/mebipha.com\/online\/wp-json\/wp\/v2\/product_cat?post=3137"},{"taxonomy":"product_tag","embeddable":true,"href":"https:\/\/mebipha.com\/online\/wp-json\/wp\/v2\/product_tag?post=3137"}],"curies":[{"name":"wp","href":"https:\/\/api.w.org\/{rel}","templated":true}]}}