{"id":3128,"date":"2018-09-09T22:18:05","date_gmt":"2018-09-09T15:18:05","guid":{"rendered":"https:\/\/mebipha.com\/?post_type=product&#038;p=3128"},"modified":"2025-12-29T15:51:59","modified_gmt":"2025-12-29T08:51:59","slug":"ceftri-one-50-inj","status":"publish","type":"product","link":"https:\/\/mebipha.com\/online\/ceftri-one-50-inj\/","title":{"rendered":"CEFTRI ONE 50 INJ"},"content":{"rendered":"<p><strong>\u0110\u1eb6C TR\u1eca NHI\u1ec4M TR\u00d9NG H\u00d4 H\u1ea4P, T\u1ee4 HUY\u1ebeT TR\u00d9NG, E,COLI TR\u00caN GIA C\u1ea6M<\/strong><\/p>\n<p><strong>Thu\u1ed1c b\u1ed9t pha ti\u00eam<\/strong><\/p>\n<p><strong>C\u00d4NG TH\u1ee8C<\/strong><\/p>\n<p>Ceftriaxone sodium: 5g<\/p>\n<p>Dung m\u00f4i v\u00e0 t\u00e1 d\u01b0\u1ee3c v\u1eeba \u0111\u1ee7: 100 ml<\/p>\n<p><strong>\u0110\u1eb6C T\u00cdNH D\u01af\u1ee2C L\u00dd S\u1ea2N PH\u1ea8M<\/strong><\/p>\n<p>Ceftriaxone l\u00e0 kh\u00e1ng sinh thu\u1ed9c nh\u00f3m Cephalosporin th\u1ebf h\u1ec7 III,<strong> CEFTRI ONE 50 INJ <\/strong>\u1ee9c ch\u1ebf s\u1ef1 t\u1ed5ng h\u1ee3p th\u00e0nh t\u1ebf b\u00e0o c\u1ee7a vi khu\u1ea9n, b\u1eb1ng c\u00e1ch \u1ea5y g\u00e2y \u0111\u1eb7c t\u00ednh di\u1ec7t vi khu\u1ea9n.\u00a0 Ceftriaxone kh\u00e1ng c\u00e1c vi khu\u1ea9n G-, G+ g\u00e2y b\u1ec7nh \u0111\u01b0\u1eddng ru\u1ed9t v\u00e0 \u0111\u01b0\u1eddng h\u00f4 h\u1ea5p \u1edf heo nh\u01b0: <em>E.coli, Salmonella, Pasteurella, Pneumococcus, Streptococci, Staphylococci, Haemophilus, Actinobacillus, Enterobacter, Proteus, Klebsiella spp, Leptospira, Pseudomonas, Erysipelothrix.<\/em><\/p>\n<p><strong>CEFTRI ONE 50 INJ<\/strong> c\u00f3 t\u00e1c d\u1ee5ng t\u1ed1t b\u1eb1ng \u0111\u01b0\u1eddng ti\u00eam, kh\u00f4ng b\u1ecb beta-lactamase ph\u00e1 h\u1ee7y, c\u00f3 hi\u1ec7u qu\u1ea3 \u0111i\u1ec1u tr\u1ecb \u0111\u1ed1i v\u1edbi nhi\u1ec1u lo\u1ea1i vi khu\u1ea9n \u0111\u00e3 kh\u00e1ng Penicillin v\u00e0 c\u00e1c kh\u00e1ng sinh cephalosporin kh\u00e1c.<\/p>\n<p><strong>C\u00d4NG D\u1ee4NG S\u1ea2N PH\u1ea8M<\/strong><\/p>\n<p>Tr\u00ean g\u00e0, v\u1ecbt:<\/p>\n<p>Tr\u1ecb b\u1ec7nh nhi\u1ec5m tr\u00f9ng \u0111\u01b0\u1eddng h\u00f4 h\u1ea5p: CRD, CCRD, b\u1ec7nh t\u1ee5 huy\u1ebft tr\u00f9ng, kh\u1eb9c v\u1ecbt, s\u01b0ng ph\u00f9 \u0111\u1ea7u.<\/p>\n<p>B\u1ec7nh th\u01b0\u01a1ng h\u00e0n, nhi\u1ec5m tr\u00f9ng huy\u1ebft, E.coli, vi\u00eam kh\u1edbp v\u00e0 b\u1ea1i huy\u1ebft \u1edf v\u1ecbt.<\/p>\n<p><strong>CH\u1ed0NG CH\u1ec8 \u0110\u1ecaNH<\/strong><\/p>\n<p>Th\u00fa c\u00f3 ti\u1ec1n s\u1eed ph\u1ea3n \u1ee9ng ph\u1ea3n v\u1ec7 v\u1edbi penicillin.<\/p>\n<p><strong>S\u1eec D\u1ee4NG<\/strong><\/p>\n<p>L\u1ea5y 40% th\u1ec3 t\u00edch dung d\u1ecbch pha ti\u00eam b\u01a1m v\u00e0o l\u1ecd thu\u1ed1c b\u1ed9t, l\u1eafc cho h\u00f2a tan \u0111\u1ec1u. Sau \u0111\u00f3 pha ti\u1ebfp 60% th\u1ec3 t\u00edch dung d\u1ecbch pha ti\u00eam c\u00f2n l\u1ea1i v\u00e0 l\u1eafc \u0111\u1ec1u tr\u01b0\u1edbc khi s\u1eed d\u1ee5ng.<\/p>\n<p>Ti\u00eam s\u00e2u v\u00e0o b\u1eafp th\u1ecbt.<\/p>\n<p>Gia c\u1ea7m con: 1ml\/2kg th\u1ec3 tr\u1ecdng\/ng\u00e0y, d\u00f9ng li\u00ean t\u1ee5c 3-5 ng\u00e0y.<\/p>\n<p>Gia c\u1ea7m l\u1edbn: 1ml\/4kg th\u1ec3 tr\u1ecdng\/ng\u00e0y, d\u00f9ng li\u00ean t\u1ee5c 3-5 ng\u00e0y.<\/p>\n<p><strong>Th\u1eddi gian ng\u01b0ng s\u1eed d\u1ee5ng thu\u1ed1c<\/strong><\/p>\n<p>Th\u00fa l\u1ea5y th\u1ecbt: 07 ng\u00e0y tr\u01b0\u1edbc khi gi\u1ebft m\u1ed5.<\/p>\n<p><strong>L\u01afU \u00dd<\/strong><\/p>\n<p>Thu\u1ed1c sau khi pha c\u00f3 th\u1ec3 b\u1ea3o qu\u1ea3n trong ng\u0103n m\u00e1t t\u1ee7 l\u1ea1nh s\u1eed d\u1ee5ng trong v\u00f2ng 5 &#8211; 7 ng\u00e0y.<\/p>\n<p><strong>B\u1ea2O QU\u1ea2N<\/strong><\/p>\n<p>N\u01a1i kh\u00f4 r\u00e1o, tho\u00e1ng m\u00e1t, nhi\u1ec7t \u0111\u1ed9 d\u01b0\u1edbi 30<sup>0<\/sup>C, tr\u00e1nh \u00e1nh n\u1eafng tr\u1ef1c ti\u1ebfp. Tr\u00e1nh xa t\u1ea7m tay tr\u1ebb em.<\/p>\n<p><strong>H\u1ea0N D\u00d9NG <\/strong><\/p>\n<p>24 th\u00e1ng k\u1ec3 t\u1eeb ng\u00e0y s\u1ea3n xu\u1ea5t.<\/p>\n<p><strong>\u0110\u00d3NG G\u00d3I<\/strong><\/p>\n<p>C\u1eb7p 20ml, c\u1eb7p 100ml, c\u1eb7p 250ml<\/p>\n<p><strong>S\u1ed1 \u0111\u0103ng k\u00fd: MBP-155<\/strong><\/p>\n<div style=\"border: 6px groove #4caf50; position: fixed; bottom: 128690px;\"><\/div>\n","protected":false},"excerpt":{"rendered":"<p><strong>TH\u00c0NH PH\u1ea6N:<\/strong><br \/>\nCeftriaxone sodium Sterile<br \/>\nDung m\u00f4i v\u00e0 t\u00e1 d\u01b0\u1ee3c v\u1eeba \u0111\u1ee7<\/p>\n<p><strong>C\u00d4NG D\u1ee4NG S\u1ea2N PH\u1ea8M<\/strong><\/p>\n<p>Tr\u00ean g\u00e0, v\u1ecbt:<\/p>\n<p>Tr\u1ecb b\u1ec7nh nhi\u1ec5m tr\u00f9ng \u0111\u01b0\u1eddng h\u00f4 h\u1ea5p: CRD, CCRD, b\u1ec7nh t\u1ee5 huy\u1ebft tr\u00f9ng, kh\u1eb9c v\u1ecbt, s\u01b0ng ph\u00f9 \u0111\u1ea7u.<\/p>\n<p>B\u1ec7nh th\u01b0\u01a1ng h\u00e0n, nhi\u1ec5m tr\u00f9ng huy\u1ebft, E.coli, vi\u00eam kh\u1edbp v\u00e0 b\u1ea1i huy\u1ebft \u1edf v\u1ecbt.<\/p>\n<p><strong>CH\u1ed0NG CH\u1ec8 \u0110\u1ecaNH<\/strong><\/p>\n<p>Th\u00fa c\u00f3 ti\u1ec1n s\u1eed ph\u1ea3n \u1ee9ng ph\u1ea3n v\u1ec7 v\u1edbi penicillin.<\/p>\n<p><strong>S\u1eec D\u1ee4NG<\/strong><\/p>\n<p>L\u1ea5y 40% th\u1ec3 t\u00edch dung d\u1ecbch pha ti\u00eam b\u01a1m v\u00e0o l\u1ecd thu\u1ed1c b\u1ed9t, l\u1eafc cho h\u00f2a tan \u0111\u1ec1u. Sau \u0111\u00f3 pha ti\u1ebfp 60% th\u1ec3 t\u00edch dung d\u1ecbch pha ti\u00eam c\u00f2n l\u1ea1i v\u00e0 l\u1eafc \u0111\u1ec1u tr\u01b0\u1edbc khi s\u1eed d\u1ee5ng.<\/p>\n<p>Ti\u00eam s\u00e2u v\u00e0o b\u1eafp th\u1ecbt.<\/p>\n<p>Gia c\u1ea7m con: 1ml\/2kg th\u1ec3 tr\u1ecdng\/ng\u00e0y, d\u00f9ng li\u00ean t\u1ee5c 3-5 ng\u00e0y.<\/p>\n<p>Gia c\u1ea7m l\u1edbn: 1ml\/4kg th\u1ec3 tr\u1ecdng\/ng\u00e0y, d\u00f9ng li\u00ean t\u1ee5c 3-5 ng\u00e0y.<\/p>\n","protected":false},"featured_media":9872,"comment_status":"closed","ping_status":"closed","template":"","meta":[],"product_brand":[],"product_cat":[142,106,62],"product_tag":[],"class_list":{"0":"post-3128","1":"product","2":"type-product","3":"status-publish","4":"has-post-thumbnail","6":"product_cat-danh-muc-san-pham-gia-cam","7":"product_cat-san-pham-tieu-bieu","8":"product_cat-thuoc-thu-y","10":"first","11":"instock","12":"shipping-taxable","13":"purchasable","14":"product-type-variable","15":"has-default-attributes"},"_links":{"self":[{"href":"https:\/\/mebipha.com\/online\/wp-json\/wp\/v2\/product\/3128","targetHints":{"allow":["GET"]}}],"collection":[{"href":"https:\/\/mebipha.com\/online\/wp-json\/wp\/v2\/product"}],"about":[{"href":"https:\/\/mebipha.com\/online\/wp-json\/wp\/v2\/types\/product"}],"replies":[{"embeddable":true,"href":"https:\/\/mebipha.com\/online\/wp-json\/wp\/v2\/comments?post=3128"}],"wp:featuredmedia":[{"embeddable":true,"href":"https:\/\/mebipha.com\/online\/wp-json\/wp\/v2\/media\/9872"}],"wp:attachment":[{"href":"https:\/\/mebipha.com\/online\/wp-json\/wp\/v2\/media?parent=3128"}],"wp:term":[{"taxonomy":"product_brand","embeddable":true,"href":"https:\/\/mebipha.com\/online\/wp-json\/wp\/v2\/product_brand?post=3128"},{"taxonomy":"product_cat","embeddable":true,"href":"https:\/\/mebipha.com\/online\/wp-json\/wp\/v2\/product_cat?post=3128"},{"taxonomy":"product_tag","embeddable":true,"href":"https:\/\/mebipha.com\/online\/wp-json\/wp\/v2\/product_tag?post=3128"}],"curies":[{"name":"wp","href":"https:\/\/api.w.org\/{rel}","templated":true}]}}