{"id":3121,"date":"2018-09-09T21:12:04","date_gmt":"2018-09-09T14:12:04","guid":{"rendered":"https:\/\/mebipha.com\/?post_type=product&#038;p=3121"},"modified":"2025-12-29T15:45:39","modified_gmt":"2025-12-29T08:45:39","slug":"atp-biophyl","status":"publish","type":"product","link":"https:\/\/mebipha.com\/online\/atp-biophyl\/","title":{"rendered":"ATP-BIOPHYL"},"content":{"rendered":"<p><strong>K\u00cdCH TH\u00cdCH BI\u1ebeN D\u01af\u1ee0NG &#8211; T\u0102NG L\u1ef0C \u2013 PH\u1ee4C H\u1ed2I S\u1ee8C KH\u1eceE<\/strong><\/p>\n<p><strong>PH\u00d2NG V\u00c0 TR\u1eca R\u1ed0I LO\u1ea0N C\u01a0<\/strong><\/p>\n<p><strong>Dung d\u1ecbch ti\u00eam<\/strong><\/p>\n<p><strong>C\u00d4NG TH\u1ee8C<\/strong><\/p>\n<p>Sodium Selenite: 100mg<\/p>\n<p>ATP: 100mg<\/p>\n<p>Potassium aspartate: 1g<\/p>\n<p>Magnesium aspartate: 1,5g<\/p>\n<p>Vitamin B12: 50mg<\/p>\n<p>Dung m\u00f4i v\u1eeba \u0111\u1ee7: 100ml<\/p>\n<p><strong>\u0110\u1eb6C \u0110I\u1ec2M S\u1ea2N PH\u1ea8M<\/strong><\/p>\n<p><strong>ATP<\/strong> l\u00e0 ngu\u1ed3n cung c\u1ea5p n\u0103ng l\u01b0\u1ee3ng, c\u00f3 ch\u1ee9c n\u0103ng v\u1eadn chuy\u1ec3n n\u0103ng l\u01b0\u1ee3ng \u0111\u1ebfn c\u00e1c n\u01a1i c\u1ea7n thi\u1ebft cho t\u1ebf b\u00e0o s\u1eed d\u1ee5ng, n\u00ean gi\u00fap th\u00fa b\u1ecb suy ki\u1ec7t mau ph\u1ee5c h\u1ed3i s\u1ee9c kh\u1ecfe.<strong>Vitamin B12<\/strong> l\u00e0 coenzyme c\u1ea7n thi\u1ebft cho nhi\u1ec1u ph\u1ea3n \u1ee9ng sinh h\u00f3a v\u00e0 \u0111\u00f3ng vai tr\u00f2 ch\u1ee7 y\u1ebfu trong t\u1ed5ng h\u1ee3p protein v\u00e0 s\u1ea3n xu\u1ea5t t\u1ebf b\u00e0o h\u1ed3ng c\u1ea7u, t\u0103ng s\u1ee9c \u0111\u00e1p \u1ee9ng mi\u1ec5n d\u1ecbch. <strong>Selen <\/strong>k\u1ebft h\u1ee3p v\u1edbi protein th\u00e0nh selenoprotein, c\u1ea7n thi\u1ebft cho enzyme ch\u1ed1ng oxy h\u00f3a, gi\u00fap ng\u0103n ng\u1eeba g\u1ed1c t\u1ef1 do l\u00e0m h\u01b0 h\u1ea1i t\u1ebf b\u00e0o, gi\u00fap \u0111i\u1ec1u h\u00f2a ch\u1ee9c n\u0103ng tuy\u1ebfn gi\u00e1p v\u00e0 \u0111\u00f3ng vai tr\u00f2 trong h\u1ec7 mi\u1ec5n d\u1ecbch. <strong>Potassium aspartate <\/strong>c\u00f3 ch\u1ee9c n\u0103ng l\u00e0m t\u0103ng h\u01b0ng ph\u1ea5n c\u1ee7a h\u1ec7 th\u1ea7n kinh, c\u01a1 v\u00e0 ho\u1ea1t \u0111\u1ed9ng c\u1ee7a nhi\u1ec1u h\u1ec7 enzyme. <strong>Magnesium aspartate<\/strong> \u1ee9c ch\u1ebf c\u00e1c ph\u1ea3n \u1ee9ng th\u1ea7n kinh v\u00e0 c\u01a1, n\u00f3 c\u0169ng c\u1ea7n cho c\u00e1c enzym trong qu\u00e1 tr\u00ecnh trao \u0111\u1ed5i ch\u1ea5t.<\/p>\n<p>S\u1ef1 k\u1ebft h\u1ee3p h\u00e0i h\u00f2a gi\u1eefa c\u00e1c th\u00e0nh ph\u1ea7n tr\u00ean gi\u00fap s\u1ea3n ph\u1ea9m ti\u00eam <strong>ATP-BIOPHYL <\/strong>tr\u1edf th\u00e0nh ngu\u1ed3n n\u0103ng l\u01b0\u1ee3ng m\u1ea1nh m\u1ebd, b\u1ed5 sung vitamin, kho\u00e1ng ch\u1ea5t, ch\u1ed1ng s\u1ef1 m\u1ecfi c\u01a1, gi\u00fap ng\u0103n ng\u1eeba t\u1ed5n th\u01b0\u01a1ng c\u1ee7a t\u1ebf b\u00e0o c\u01a1 b\u1eafp, ph\u1ee5c h\u1ed3i nhanh sau sinh s\u1ea3n, sau \u0111i\u1ec1u tr\u1ecb b\u1ec7nh.<\/p>\n<p><strong>C\u00d4NG D\u1ee4NG S\u1ea2N PH\u1ea8M<\/strong><\/p>\n<p>Ch\u1ed1ng suy nh\u01b0\u1ee3c, k\u00edch th\u00edch bi\u1ebfn d\u01b0\u1ee1ng, t\u0103ng l\u1ef1c, ch\u1ed1ng c\u00f2i c\u1ecdc.<\/p>\n<p>Gi\u00fap th\u00fa mau h\u1ed3i ph\u1ee5c sau khi m\u1eafc b\u1ec7nh, sau khi sinh \u0111\u1ebb.<\/p>\n<p>Ph\u00f2ng v\u00e0 tr\u1ecb c\u00e1c r\u1ed1i lo\u1ea1n c\u01a1 tr\u00ean heo, gia s\u00fac, gia c\u1ea7m.<\/p>\n<p>Ch\u1ed1ng stress do v\u1eadn chuy\u1ec3n, ph\u00f2ng b\u1ec7nh, ph\u1ee5c h\u1ed3i c\u00e1c r\u1ed1i lo\u1ea1n sinh s\u1ea3n nh\u01b0: s\u1ea9y thai, ch\u1eadm l\u00ean gi\u1ed1ng,\u2026<\/p>\n<p><strong>S\u1ea3n ph\u1ea9m c\u00f2n c\u00f3 t\u00e1c d\u1ee5ng b\u1ed3i b\u1ed5, t\u0103ng th\u1ec3 l\u1ef1c cho g\u00e0 \u0111\u00e1.<\/strong><\/p>\n<p><strong>CH\u1ed0NG CH\u1ec8 \u0110\u1ecaNH<\/strong><\/p>\n<p>Kh\u00f4ng d\u00f9ng qu\u00e1 li\u1ec1u ch\u1ec9 \u0111\u1ecbnh.<\/p>\n<p><strong>S\u1eec D\u1ee4NG<\/strong><\/p>\n<p>Ti\u00eam s\u00e2u v\u00e0o b\u1eafp th\u1ecbt.<\/p>\n<p>Heo con: 1ml\/5kg th\u1ec3 tr\u1ecdng\/ ng\u00e0y.<\/p>\n<p>Heo tr\u00ean 50kg: 1ml\/10kg th\u1ec3 tr\u1ecdng\/ ng\u00e0y.<\/p>\n<p>Heo n\u00e1i, heo n\u1ecdc: 1ml\/15kg th\u1ec3 tr\u1ecdng\/ ng\u00e0y.<\/p>\n<p>Tr\u00e2u, b\u00f2: 1ml\/25-30kg th\u1ec3 tr\u1ecdng\/ ng\u00e0y.<\/p>\n<p>Gia c\u1ea7m: 1ml\/4kg th\u1ec3 tr\u1ecdng\/ ng\u00e0y.<\/p>\n<p>D\u00f9ng li\u00ean t\u1ee5c t\u1eeb 2-3 ng\u00e0y.<\/p>\n<p><strong>Kh\u00f4ng c\u1ea7n th\u1eddi gian ng\u01b0ng thu\u1ed1c.<\/strong><\/p>\n<p><strong>B\u1ea2O QU\u1ea2N<\/strong><\/p>\n<p>N\u01a1i kh\u00f4 r\u00e1o, tho\u00e1ng m\u00e1t, nhi\u1ec7t \u0111\u1ed9 d\u01b0\u1edbi 30<sup>0<\/sup>C, tr\u00e1nh \u00e1nh n\u1eafng tr\u1ef1c ti\u1ebfp. Tr\u00e1nh xa t\u1ea7m tay tr\u1ebb em.<\/p>\n<p><strong>H\u1ea0N D\u00d9NG <\/strong><\/p>\n<p>24 th\u00e1ng k\u1ec3 t\u1eeb ng\u00e0y s\u1ea3n xu\u1ea5t.<\/p>\n<p><strong>\u0110\u00d3NG G\u00d3I<\/strong><\/p>\n<p>50ml, 100ml, 250ml<\/p>\n<p><strong>S\u1ed1 \u0111\u0103ng k\u00fd: MBP-127<\/strong><\/p>\n","protected":false},"excerpt":{"rendered":"<p><strong>TH\u00c0NH PH\u1ea6N:<br \/>\n<\/strong>Sodium Selenit<br \/>\nATP<br \/>\nPotassium aspara<br \/>\nMagnesium asparate<br \/>\nVitamin B12<br \/>\nDung m\u00f4i v\u1eeba \u0111\u1ee7<\/p>\n<p><strong>C\u00d4NG D\u1ee4NG:<br \/>\n<\/strong>Ch\u1ed1ng suy nh\u01b0\u1ee3c, k\u00edch th\u00edch bi\u1ebfn d\u01b0\u1ee1ng.<br \/>\nCh\u1ed1ng stress, ph\u00f2ng b\u1ec7nh, ph\u1ee5c h\u1ed3i c\u00e1c r\u1ed1i lo\u1ea1n sinh s\u1ea3n nh\u01b0: s\u1ea9y thai, ch\u1eadm l\u00ean gi\u1ed1ng,\u2026<\/p>\n","protected":false},"featured_media":10534,"comment_status":"closed","ping_status":"closed","template":"","meta":[],"product_brand":[],"product_cat":[106,62],"product_tag":[],"class_list":{"0":"post-3121","1":"product","2":"type-product","3":"status-publish","4":"has-post-thumbnail","6":"product_cat-san-pham-tieu-bieu","7":"product_cat-thuoc-thu-y","9":"first","10":"instock","11":"shipping-taxable","12":"purchasable","13":"product-type-variable","14":"has-default-attributes"},"_links":{"self":[{"href":"https:\/\/mebipha.com\/online\/wp-json\/wp\/v2\/product\/3121","targetHints":{"allow":["GET"]}}],"collection":[{"href":"https:\/\/mebipha.com\/online\/wp-json\/wp\/v2\/product"}],"about":[{"href":"https:\/\/mebipha.com\/online\/wp-json\/wp\/v2\/types\/product"}],"replies":[{"embeddable":true,"href":"https:\/\/mebipha.com\/online\/wp-json\/wp\/v2\/comments?post=3121"}],"wp:featuredmedia":[{"embeddable":true,"href":"https:\/\/mebipha.com\/online\/wp-json\/wp\/v2\/media\/10534"}],"wp:attachment":[{"href":"https:\/\/mebipha.com\/online\/wp-json\/wp\/v2\/media?parent=3121"}],"wp:term":[{"taxonomy":"product_brand","embeddable":true,"href":"https:\/\/mebipha.com\/online\/wp-json\/wp\/v2\/product_brand?post=3121"},{"taxonomy":"product_cat","embeddable":true,"href":"https:\/\/mebipha.com\/online\/wp-json\/wp\/v2\/product_cat?post=3121"},{"taxonomy":"product_tag","embeddable":true,"href":"https:\/\/mebipha.com\/online\/wp-json\/wp\/v2\/product_tag?post=3121"}],"curies":[{"name":"wp","href":"https:\/\/api.w.org\/{rel}","templated":true}]}}