{"id":10837,"date":"2024-11-22T16:49:53","date_gmt":"2024-11-22T09:49:53","guid":{"rendered":"https:\/\/mebipha.com\/online\/?post_type=product&#038;p=10837"},"modified":"2026-02-12T13:12:00","modified_gmt":"2026-02-12T06:12:00","slug":"rhodo-pnsn","status":"publish","type":"product","link":"https:\/\/mebipha.com\/online\/rhodo-pnsn\/","title":{"rendered":"RHODO PNSN"},"content":{"rendered":"<p><strong>D\u1ea0NG DUNG D\u1ecaCH<\/strong><\/p>\n<p><strong>CH\u1ebe PH\u1ea8M SINH H\u1eccC X\u1eec L\u00dd N\u01af\u1edaC V\u00c0 \u0110\u00c1Y AO NU\u00d4I TR\u1ed2NG TH\u1ee6Y S\u1ea2N<\/strong><\/p>\n<p><strong>TH\u00c0NH PH\u1ea6N<\/strong><\/p>\n<p>Rhodopseudomonas palustris (min): 1 x 10<sup>12<\/sup> CFU<\/p>\n<p>Rhodopseudomonas julia (min): 1 x 10<sup>12<\/sup> CFU<\/p>\n<p>Rhodovulum sulfidophilum (min): 1 x 10<sup>12<\/sup> CFU<\/p>\n<p>Rhodobacter sphaeroides (min): 1 x 10<sup>12<\/sup> CFU<\/p>\n<p>Ethoxyquin: kh\u00f4ng c\u00f3<\/p>\n<p>Kh\u00e1ng sinh, ch\u1ea5t c\u1ea5m: Kh\u00f4ng c\u00f3<\/p>\n<p>Dung m\u00f4i v\u1eeba \u0111\u1ee7: 1 l\u00edt<\/p>\n<p><strong>NGUY\u00caN LI\u1ec6U<\/strong><\/p>\n<p>Rhodopseudomonas palustris, Rhodopseudomonas julia, Rhodovulum sulfidophilum, Rhodobacter sphaeroides, n\u01b0\u1edbc tinh khi\u1ebft.<\/p>\n<p><strong>C\u00d4NG D\u1ee4NG<\/strong><\/p>\n<p>C\u1ea3i thi\u1ec7n ch\u1ea5t l\u01b0\u1ee3ng n\u01b0\u1edbc, gi\u1ea3m c\u00e1c ch\u1ea5t \u0111\u1ed9c trong ao nu\u00f4i tr\u1ed3ng th\u1ee7y s\u1ea3n: gi\u1ea3m COD, NH3, NO2, H2S, kim lo\u1ea1i n\u1eb7ng.<\/p>\n<p>Ph\u00e2n h\u1ee7y nhanh c\u00e1c ch\u1ea5t h\u1eefu c\u01a1, th\u1ee9c \u0103n th\u1eeba, ph\u00e2n c\u1ee7a t\u00f4m.<\/p>\n<p>L\u00e0m s\u1ea1ch \u0111\u00e1y ao.<\/p>\n<p>L\u00e0m s\u1ea1ch v\u00e0 \u1ed5n \u0111\u1ecbnh m\u00f4i tr\u01b0\u1eddng n\u01b0\u1edbc, l\u00e0m t\u0103ng hi\u1ec7u qu\u1ea3 ho\u1ea1t \u0111\u1ed9ng c\u1ee7a h\u1ec7 sinh th\u00e1i.<\/p>\n<p>T\u0103ng s\u1ee9c \u0111\u1ec1 kh\u00e1ng v\u00e0 n\u00e2ng cao n\u0103ng su\u1ea5t nu\u00f4i t\u00f4m.<\/p>\n<p>Gi\u00fap \u1ed5n \u0111\u1ecbnh pH m\u00f4i tr\u01b0\u1eddng n\u01b0\u1edbc.<\/p>\n<p>Kh\u1ed1ng ch\u1ea5t s\u1ef1 ph\u00e1t tri\u1ec3n v\u1ec1 s\u1ed1 l\u01b0\u1ee3ng vi khu\u1ea9n g\u00e2y b\u1ec7nh cho t\u00f4m, t\u1ea3o \u0111\u1eadm, t\u1ea3o \u0111\u1ed9c.<\/p>\n<p><strong>LI\u1ec0U D\u00d9NG<\/strong><\/p>\n<p>L\u1eafc \u0111\u1ec1u tr\u01b0\u1edbc khi s\u1eed d\u1ee5ng.<\/p>\n<p>Sau \u0111\u00f3 t\u1ea1t \u0111\u1ec1u xu\u1ed1ng ao, ch\u1ea1y qu\u1ea1t n\u01b0\u1edbc t\u1ed1i thi\u1ec3u l\u00e0 2 gi\u1edd sau khi s\u1eed d\u1ee5ng.<\/p>\n<p>Chu\u1ea9n b\u1ecb ao nu\u00f4i: 1-2 l\u00edt\/1.000m3<\/p>\n<p>Trong qu\u00e1 tr\u00ecnh nu\u00f4i: 1-1,5 l\u00edt\/1.000m3<\/p>\n<p>Th\u00e1ng th\u1ee9 1 &amp; 2: 1 l\u1ea7n\/tu\u1ea7n.<\/p>\n<p>Th\u00e1ng th\u1ee9 3 &amp; 4: 2 l\u1ea7n\/tu\u1ea7n.<\/p>\n<p>L\u01b0u \u00fd: kh\u00f4ng d\u00f9ng chung v\u1edbi c\u00e1c ch\u1ea5t kh\u1eed tr\u00f9ng kh\u00e1c.<\/p>\n<p>Th\u1eddi gian ng\u01b0ng s\u1eed d\u1ee5ng tr\u01b0\u1edbc khi thu ho\u1ea1ch: 0 ng\u00e0y.<\/p>\n<p><strong>B\u1ea2O QU\u1ea2N<\/strong><\/p>\n<p>N\u01a1i kh\u00f4 r\u00e1o, tho\u00e1ng m\u00e1t, nhi\u1ec7t \u0111\u1ed9 d\u01b0\u1edbi 30<sup>0<\/sup>C, tr\u00e1nh \u00e1nh n\u0103ng tr\u1ef1c ti\u1ebfp. Tr\u00e1nh xa t\u1ea7m tay tr\u1ebb em.<\/p>\n<p><strong>CH\u1ec8 D\u00d9NG TRONG NU\u00d4I TR\u1ed2NG TH\u1ee6Y S\u1ea2N<\/strong><\/p>\n","protected":false},"excerpt":{"rendered":"<p><strong>D\u1ea0NG DUNG D\u1ecaCH<\/strong><\/p>\n<p><strong>CH\u1ebe PH\u1ea8M SINH H\u1eccC X\u1eec L\u00dd N\u01af\u1edaC V\u00c0 \u0110\u00c1Y AO NU\u00d4I TR\u1ed2NG TH\u1ee6Y S\u1ea2N<\/strong><\/p>\n<p><strong>TH\u00c0NH PH\u1ea6N<\/strong><\/p>\n<p>Rhodopseudomonas palustris (min): 1 x 10<sup>12<\/sup> CFU<\/p>\n<p>Rhodopseudomonas julia (min): 1 x 10<sup>12<\/sup> CFU<\/p>\n<p>Rhodovulum sulfidophilum (min): 1 x 10<sup>12<\/sup> CFU<\/p>\n<p>Rhodobacter sphaeroides (min): 1 x 10<sup>12<\/sup> CFU<\/p>\n<p>Ethoxyquin: kh\u00f4ng c\u00f3<\/p>\n<p>Kh\u00e1ng sinh, ch\u1ea5t c\u1ea5m: Kh\u00f4ng c\u00f3<\/p>\n<p>Dung m\u00f4i v\u1eeba \u0111\u1ee7: 1 l\u00edt<\/p>\n<p><strong>NGUY\u00caN LI\u1ec6U<\/strong><\/p>\n<p>Rhodopseudomonas palustris, Rhodopseudomonas julia, Rhodovulum sulfidophilum, Rhodobacter sphaeroides, n\u01b0\u1edbc tinh khi\u1ebft.<\/p>\n<p><strong>C\u00d4NG D\u1ee4NG<\/strong><\/p>\n<p>C\u1ea3i thi\u1ec7n ch\u1ea5t l\u01b0\u1ee3ng n\u01b0\u1edbc, gi\u1ea3m c\u00e1c ch\u1ea5t \u0111\u1ed9c trong ao nu\u00f4i tr\u1ed3ng th\u1ee7y s\u1ea3n: gi\u1ea3m COD, NH3, NO2, H2S, kim lo\u1ea1i n\u1eb7ng.<\/p>\n<p>Ph\u00e2n h\u1ee7y nhanh c\u00e1c ch\u1ea5t h\u1eefu c\u01a1, th\u1ee9c \u0103n th\u1eeba, ph\u00e2n c\u1ee7a t\u00f4m.<\/p>\n<p>L\u00e0m s\u1ea1ch \u0111\u00e1y ao.<\/p>\n<p>L\u00e0m s\u1ea1ch v\u00e0 \u1ed5n \u0111\u1ecbnh m\u00f4i tr\u01b0\u1eddng n\u01b0\u1edbc, l\u00e0m t\u0103ng hi\u1ec7u qu\u1ea3 ho\u1ea1t \u0111\u1ed9ng c\u1ee7a h\u1ec7 sinh th\u00e1i.<\/p>\n<p>T\u0103ng s\u1ee9c \u0111\u1ec1 kh\u00e1ng v\u00e0 n\u00e2ng cao n\u0103ng su\u1ea5t nu\u00f4i t\u00f4m.<\/p>\n<p>Gi\u00fap \u1ed5n \u0111\u1ecbnh pH m\u00f4i tr\u01b0\u1eddng n\u01b0\u1edbc.<\/p>\n<p>Kh\u1ed1ng ch\u1ea5t s\u1ef1 ph\u00e1t tri\u1ec3n v\u1ec1 s\u1ed1 l\u01b0\u1ee3ng vi khu\u1ea9n g\u00e2y b\u1ec7nh cho t\u00f4m, t\u1ea3o \u0111\u1eadm, t\u1ea3o \u0111\u1ed9c.<\/p>\n","protected":false},"featured_media":11590,"comment_status":"closed","ping_status":"closed","template":"","meta":[],"product_brand":[],"product_cat":[71,130,132],"product_tag":[],"class_list":{"0":"post-10837","1":"product","2":"type-product","3":"status-publish","4":"has-post-thumbnail","6":"product_cat-thuoc-thuy-san","7":"product_cat-xu-ly-moi-truong-nuoi-trong-thuy-san","8":"product_cat-xu-ly-moi-truong-nuoi-trong-thuy-san-tom","10":"first","11":"instock","12":"shipping-taxable","13":"purchasable","14":"product-type-variable"},"_links":{"self":[{"href":"https:\/\/mebipha.com\/online\/wp-json\/wp\/v2\/product\/10837","targetHints":{"allow":["GET"]}}],"collection":[{"href":"https:\/\/mebipha.com\/online\/wp-json\/wp\/v2\/product"}],"about":[{"href":"https:\/\/mebipha.com\/online\/wp-json\/wp\/v2\/types\/product"}],"replies":[{"embeddable":true,"href":"https:\/\/mebipha.com\/online\/wp-json\/wp\/v2\/comments?post=10837"}],"wp:featuredmedia":[{"embeddable":true,"href":"https:\/\/mebipha.com\/online\/wp-json\/wp\/v2\/media\/11590"}],"wp:attachment":[{"href":"https:\/\/mebipha.com\/online\/wp-json\/wp\/v2\/media?parent=10837"}],"wp:term":[{"taxonomy":"product_brand","embeddable":true,"href":"https:\/\/mebipha.com\/online\/wp-json\/wp\/v2\/product_brand?post=10837"},{"taxonomy":"product_cat","embeddable":true,"href":"https:\/\/mebipha.com\/online\/wp-json\/wp\/v2\/product_cat?post=10837"},{"taxonomy":"product_tag","embeddable":true,"href":"https:\/\/mebipha.com\/online\/wp-json\/wp\/v2\/product_tag?post=10837"}],"curies":[{"name":"wp","href":"https:\/\/api.w.org\/{rel}","templated":true}]}}