{"id":10831,"date":"2024-11-22T16:40:14","date_gmt":"2024-11-22T09:40:14","guid":{"rendered":"https:\/\/mebipha.com\/online\/?post_type=product&#038;p=10831"},"modified":"2024-11-22T16:40:14","modified_gmt":"2024-11-22T09:40:14","slug":"asta-natural-tom","status":"publish","type":"product","link":"https:\/\/mebipha.com\/online\/asta-natural-tom\/","title":{"rendered":"ASTA NATURAL (T\u00d4M)"},"content":{"rendered":"<p><strong>S\u1ea2N PH\u1ea8M D\u1ea0NG B\u1ed8T<\/strong><\/p>\n<p><strong>T\u0102NG C\u01af\u1edcNG S\u1eaeC T\u1ed0 T\u00d4M<\/strong><\/p>\n<p><strong>TH\u00c0NH PH\u1ea6N<\/strong><\/p>\n<p>Astaxanthin (min): 2.000mg<\/p>\n<p>Retinyl acetate (min): 2.000.000 UI<\/p>\n<p>Cholecalciferol (min): 1.300.000 UI<\/p>\n<p>Cyanocobalamin (min): 25mg<\/p>\n<p>Kh\u00e1ng sinh, ch\u1ea5t c\u1ea5m: kh\u00f4ng c\u00f3<\/p>\n<p>Ethoxyquin: kh\u00f4ng c\u00f3<\/p>\n<p>Ph\u1ee5 gia c\u00f3 ch\u1ee9a canthaxanthin v\u00e0 glucose v\u1eeba \u0111\u1ee7: 1kg<\/p>\n<p><strong>NGUY\u00caN LI\u1ec6U<\/strong><\/p>\n<p>Astaxanthin, vitamin A (retinyl acetate), vitamin D3 (cholecalciferol), Vitamin B12, (Cyanocobalamin), Canthaxanthin, Glucose (Dextrose monohydrate).<\/p>\n<p><strong>C\u00d4NG D\u1ee4NG<\/strong><\/p>\n<p>K\u00edch ho\u1ea1t t\u0103ng sinh t\u1ebf b\u00e0o s\u1eafc t\u1ed1 trong c\u01a1 th\u1ec3 t\u00f4m, gi\u00fap t\u0103ng m\u00e0u s\u1eafc t\u1ef1 nhi\u00ean cho t\u00f4m th\u1ecbt, t\u00f4m c\u00f3 m\u00e0u \u0111\u1ecf h\u1ea5p d\u1eabn sau khi ch\u1ebf bi\u1ebfn.<\/p>\n<p>H\u1ed7 tr\u1ee3 gi\u1ea3m h\u1ed9i ch\u1ee9ng m\u00e0u xanh lam tr\u00ean t\u00f4m s\u00fa.<\/p>\n<p>T\u0103ng c\u01b0\u1eddng mi\u1ec5n d\u1ecbch, gi\u1ea3m stress, ch\u1ed1ng oxy h\u00f3a, t\u0103ng c\u01b0\u1eddng qu\u00e1 tr\u00ecnh trao \u0111\u1ed5i ch\u1ea5t gi\u00fap t\u00f4m h\u1ea5p thu ch\u1ea5t dinh d\u01b0\u1ee1ng t\u1ed1t v\u00e0 t\u0103ng tr\u01b0\u1edfng nhanh.<\/p>\n<p>T\u0103ng kh\u1ea3 n\u0103ng sinh s\u1ea3n, gi\u00fap t\u00f4m b\u1ed1 m\u1eb9 nhanh l\u00ean tr\u1ee9ng v\u00e0 \u0111\u1ea1t t\u1ec9 l\u1ec7 s\u1ed1ng cao.<\/p>\n<p>N\u00e2ng cao n\u0103ng su\u1ea5t v\u00e0 gi\u00e1 tr\u1ecb t\u00f4m th\u01b0\u01a1ng ph\u1ea9m.<\/p>\n<p><strong>H\u01af\u1edaNG D\u1eaaN S\u1eec D\u1ee4NG V\u00c0 LI\u1ec0U D\u00d9NG<\/strong><\/p>\n<p>Tr\u1ed9n v\u00e0o th\u1ee9c \u0103n: 2-3g\/1kg th\u1ee9c \u0103n t\u01b0\u01a1ng \u0111\u01b0\u01a1ng 1kg\/500kg th\u1ee9c \u0103n, d\u00f9ng li\u00ean t\u1ee5c trong su\u1ed1t th\u1eddi gian nu\u00f4i.<\/p>\n<p>T\u00f4m 1 th\u00e1ng cu\u1ed1i tr\u01b0\u1edbc khi thu ho\u1ea1ch: tr\u1ed9n 3-5g\/1kg th\u1ee9c \u0103n t\u01b0\u01a1ng \u0111\u01b0\u01a1ng 1kg\/250-350kg th\u1ee9c \u0103n.<\/p>\n<p>Tr\u01b0\u1eddng h\u1ee3p t\u00f4m con gi\u1ea3m \u0103n, c\u00f3 th\u1ec3 d\u00f9ng ASTA NATURAL t\u1ea1t tr\u1ef1c ti\u1ebfp v\u00e0o ao nu\u00f4i v\u1edbi li\u1ec1u: 1kg\/3.000-5.000m3 n\u01b0\u1edbc, d\u00f9ng li\u00ean t\u1ee5c 2-3 ng\u00e0y.<\/p>\n<p>Ch\u00fa \u00fd: kh\u00f4ng d\u00f9ng qu\u00e1 li\u1ec1u ch\u1ec9 \u0111\u1ecbnh<\/p>\n<p>Th\u1eddi gian ng\u01b0ng s\u1eed d\u1ee5ng tr\u01b0\u1edbc khi thu ho\u1ea1ch: 0 ng\u00e0y.<\/p>\n<p><strong>B\u1ea2O QU\u1ea2N<\/strong><\/p>\n<p>N\u01a1i kh\u00f4 r\u00e1o, tho\u00e1ng m\u00e1t, nhi\u1ec7t \u0111\u1ed9 d\u01b0\u1edbi 30<sup>0<\/sup>C, tr\u00e1nh \u00e1nh n\u0103ng tr\u1ef1c ti\u1ebfp. Tr\u00e1nh xa t\u1ea7m tay tr\u1ebb em.<\/p>\n<p><strong>CH\u1ec8 D\u00d9NG TRONG NU\u00d4I TR\u1ed2NG TH\u1ee6Y S\u1ea2N<\/strong><\/p>\n","protected":false},"excerpt":{"rendered":"<p><strong>S\u1ea2N PH\u1ea8M D\u1ea0NG B\u1ed8T<\/strong><\/p>\n<p><strong>T\u0102NG C\u01af\u1edcNG S\u1eaeC T\u1ed0 T\u00d4M<\/strong><\/p>\n<p><strong>TH\u00c0NH PH\u1ea6N<\/strong><\/p>\n<p>Astaxanthin (min): 2.000mg<\/p>\n<p>Retinyl acetate (min): 2.000.000 UI<\/p>\n<p>Cholecalciferol (min): 1.300.000 UI<\/p>\n<p>Cyanocobalamin (min): 25mg<\/p>\n<p>Kh\u00e1ng sinh, ch\u1ea5t c\u1ea5m: kh\u00f4ng c\u00f3<\/p>\n<p>Ethoxyquin: kh\u00f4ng c\u00f3<\/p>\n<p>Ph\u1ee5 gia c\u00f3 ch\u1ee9a canthaxanthin v\u00e0 glucose v\u1eeba \u0111\u1ee7: 1kg<\/p>\n<p><strong>NGUY\u00caN LI\u1ec6U<\/strong><\/p>\n<p>Astaxanthin, vitamin A (retinyl acetate), vitamin D3 (cholecalciferol), Vitamin B12, (Cyanocobalamin), Canthaxanthin, Glucose (Dextrose monohydrate).<\/p>\n<p><strong>C\u00d4NG D\u1ee4NG<\/strong><\/p>\n<p>K\u00edch ho\u1ea1t t\u0103ng sinh t\u1ebf b\u00e0o s\u1eafc t\u1ed1 trong c\u01a1 th\u1ec3 t\u00f4m, gi\u00fap t\u0103ng m\u00e0u s\u1eafc t\u1ef1 nhi\u00ean cho t\u00f4m th\u1ecbt, t\u00f4m c\u00f3 m\u00e0u \u0111\u1ecf h\u1ea5p d\u1eabn sau khi ch\u1ebf bi\u1ebfn.<\/p>\n<p>H\u1ed7 tr\u1ee3 gi\u1ea3m h\u1ed9i ch\u1ee9ng m\u00e0u xanh lam tr\u00ean t\u00f4m s\u00fa.<\/p>\n<p>T\u0103ng c\u01b0\u1eddng mi\u1ec5n d\u1ecbch, gi\u1ea3m stress, ch\u1ed1ng oxy h\u00f3a, t\u0103ng c\u01b0\u1eddng qu\u00e1 tr\u00ecnh trao \u0111\u1ed5i ch\u1ea5t gi\u00fap t\u00f4m h\u1ea5p thu ch\u1ea5t dinh d\u01b0\u1ee1ng t\u1ed1t v\u00e0 t\u0103ng tr\u01b0\u1edfng nhanh.<\/p>\n<p>T\u0103ng kh\u1ea3 n\u0103ng sinh s\u1ea3n, gi\u00fap t\u00f4m b\u1ed1 m\u1eb9 nhanh l\u00ean tr\u1ee9ng v\u00e0 \u0111\u1ea1t t\u1ec9 l\u1ec7 s\u1ed1ng cao.<\/p>\n<p>N\u00e2ng cao n\u0103ng su\u1ea5t v\u00e0 gi\u00e1 tr\u1ecb t\u00f4m th\u01b0\u01a1ng ph\u1ea9m.<\/p>\n","protected":false},"featured_media":10812,"comment_status":"closed","ping_status":"closed","template":"","meta":[],"product_brand":[],"product_cat":[71,134],"product_tag":[],"class_list":{"0":"post-10831","1":"product","2":"type-product","3":"status-publish","4":"has-post-thumbnail","6":"product_cat-thuoc-thuy-san","7":"product_cat-thuoc-thuy-san-thuoc-thuy-san","9":"first","10":"instock","11":"shipping-taxable","12":"purchasable","13":"product-type-variable"},"_links":{"self":[{"href":"https:\/\/mebipha.com\/online\/wp-json\/wp\/v2\/product\/10831","targetHints":{"allow":["GET"]}}],"collection":[{"href":"https:\/\/mebipha.com\/online\/wp-json\/wp\/v2\/product"}],"about":[{"href":"https:\/\/mebipha.com\/online\/wp-json\/wp\/v2\/types\/product"}],"replies":[{"embeddable":true,"href":"https:\/\/mebipha.com\/online\/wp-json\/wp\/v2\/comments?post=10831"}],"wp:featuredmedia":[{"embeddable":true,"href":"https:\/\/mebipha.com\/online\/wp-json\/wp\/v2\/media\/10812"}],"wp:attachment":[{"href":"https:\/\/mebipha.com\/online\/wp-json\/wp\/v2\/media?parent=10831"}],"wp:term":[{"taxonomy":"product_brand","embeddable":true,"href":"https:\/\/mebipha.com\/online\/wp-json\/wp\/v2\/product_brand?post=10831"},{"taxonomy":"product_cat","embeddable":true,"href":"https:\/\/mebipha.com\/online\/wp-json\/wp\/v2\/product_cat?post=10831"},{"taxonomy":"product_tag","embeddable":true,"href":"https:\/\/mebipha.com\/online\/wp-json\/wp\/v2\/product_tag?post=10831"}],"curies":[{"name":"wp","href":"https:\/\/api.w.org\/{rel}","templated":true}]}}