{"id":10828,"date":"2024-11-22T16:33:02","date_gmt":"2024-11-22T09:33:02","guid":{"rendered":"https:\/\/mebipha.com\/online\/?post_type=product&#038;p=10828"},"modified":"2025-01-20T14:42:50","modified_gmt":"2025-01-20T07:42:50","slug":"vk-powder-natural-tom","status":"publish","type":"product","link":"https:\/\/mebipha.com\/online\/vk-powder-natural-tom\/","title":{"rendered":"VK POWDER NATURAL (T\u00d4M)"},"content":{"rendered":"<p><strong>S\u1ea2N PH\u1ea8M D\u1ea0NG B\u1ed8T<\/strong><\/p>\n<p><strong>KHO\u00c1NG CH\u1ea4T T\u1ef0 NHI\u00caN D\u1ec4 H\u1ea4P THU, C\u00c2N B\u1eb0NG KHO\u00c1NG CH\u1ea4T, T\u00d4M L\u1edaN NHANH, C\u1ee8NG V\u1ece, \u0110\u1ed2NG \u0110\u1ec0U.<\/strong><\/p>\n<p><strong>TH\u00c0NH PH\u1ea6N<\/strong><\/p>\n<p>SiO2 (min-max): 450-750g<\/p>\n<p>Al2O3 (min-max): 60-150g<\/p>\n<p>CaO (min-max): 30-80g<\/p>\n<p>K2O (min-max): 10-40g<\/p>\n<p>Kh\u00e1ng sinh, ch\u1ea5t c\u1ea5m: kh\u00f4ng c\u00f3<\/p>\n<p>Ethoxyquin: kh\u00f4ng c\u00f3<\/p>\n<p>Ph\u1ee5 gia c\u00f3 ch\u1ee9a Fe2O3, MgO, Na2O v\u00e0 ch\u1ea5t mang v\u1eeba \u0111\u1ee7: 1kg<\/p>\n<p><strong>NGUY\u00caN LI\u1ec6U<\/strong><\/p>\n<p>SiO2, Al2O3, CaO, K2O, Fe2O3, MgO, Na2O, monocalcium phosphate.<\/p>\n<p><strong>C\u00d4NG D\u1ee4NG<\/strong><\/p>\n<p>Cung c\u1ea5p kho\u00e1ng ch\u1ea5t t\u1ef1 nhi\u00ean thi\u1ebft y\u1ebfu cho t\u00f4m v\u00e0 \u0111\u00e1y ao.<\/p>\n<p>K\u00edch th\u00edch v\u00e0 \u1ed5n \u0111\u1ecbnh t\u1ea3o silic ph\u00e1t tri\u1ec3n, t\u1ea1p ngu\u1ed3n th\u1ee9c \u0103n t\u1ef1 nhi\u00ean cho t\u00f4m.<\/p>\n<p>H\u1ea5p thu kh\u00ed \u0111\u1ed9c NH3: l\u1eafng t\u1ee5 h\u1ee3p ch\u1ea5t h\u1eefu c\u01a1 l\u01a1 l\u1eedng trong ao nu\u00f4i t\u00f4m.<\/p>\n<p>Gi\u00fap t\u00f4m ch\u1eafc kh\u1ecfe, c\u1ee9ng v\u1ecf nhanh.<\/p>\n<p><strong>H\u01af\u1edaNG D\u1eaaN S\u1eec D\u1ee4NG V\u00c0 LI\u1ec0U D\u00d9NG<\/strong><\/p>\n<p>C\u1ea3i t\u1ea1o ao \u0111\u1ea5t: s\u1eed d\u1ee5ng 10kg\/1.000m2, ph\u01a1i kh\u00f4 n\u1ec1n \u0111\u00e1y r\u1ed3i l\u1ea5y n\u01b0\u1edbc v\u00e0o ao.<\/p>\n<p>G\u00e2y m\u00e0u n\u01b0\u1edbc: s\u1eed d\u1ee5ng 2-3kg\/1.000m2<\/p>\n<p>S\u1eed d\u1ee5ng trong th\u1eddi gian nu\u00f4i:<\/p>\n<p>Th\u00e1ng \u0111\u1ea7u ti\u00ean: s\u1eed d\u1ee5ng 2kg\/1.000m3, \u0111\u1ecbnh k\u1ef3 5-7 ng\u00e0y\/l\u1ea7n.<\/p>\n<p>Th\u00e1ng th\u1ee9 2: s\u1eed d\u1ee5ng 3-4kg\/1.000m3, \u0111\u1ecbnh k\u1ef3 3-5 ng\u00e0y\/l\u1ea7n.<\/p>\n<p>L\u1eafng t\u1ee5 h\u1ee3p ch\u1ea5t h\u1eefu c\u01a1 l\u01a1 l\u1eedng, \u0111\u00e1y ao b\u1ecb \u00f4 nhi\u1ec5m, x\u1eed l\u00fd kim lo\u1ea1i n\u1eb7ng: s\u1eed d\u1ee5ng 5-7kg\/1.000m3.<\/p>\n<p>T\u00f4m l\u1ed9t x\u00e1c \u0111\u1ed3ng lo\u1ea1t, t\u1ea3o t\u00e0n: s\u1eed d\u1ee5ng 5-7kg\/1.000m3<\/p>\n<p>Th\u1eddi gian ng\u01b0ng s\u1eed d\u1ee5ng tr\u01b0\u1edbc khi thu ho\u1ea1ch: 0 ng\u00e0y.<\/p>\n<p><strong>B\u1ea2O QU\u1ea2N<\/strong><\/p>\n<p>N\u01a1i kh\u00f4 r\u00e1o, tho\u00e1ng m\u00e1t, nhi\u1ec7t \u0111\u1ed9 d\u01b0\u1edbi 300C, tr\u00e1nh \u00e1nh n\u0103ng tr\u1ef1c ti\u1ebfp. Tr\u00e1nh xa t\u1ea7m tay tr\u1ebb em.<\/p>\n<p><strong>CH\u1ec8 D\u00d9NG TRONG NU\u00d4I TR\u1ed2NG TH\u1ee6Y S\u1ea2N<\/strong><\/p>\n","protected":false},"excerpt":{"rendered":"<p><strong>S\u1ea2N PH\u1ea8M D\u1ea0NG B\u1ed8T<\/strong><\/p>\n<p><strong>KHO\u00c1NG CH\u1ea4T T\u1ef0 NHI\u00caN D\u1ec4 H\u1ea4P THU, C\u00c2N B\u1eb0NG KHO\u00c1NG CH\u1ea4T, T\u00d4M L\u1edaN NHANH, C\u1ee8NG V\u1ece, \u0110\u1ed2NG \u0110\u1ec0U.<\/strong><\/p>\n<p><strong>TH\u00c0NH PH\u1ea6N<\/strong><\/p>\n<p>SiO2 (min-max): 450-750g<\/p>\n<p>Al2O3 (min-max): 60-150g<\/p>\n<p>CaO (min-max): 30-80g<\/p>\n<p>K2O (min-max): 10-40g<\/p>\n<p>Kh\u00e1ng sinh, ch\u1ea5t c\u1ea5m: kh\u00f4ng c\u00f3<\/p>\n<p>Ethoxyquin: kh\u00f4ng c\u00f3<\/p>\n<p>Ph\u1ee5 gia c\u00f3 ch\u1ee9a Fe2O3, MgO, Na2O v\u00e0 ch\u1ea5t mang v\u1eeba \u0111\u1ee7: 1kg<\/p>\n<p><strong>NGUY\u00caN LI\u1ec6U<\/strong><\/p>\n<p>SiO2, Al2O3, CaO, K2O, Fe2O3, MgO, Na2O, monocalcium phosphate.<\/p>\n<p><strong>C\u00d4NG D\u1ee4NG<\/strong><\/p>\n<p>Cung c\u1ea5p kho\u00e1ng ch\u1ea5t t\u1ef1 nhi\u00ean thi\u1ebft y\u1ebfu cho t\u00f4m v\u00e0 \u0111\u00e1y ao.<\/p>\n<p>K\u00edch th\u00edch v\u00e0 \u1ed5n \u0111\u1ecbnh t\u1ea3o silic ph\u00e1t tri\u1ec3n, t\u1ea1p ngu\u1ed3n th\u1ee9c \u0103n t\u1ef1 nhi\u00ean cho t\u00f4m.<\/p>\n<p>H\u1ea5p thu kh\u00ed \u0111\u1ed9c NH3: l\u1eafng t\u1ee5 h\u1ee3p ch\u1ea5t h\u1eefu c\u01a1 l\u01a1 l\u1eedng trong ao nu\u00f4i t\u00f4m.<\/p>\n<p>Gi\u00fap t\u00f4m ch\u1eafc kh\u1ecfe, c\u1ee9ng v\u1ecf nhanh.<\/p>\n","protected":false},"featured_media":10911,"comment_status":"closed","ping_status":"closed","template":"","meta":[],"product_brand":[],"product_cat":[71,134],"product_tag":[],"class_list":{"0":"post-10828","1":"product","2":"type-product","3":"status-publish","4":"has-post-thumbnail","6":"product_cat-thuoc-thuy-san","7":"product_cat-thuoc-thuy-san-thuoc-thuy-san","9":"first","10":"instock","11":"shipping-taxable","12":"purchasable","13":"product-type-variable"},"_links":{"self":[{"href":"https:\/\/mebipha.com\/online\/wp-json\/wp\/v2\/product\/10828","targetHints":{"allow":["GET"]}}],"collection":[{"href":"https:\/\/mebipha.com\/online\/wp-json\/wp\/v2\/product"}],"about":[{"href":"https:\/\/mebipha.com\/online\/wp-json\/wp\/v2\/types\/product"}],"replies":[{"embeddable":true,"href":"https:\/\/mebipha.com\/online\/wp-json\/wp\/v2\/comments?post=10828"}],"wp:featuredmedia":[{"embeddable":true,"href":"https:\/\/mebipha.com\/online\/wp-json\/wp\/v2\/media\/10911"}],"wp:attachment":[{"href":"https:\/\/mebipha.com\/online\/wp-json\/wp\/v2\/media?parent=10828"}],"wp:term":[{"taxonomy":"product_brand","embeddable":true,"href":"https:\/\/mebipha.com\/online\/wp-json\/wp\/v2\/product_brand?post=10828"},{"taxonomy":"product_cat","embeddable":true,"href":"https:\/\/mebipha.com\/online\/wp-json\/wp\/v2\/product_cat?post=10828"},{"taxonomy":"product_tag","embeddable":true,"href":"https:\/\/mebipha.com\/online\/wp-json\/wp\/v2\/product_tag?post=10828"}],"curies":[{"name":"wp","href":"https:\/\/api.w.org\/{rel}","templated":true}]}}