{"id":10824,"date":"2024-11-22T16:24:23","date_gmt":"2024-11-22T09:24:23","guid":{"rendered":"https:\/\/mebipha.com\/online\/?post_type=product&#038;p=10824"},"modified":"2024-12-13T08:43:28","modified_gmt":"2024-12-13T01:43:28","slug":"imuno-antivirus","status":"publish","type":"product","link":"https:\/\/mebipha.com\/online\/imuno-antivirus\/","title":{"rendered":"IMUNO ANTIVIRUS"},"content":{"rendered":"<p><strong>ORGANIC<\/strong><\/p>\n<p><strong>DUNG D\u1ecaCH U\u1ed0NG<\/strong><\/p>\n<p><strong>D\u00d9NG \u0110\u1ecaNH K\u1ef2 &#8211; N\u00c2NG CAO S\u1ee8C \u0110\u1ec0 KH\u00c1NG<\/strong><\/p>\n<p><strong>H\u1ed6 TR\u1ee2 \u0110I\u1ec0U TR\u1eca B\u1ec6NH \u2013 N\u00c2NG CAO N\u0102NG SU\u1ea4T<\/strong><\/p>\n<p><strong>T\u0102NG TR\u01af\u1edeNG NHANH<\/strong><\/p>\n<p><strong>GI\u1ea2M HO, T\u0102NG MI\u1ec4N D\u1ecaCH, KH\u00c1NG VIRUS<\/strong><\/p>\n<p><strong>TH\u00c0NH PH\u1ea6N<\/strong><\/p>\n<p>Tr\u1eafc b\u00e1ch di\u1ec7p: 120g<\/p>\n<p>Sinh kh\u01b0\u01a1ng: 60g<\/p>\n<p>Kh\u01b0\u01a1ng ho\u1ea1t: 90g<\/p>\n<p>\u0110\u1eb3ng s\u00e2m: 140g<\/p>\n<p>Ch\u1ea5t c\u1ea5m: kh\u00f4ng c\u00f3<\/p>\n<p>Ph\u1ee5 gia c\u00f3 ch\u1ee9a kh\u00e1ng th\u1ec3 kh\u00f4ng \u0111\u1eb7c hi\u1ec7u IgY v\u00e0 dung m\u00f4i v\u1eeba \u0111\u1ee7 1 l\u00edt<\/p>\n<p><strong>NGUY\u00caN LI\u1ec6U<\/strong><\/p>\n<p>Tr\u1eafc b\u00e1ch di\u1ec7p, sinh kh\u01b0\u01a1ng, \u0111\u1eb3ng s\u00e2m, kh\u01b0\u01a1ng ho\u1ea1t, c\u1ecf m\u1ef1c, kh\u00e1ng th\u1ec3 kh\u00f4ng \u0111\u1eb7c hi\u1ec7u IgY, n\u01b0\u1edbc tinh khi\u1ebft.<\/p>\n<p><strong>C\u00d4NG D\u1ee4NG<\/strong><\/p>\n<p>H\u1ed7 tr\u1ee3 \u0111i\u1ec1u tr\u1ecb vi\u00eam thanh kh\u00ed qu\u1ea3n truy\u1ec1n nhi\u1ec5m, CRD, CCRD, t\u1ee5 huy\u1ebft tr\u00f9ng tr\u00ean gia c\u1ea7m, th\u1ee7y c\u1ea7m.<\/p>\n<p>H\u1ed7 tr\u1ee3 \u0111i\u1ec1u tr\u1ecb b\u1ec7nh c\u00fam gia c\u1ea7m, H5N7, H7N9, H9N2, b\u1ec7nh \u0111\u1eadu g\u00e0,\u2026<\/p>\n<p>Ch\u1ed1ng xu\u1ea5t huy\u1ebft, c\u1ea7m m\u00e1u trong vi\u00eam ru\u1ed9t ho\u1ea1i t\u1eed, h\u1ea1 s\u1ed1t sau 12 gi\u1edd.<\/p>\n<p>Ch\u1ee7 \u0111\u1ed9ng ph\u00f2ng b\u1ec7nh, n\u00e2ng cao n\u0103ng su\u1ea5t.<\/p>\n<p>Gi\u1ea3m hao h\u1ee5t \u1edf gia c\u1ea7m con.<\/p>\n<p>D\u00f9ng k\u1ebft h\u1ee3p v\u1edbi kh\u00e1ng sinh h\u1ed7 tr\u1ee3 \u0111i\u1ec1u tr\u1ecb b\u1ec7nh nhanh ch\u00f3ng.<\/p>\n<p><strong>LI\u1ec0U D\u00d9NG<\/strong><\/p>\n<p>Pha v\u00e0o n\u01b0\u1edbc u\u1ed1ng<\/p>\n<p>Li\u1ec1u t\u1ed5ng qu\u00e1t: 1ml\/10-15kg th\u1ec3 tr\u1ecdng.<\/p>\n<p>D\u00f9ng \u0111\u1ecbnh k\u00ec: 1ml\/2 l\u00edt n\u01b0\u1edbc u\u1ed1ng, li\u00ean t\u1ee5c t\u1eeb 3-4 ng\u00e0y. \u0110\u1ecbnh k\u1ef3 2 tu\u1ea7n d\u00f9ng 1 \u0111\u1ee3t.<\/p>\n<p>\u00c1p l\u1ef1c b\u1ec7nh m\u1ea1nh nh\u01b0 c\u00fam H9: 1ml\/10kg th\u1ec3 tr\u1ecdng ho\u1eb7c 1ml\/1 l\u00edt n\u01b0\u1edbc u\u1ed1ng, ng\u00e0y d\u00f9ng 2 l\u1ea7n s\u00e1ng v\u00e0 chi\u1ec1u<\/p>\n<p>H\u1ed7 tr\u1ee3 \u0111i\u1ec1u tr\u1ecb d\u00f9ng k\u1ebft h\u1ee3p v\u1edbi kh\u00e1ng sinh 1ml\/1 l\u00edt n\u01b0\u1edbc u\u1ed1ng, d\u00f9ng li\u00ean t\u1ee5c 5-7 ng\u00e0y.<\/p>\n<p><strong>B\u1ea2O QU\u1ea2N<\/strong><\/p>\n<p>N\u01a1i kh\u00f4 r\u00e1o, tho\u00e1ng m\u00e1t, nhi\u1ec7t \u0111\u1ed9 d\u01b0\u1edbi 30<sup>0<\/sup>C, tr\u00e1nh \u00e1nh n\u0103ng tr\u1ef1c ti\u1ebfp. Tr\u00e1nh xa t\u1ea7m tay tr\u1ebb em.<\/p>\n<p><strong>CH\u1ec8 D\u00d9NG TRONG CH\u0102N NU\u00d4I<\/strong><\/p>\n","protected":false},"excerpt":{"rendered":"<p><strong>ORGANIC<\/strong><\/p>\n<p><strong>DUNG D\u1ecaCH U\u1ed0NG<\/strong><\/p>\n<p><strong>D\u00d9NG \u0110\u1ecaNH K\u1ef2 &#8211; N\u00c2NG CAO S\u1ee8C \u0110\u1ec0 KH\u00c1NG<\/strong><\/p>\n<p><strong>H\u1ed6 TR\u1ee2 \u0110I\u1ec0U TR\u1eca B\u1ec6NH \u2013 N\u00c2NG CAO N\u0102NG SU\u1ea4T<\/strong><\/p>\n<p><strong>T\u0102NG TR\u01af\u1edeNG NHANH<\/strong><\/p>\n<p><strong>GI\u1ea2M HO, T\u0102NG MI\u1ec4N D\u1ecaCH, KH\u00c1NG VIRUS<\/strong><\/p>\n<p><strong>TH\u00c0NH PH\u1ea6N<\/strong><\/p>\n<p>Tr\u1eafc b\u00e1ch di\u1ec7p: 120g<\/p>\n<p>Sinh kh\u01b0\u01a1ng: 60g<\/p>\n<p>Kh\u01b0\u01a1ng ho\u1ea1t: 90g<\/p>\n<p>\u0110\u1eb3ng s\u00e2m: 140g<\/p>\n<p>Ch\u1ea5t c\u1ea5m: kh\u00f4ng c\u00f3<\/p>\n<p>Ph\u1ee5 gia c\u00f3 ch\u1ee9a kh\u00e1ng th\u1ec3 kh\u00f4ng \u0111\u1eb7c hi\u1ec7u IgY v\u00e0 dung m\u00f4i v\u1eeba \u0111\u1ee7 1 l\u00edt<\/p>\n<p><strong>NGUY\u00caN LI\u1ec6U<\/strong><\/p>\n<p>Tr\u1eafc b\u00e1ch di\u1ec7p, sinh kh\u01b0\u01a1ng, \u0111\u1eb3ng s\u00e2m, kh\u01b0\u01a1ng ho\u1ea1t, c\u1ecf m\u1ef1c, kh\u00e1ng th\u1ec3 kh\u00f4ng \u0111\u1eb7c hi\u1ec7u IgY, n\u01b0\u1edbc tinh khi\u1ebft.<\/p>\n<p><strong>C\u00d4NG D\u1ee4NG<\/strong><\/p>\n<p>H\u1ed7 tr\u1ee3 \u0111i\u1ec1u tr\u1ecb vi\u00eam thanh kh\u00ed qu\u1ea3n truy\u1ec1n nhi\u1ec5m, CRD, CCRD, t\u1ee5 huy\u1ebft tr\u00f9ng tr\u00ean gia c\u1ea7m, th\u1ee7y c\u1ea7m.<\/p>\n<p>H\u1ed7 tr\u1ee3 \u0111i\u1ec1u tr\u1ecb b\u1ec7nh c\u00fam gia c\u1ea7m, H5N7, H7N9, H9N2, b\u1ec7nh \u0111\u1eadu g\u00e0,\u2026<\/p>\n<p>Ch\u1ed1ng xu\u1ea5t huy\u1ebft, c\u1ea7m m\u00e1u trong vi\u00eam ru\u1ed9t ho\u1ea1i t\u1eed, h\u1ea1 s\u1ed1t sau 12 gi\u1edd.<\/p>\n<p>Ch\u1ee7 \u0111\u1ed9ng ph\u00f2ng b\u1ec7nh, n\u00e2ng cao n\u0103ng su\u1ea5t.<\/p>\n<p>Gi\u1ea3m hao h\u1ee5t \u1edf gia c\u1ea7m con.<\/p>\n<p>D\u00f9ng k\u1ebft h\u1ee3p v\u1edbi kh\u00e1ng sinh h\u1ed7 tr\u1ee3 \u0111i\u1ec1u tr\u1ecb b\u1ec7nh nhanh ch\u00f3ng.<\/p>\n<p>&nbsp;<\/p>\n","protected":false},"featured_media":10827,"comment_status":"closed","ping_status":"closed","template":"","meta":[],"product_brand":[],"product_cat":[62],"product_tag":[],"class_list":{"0":"post-10824","1":"product","2":"type-product","3":"status-publish","4":"has-post-thumbnail","6":"product_cat-thuoc-thu-y","8":"first","9":"instock","10":"shipping-taxable","11":"purchasable","12":"product-type-variable"},"_links":{"self":[{"href":"https:\/\/mebipha.com\/online\/wp-json\/wp\/v2\/product\/10824","targetHints":{"allow":["GET"]}}],"collection":[{"href":"https:\/\/mebipha.com\/online\/wp-json\/wp\/v2\/product"}],"about":[{"href":"https:\/\/mebipha.com\/online\/wp-json\/wp\/v2\/types\/product"}],"replies":[{"embeddable":true,"href":"https:\/\/mebipha.com\/online\/wp-json\/wp\/v2\/comments?post=10824"}],"wp:featuredmedia":[{"embeddable":true,"href":"https:\/\/mebipha.com\/online\/wp-json\/wp\/v2\/media\/10827"}],"wp:attachment":[{"href":"https:\/\/mebipha.com\/online\/wp-json\/wp\/v2\/media?parent=10824"}],"wp:term":[{"taxonomy":"product_brand","embeddable":true,"href":"https:\/\/mebipha.com\/online\/wp-json\/wp\/v2\/product_brand?post=10824"},{"taxonomy":"product_cat","embeddable":true,"href":"https:\/\/mebipha.com\/online\/wp-json\/wp\/v2\/product_cat?post=10824"},{"taxonomy":"product_tag","embeddable":true,"href":"https:\/\/mebipha.com\/online\/wp-json\/wp\/v2\/product_tag?post=10824"}],"curies":[{"name":"wp","href":"https:\/\/api.w.org\/{rel}","templated":true}]}}