{"id":10819,"date":"2024-11-22T10:57:53","date_gmt":"2024-11-22T03:57:53","guid":{"rendered":"https:\/\/mebipha.com\/online\/?post_type=product&#038;p=10819"},"modified":"2024-11-22T10:57:53","modified_gmt":"2024-11-22T03:57:53","slug":"immuno-antivirus-tom","status":"publish","type":"product","link":"https:\/\/mebipha.com\/online\/immuno-antivirus-tom\/","title":{"rendered":"IMMUNO ANTIVIRUS (T\u00d4M)"},"content":{"rendered":"<p><strong>ORGANIC<\/strong><\/p>\n<p><strong>D\u1ea0NG DUNG D\u1ecaCH<\/strong><\/p>\n<p><strong>H\u1ed6 TR\u1ee2 NG\u0102N NG\u1eeaA B\u1ec6NH EHP V\u00c0 \u0110\u1ed0M TR\u1eaeNG TR\u00caN T\u00d4M<\/strong><\/p>\n<p><strong>TH\u00c0NH PH\u1ea6N<\/strong><\/p>\n<p>Tr\u1eafc b\u00e1ch di\u1ec7p (min): 120g<\/p>\n<p>Sinh kh\u01b0\u01a1ng (min): 60g<\/p>\n<p>\u0110\u1eb3ng s\u00e2m (min): 140g<\/p>\n<p>Kh\u01b0\u01a1ng ho\u1ea1t (min): 90g<\/p>\n<p>C\u1ecf m\u1ef1c (min): 60g<\/p>\n<p>Kh\u00e1ng sinh, ch\u1ea5t c\u1ea5m: kh\u00f4ng c\u00f3<\/p>\n<p>Ethoxyquin: kh\u00f4ng c\u00f3<\/p>\n<p>Ph\u1ee5 gia c\u00f3 ch\u1ee9a ATP, Butaphosphan, nucleotide v\u00e0 dung m\u00f4i v\u1eeba \u0111\u1ee7: 1 l\u00edt<\/p>\n<p><strong>NGUY\u00caN LI\u1ec6U<\/strong><\/p>\n<p>Tr\u1eafc b\u00e1ch di\u1ec7p, sinh kh\u01b0\u01a1ng, \u0111\u1eb3ng s\u00e2m, kh\u01b0\u01a1ng ho\u1ea1t, c\u1ecf m\u1ef1c, ATP, Butaphosphan, nucleotide, n\u01b0\u1edbc tinh khi\u1ebft.<\/p>\n<p><strong>C\u00d4NG D\u1ee4NG<\/strong><\/p>\n<p>T\u0103ng c\u01b0\u1eddng h\u1ec7 mi\u1ec5n d\u1ecbch, gi\u00fap ng\u0103n ng\u1eeba y\u1ebfu t\u1ed1 g\u00e2y b\u1ec7nh vi b\u00e0o t\u1eed tr\u00f9ng do k\u00ed sinh tr\u00f9ng EHP, b\u1ec7nh \u0111\u1ed1m tr\u1eafng tr\u00ean t\u00f4m.<\/p>\n<p>Gi\u00fap t\u0103ng t\u1ec9 l\u1ec7 s\u1ed1ng tr\u00ean t\u00f4m.<\/p>\n<p>C\u1ea3i thi\u1ec7n kh\u1ea3 n\u0103ng ti\u00eau h\u00f3a.<\/p>\n<p>C\u1ea3i thi\u1ec7n ch\u1ea5t l\u01b0\u1ee3ng th\u1ecbt v\u00e0 gia t\u0103ng n\u0103ng su\u1ea5t.<\/p>\n<p><strong>LI\u1ec0U L\u01af\u1ee2NG V\u00c0 H\u01af\u1edaNG D\u1eaaN S\u1eec D\u1ee4NG<\/strong><\/p>\n<p>H\u00f2a v\u00e0o n\u01b0\u1edbc, tr\u1ed9n \u0111\u1ec1u v\u1edbi th\u1ee9c \u0103n, \u0111\u1ec3 r\u00e1o 15-30 ph\u00fat sau \u0111\u00f3 cho t\u00f4m \u0103n:<\/p>\n<p>B\u1ed5 sung v\u00e0o kh\u1ea9u ph\u1ea7n \u0103n h\u00e0ng ng\u00e0y c\u1ee7a t\u00f4m: 2-3ml\/1kg th\u1ee9c \u0103n, d\u00f9ng li\u00ean t\u1ee5c trong th\u1eddi gian nu\u00f4i.<\/p>\n<p>Khi t\u00f4m c\u00f3 d\u1ea5u hi\u1ec7u b\u1ec7nh ho\u1eb7c r\u1ed1i lo\u1ea1n ti\u00eau h\u00f3a: 4-5ml\/kg th\u1ee9c \u0103n, ng\u00e0y 2-3 c\u1eef, d\u00f9ng li\u00ean t\u1ee5c 5-7 ng\u00e0y.<\/p>\n<p>Th\u1eddi gian ng\u01b0ng s\u1eed d\u1ee5ng tr\u01b0\u1edbc khi thu ho\u1ea1ch: 0 ng\u00e0y.<\/p>\n<p><strong>B\u1ea2O QU\u1ea2N<\/strong><\/p>\n<p>N\u01a1i kh\u00f4 r\u00e1o, tho\u00e1ng m\u00e1t, nhi\u1ec7t \u0111\u1ed9 d\u01b0\u1edbi 300C, tr\u00e1nh \u00e1nh n\u0103ng tr\u1ef1c ti\u1ebfp. Tr\u00e1nh xa t\u1ea7m tay tr\u1ebb em.<\/p>\n<p><strong>CH\u1ec8 D\u00d9NG TRONG NU\u00d4I TR\u1ed2NG TH\u1ee6Y S\u1ea2N<\/strong><\/p>\n","protected":false},"excerpt":{"rendered":"<p><strong>ORGANIC<\/strong><\/p>\n<p><strong>D\u1ea0NG DUNG D\u1ecaCH<\/strong><\/p>\n<p><strong>H\u1ed6 TR\u1ee2 NG\u0102N NG\u1eeaA B\u1ec6NH EHP V\u00c0 \u0110\u1ed0M TR\u1eaeNG TR\u00caN T\u00d4M<\/strong><\/p>\n<p><strong>TH\u00c0NH PH\u1ea6N<\/strong><\/p>\n<p>Tr\u1eafc b\u00e1ch di\u1ec7p (min): 120g<\/p>\n<p>Sinh kh\u01b0\u01a1ng (min): 60g<\/p>\n<p>\u0110\u1eb3ng s\u00e2m (min): 140g<\/p>\n<p>Kh\u01b0\u01a1ng ho\u1ea1t (min): 90g<\/p>\n<p>C\u1ecf m\u1ef1c (min): 60g<\/p>\n<p>Kh\u00e1ng sinh, ch\u1ea5t c\u1ea5m: kh\u00f4ng c\u00f3<\/p>\n<p>Ethoxyquin: kh\u00f4ng c\u00f3<\/p>\n<p>Ph\u1ee5 gia c\u00f3 ch\u1ee9a ATP, Butaphosphan, nucleotide v\u00e0 dung m\u00f4i v\u1eeba \u0111\u1ee7: 1 l\u00edt<\/p>\n<p><strong>NGUY\u00caN LI\u1ec6U<\/strong><\/p>\n<p>Tr\u1eafc b\u00e1ch di\u1ec7p, sinh kh\u01b0\u01a1ng, \u0111\u1eb3ng s\u00e2m, kh\u01b0\u01a1ng ho\u1ea1t, c\u1ecf m\u1ef1c, ATP, Butaphosphan, nucleotide, n\u01b0\u1edbc tinh khi\u1ebft.<\/p>\n<p><strong>C\u00d4NG D\u1ee4NG<\/strong><\/p>\n<p>T\u0103ng c\u01b0\u1eddng h\u1ec7 mi\u1ec5n d\u1ecbch, gi\u00fap ng\u0103n ng\u1eeba y\u1ebfu t\u1ed1 g\u00e2y b\u1ec7nh vi b\u00e0o t\u1eed tr\u00f9ng do k\u00ed sinh tr\u00f9ng EHP, b\u1ec7nh \u0111\u1ed1m tr\u1eafng tr\u00ean t\u00f4m.<\/p>\n<p>Gi\u00fap t\u0103ng t\u1ec9 l\u1ec7 s\u1ed1ng tr\u00ean t\u00f4m.<\/p>\n<p>C\u1ea3i thi\u1ec7n kh\u1ea3 n\u0103ng ti\u00eau h\u00f3a.<\/p>\n<p>C\u1ea3i thi\u1ec7n ch\u1ea5t l\u01b0\u1ee3ng th\u1ecbt v\u00e0 gia t\u0103ng n\u0103ng su\u1ea5t.<\/p>\n","protected":false},"featured_media":10814,"comment_status":"closed","ping_status":"closed","template":"","meta":[],"product_brand":[],"product_cat":[71,134],"product_tag":[],"class_list":{"0":"post-10819","1":"product","2":"type-product","3":"status-publish","4":"has-post-thumbnail","6":"product_cat-thuoc-thuy-san","7":"product_cat-thuoc-thuy-san-thuoc-thuy-san","9":"first","10":"instock","11":"shipping-taxable","12":"purchasable","13":"product-type-variable"},"_links":{"self":[{"href":"https:\/\/mebipha.com\/online\/wp-json\/wp\/v2\/product\/10819","targetHints":{"allow":["GET"]}}],"collection":[{"href":"https:\/\/mebipha.com\/online\/wp-json\/wp\/v2\/product"}],"about":[{"href":"https:\/\/mebipha.com\/online\/wp-json\/wp\/v2\/types\/product"}],"replies":[{"embeddable":true,"href":"https:\/\/mebipha.com\/online\/wp-json\/wp\/v2\/comments?post=10819"}],"wp:featuredmedia":[{"embeddable":true,"href":"https:\/\/mebipha.com\/online\/wp-json\/wp\/v2\/media\/10814"}],"wp:attachment":[{"href":"https:\/\/mebipha.com\/online\/wp-json\/wp\/v2\/media?parent=10819"}],"wp:term":[{"taxonomy":"product_brand","embeddable":true,"href":"https:\/\/mebipha.com\/online\/wp-json\/wp\/v2\/product_brand?post=10819"},{"taxonomy":"product_cat","embeddable":true,"href":"https:\/\/mebipha.com\/online\/wp-json\/wp\/v2\/product_cat?post=10819"},{"taxonomy":"product_tag","embeddable":true,"href":"https:\/\/mebipha.com\/online\/wp-json\/wp\/v2\/product_tag?post=10819"}],"curies":[{"name":"wp","href":"https:\/\/api.w.org\/{rel}","templated":true}]}}