{"id":10810,"date":"2024-11-22T10:53:11","date_gmt":"2024-11-22T03:53:11","guid":{"rendered":"https:\/\/mebipha.com\/online\/?post_type=product&#038;p=10810"},"modified":"2024-11-22T10:53:11","modified_gmt":"2024-11-22T03:53:11","slug":"fenben-oral-tom","status":"publish","type":"product","link":"https:\/\/mebipha.com\/online\/fenben-oral-tom\/","title":{"rendered":"FENBEN ORAL (T\u00d4M)"},"content":{"rendered":"<p><strong>\u0110\u1eb6C TR\u1eca GIUN S\u00c1N<\/strong><\/p>\n<p><strong>C\u00d4NG TH\u1ee8C<\/strong><\/p>\n<p>Fenbendazole: 50.000mg<\/p>\n<p>T\u00e1 d\u01b0\u1ee3c v\u00e0 dung m\u00f4i v\u1eeba \u0111\u1ee7: 1 l\u00edt<\/p>\n<p><strong>CH\u1ec8 \u0110\u1ecaNH\u00a0\u00a0\u00a0\u00a0\u00a0\u00a0\u00a0\u00a0\u00a0\u00a0\u00a0\u00a0\u00a0\u00a0\u00a0\u00a0\u00a0\u00a0\u00a0\u00a0\u00a0\u00a0\u00a0\u00a0\u00a0\u00a0\u00a0\u00a0\u00a0<\/strong><\/p>\n<p>Ph\u00f2ng v\u00e0 tr\u1ecb c\u00e1c tr\u01b0\u1eddng h\u1ee3p nhi\u1ec5m ngo\u1ea1i k\u00fd sinh, nhi\u1ec5m giun tr\u00f2n v\u00e0 giun d\u1eb9p k\u00fd sinh trong d\u1ea1 d\u00e0y, ru\u1ed9t, \u0111\u01b0\u1eddng h\u00f4 h\u1ea5p v\u00e0 ti\u1ebft ni\u1ec7u.<\/p>\n<p><strong>LI\u1ec0U L\u01af\u1ee2NG &amp; H\u01af\u1edaNG D\u1eaaN S\u1eec D\u1ee4NG<\/strong><\/p>\n<p>L\u1eafc \u0111\u1ec1u tr\u01b0\u1edbc khi s\u1eed d\u1ee5ng.<\/p>\n<p>H\u00f2a tan v\u00e0o n\u01b0\u1edbc r\u1ed3i tr\u1ed9n \u0111\u1ec1u v\u1edbi th\u1ee9c \u0103n, \u0111\u1ec3 r\u00e1o 15 ph\u00fat sau \u0111\u00f3 m\u1edbi cho \u0103n.<\/p>\n<p>Li\u1ec1u tr\u1ecb: 1,5 \u2013 2ml \/1kg th\u1ee9c \u0103n\/ng\u00e0y, d\u00f9ng li\u00ean t\u1ee5c trong 2 ng\u00e0y.<\/p>\n<p>\u0110\u1ecbnh k\u1ef3 1 \u2013 2 th\u00e1ng x\u1ed5 1 l\u1ea7n.<\/p>\n","protected":false},"excerpt":{"rendered":"<p><strong>\u0110\u1eb6C TR\u1eca GIUN S\u00c1N<\/strong><\/p>\n<p><strong>C\u00d4NG TH\u1ee8C<\/strong><\/p>\n<p>Fenbendazole: 50.000mg<\/p>\n<p>T\u00e1 d\u01b0\u1ee3c v\u00e0 dung m\u00f4i v\u1eeba \u0111\u1ee7: 1 l\u00edt<\/p>\n<p><strong>CH\u1ec8 \u0110\u1ecaNH\u00a0\u00a0\u00a0\u00a0\u00a0\u00a0\u00a0\u00a0\u00a0\u00a0\u00a0\u00a0\u00a0\u00a0\u00a0\u00a0\u00a0\u00a0\u00a0\u00a0\u00a0\u00a0\u00a0\u00a0\u00a0\u00a0\u00a0\u00a0\u00a0<\/strong><\/p>\n<p>Ph\u00f2ng v\u00e0 tr\u1ecb c\u00e1c tr\u01b0\u1eddng h\u1ee3p nhi\u1ec5m ngo\u1ea1i k\u00fd sinh, nhi\u1ec5m giun tr\u00f2n v\u00e0 giun d\u1eb9p k\u00fd sinh trong d\u1ea1 d\u00e0y, ru\u1ed9t, \u0111\u01b0\u1eddng h\u00f4 h\u1ea5p v\u00e0 ti\u1ebft ni\u1ec7u.<\/p>\n<p><strong>LI\u1ec0U L\u01af\u1ee2NG &amp; H\u01af\u1edaNG D\u1eaaN S\u1eec D\u1ee4NG<\/strong><\/p>\n<p>L\u1eafc \u0111\u1ec1u tr\u01b0\u1edbc khi s\u1eed d\u1ee5ng.<\/p>\n<p>H\u00f2a tan v\u00e0o n\u01b0\u1edbc r\u1ed3i tr\u1ed9n \u0111\u1ec1u v\u1edbi th\u1ee9c \u0103n, \u0111\u1ec3 r\u00e1o 15 ph\u00fat sau \u0111\u00f3 m\u1edbi cho \u0103n.<\/p>\n<p>Li\u1ec1u tr\u1ecb: 1,5 \u2013 2ml \/1kg th\u1ee9c \u0103n\/ng\u00e0y, d\u00f9ng li\u00ean t\u1ee5c trong 2 ng\u00e0y.<\/p>\n<p>\u0110\u1ecbnh k\u1ef3 1 \u2013 2 th\u00e1ng x\u1ed5 1 l\u1ea7n.<\/p>\n","protected":false},"featured_media":10813,"comment_status":"closed","ping_status":"closed","template":"","meta":[],"product_brand":[],"product_cat":[71,134],"product_tag":[],"class_list":{"0":"post-10810","1":"product","2":"type-product","3":"status-publish","4":"has-post-thumbnail","6":"product_cat-thuoc-thuy-san","7":"product_cat-thuoc-thuy-san-thuoc-thuy-san","9":"first","10":"instock","11":"shipping-taxable","12":"purchasable","13":"product-type-variable"},"_links":{"self":[{"href":"https:\/\/mebipha.com\/online\/wp-json\/wp\/v2\/product\/10810","targetHints":{"allow":["GET"]}}],"collection":[{"href":"https:\/\/mebipha.com\/online\/wp-json\/wp\/v2\/product"}],"about":[{"href":"https:\/\/mebipha.com\/online\/wp-json\/wp\/v2\/types\/product"}],"replies":[{"embeddable":true,"href":"https:\/\/mebipha.com\/online\/wp-json\/wp\/v2\/comments?post=10810"}],"wp:featuredmedia":[{"embeddable":true,"href":"https:\/\/mebipha.com\/online\/wp-json\/wp\/v2\/media\/10813"}],"wp:attachment":[{"href":"https:\/\/mebipha.com\/online\/wp-json\/wp\/v2\/media?parent=10810"}],"wp:term":[{"taxonomy":"product_brand","embeddable":true,"href":"https:\/\/mebipha.com\/online\/wp-json\/wp\/v2\/product_brand?post=10810"},{"taxonomy":"product_cat","embeddable":true,"href":"https:\/\/mebipha.com\/online\/wp-json\/wp\/v2\/product_cat?post=10810"},{"taxonomy":"product_tag","embeddable":true,"href":"https:\/\/mebipha.com\/online\/wp-json\/wp\/v2\/product_tag?post=10810"}],"curies":[{"name":"wp","href":"https:\/\/api.w.org\/{rel}","templated":true}]}}