{"id":10804,"date":"2024-11-22T10:37:17","date_gmt":"2024-11-22T03:37:17","guid":{"rendered":"https:\/\/mebipha.com\/online\/?post_type=product&#038;p=10804"},"modified":"2024-11-22T10:37:17","modified_gmt":"2024-11-22T03:37:17","slug":"pro-bsub","status":"publish","type":"product","link":"https:\/\/mebipha.com\/online\/pro-bsub\/","title":{"rendered":"PRO-BSUB"},"content":{"rendered":"<p><strong>S\u1ea2N PH\u1ea8M D\u1ea0NG B\u1ed8T<\/strong><\/p>\n<p><strong>MEN VI SINH R\u1eaeC CHU\u1ed2NG<\/strong><\/p>\n<p><strong>TI\u00caU DI\u1ec6T M\u00d9I H\u00d4I CHU\u1ed2NG TR\u1ea0I \u2013 KI\u1ec2M SO\u00c1T KH\u00cd \u0110\u1ed8C, H\u1ea0N CH\u1ebe M\u1ea6N B\u1ec6NH<\/strong><\/p>\n<p><strong>TH\u00c0NH PH\u1ea6N<\/strong><\/p>\n<p>Bacillus subtilis (min): 2 x 10<sup>10<\/sup> CFU<\/p>\n<p>Kh\u00e1ng sinh, ch\u1ea5t c\u1ea5m, hoocmon: kh\u00f4ng c\u00f3<\/p>\n<p>Ch\u1ea5t mang c\u00f3 ch\u1ee9a c\u00e1c enzyme v\u00e0 ch\u1ea5t h\u1ea5p ph\u1ee5 v\u1eeba \u0111\u1ee7: 1kg<\/p>\n<p><strong>NGUY\u00caN LI\u1ec6U<\/strong><\/p>\n<p>Bacillus subtilis, Lactobacillus acidophilus, saccharomyces cerevisiae, \u0251-amylase, protease, ch\u1ea5t h\u1ea5p ph\u1ee5.<\/p>\n<p><strong>C\u00d4NG D\u1ee4NG<\/strong><\/p>\n<p>Kh\u1eed m\u00f9i h\u00f4i, ch\u1ea5t h\u1ea5p ph\u1ee5 kh\u00ed \u0111\u1ed9c (NH3, H2S, NO2,\u2026) trong n\u1ec1n chu\u1ed3ng, trong ph\u00e2n.<\/p>\n<p>Ph\u00e2n gi\u1ea3i nhanh ch\u00f3ng c\u00e1c ch\u1ea5t th\u1ea3i c\u1eb7n b\u00e3 trong ph\u00e2n, n\u01b0\u1edbc th\u1ea3i h\u1eefu c\u01a1 v\u00e0 th\u1ee9c \u0103n th\u1eeba.<\/p>\n<p>T\u0103ng c\u01b0\u1eddng h\u1ec7 vi sinh v\u1eadt c\u00f3 l\u1eddi trong n\u1ec1n chu\u1ed3ng, \u1ee9c ch\u1ebf s\u1ef1 ph\u00e1t tri\u1ec3n c\u1ee7a vi khu\u1ea9n g\u00e2y b\u1ec7nh (e.coli, salmonella) tr\u1ee9ng giun s\u00e1n, h\u1ea1n ch\u1ebf d\u1ecbch b\u1ec7nh cho gia s\u00fac, gia c\u1ea7m.<\/p>\n<p>Gi\u1ea3m stress, t\u0103ng kh\u1ea3 n\u0103ng mi\u1ec5n d\u1ecbch cho v\u1eadt nu\u00f4i, t\u0103ng hi\u1ec7u qu\u1ea3 s\u1eed d\u1ee5ng th\u1ee9c \u0103n, gi\u1ea3m t\u1ed1i \u0111a chi ph\u00ed ch\u0103n nu\u00f4i.<\/p>\n<p>C\u00f3 th\u1ec3 s\u1eed d\u1ee5ng ch\u1ebf ph\u1ea9n PRO-BSUB l\u00e0m EM g\u1ed1c \u0111\u1ec3 s\u1ea3n xu\u1ea5t c\u00e1c s\u1ea3n ph\u1ea9m th\u1ee9 c\u1ea5p cho nhi\u1ec1u m\u1ee5c \u0111\u00edch kh\u00e1c nhau<\/p>\n<p><strong>LI\u1ec0U D\u00d9NG<\/strong><\/p>\n<p>R\u1eafc chu\u1ed3ng: r\u1eafc \u0111\u1ec1u ch\u1ebf ph\u1ea9m l\u00ean b\u1ec1 m\u1eb7t chu\u1ed3ng theo li\u1ec1u 1kg\/200-250m2 chu\u1ed3ng nu\u00f4i. R\u1eafc l\u1ea1i \u0111\u1ecbnh k\u1ef3 sau 7-15 ng\u00e0y.<\/p>\n<p>L\u00f3t chu\u1ed3ng, phun chu\u1ed3ng: pha 1kg ch\u1ebf ph\u1ea9m v\u1edbi 10-20 l\u00edt n\u01b0\u1edbc s\u1ea1ch v\u00e0 0.5-1kg \u0111\u01b0\u1eddng \u0111\u1ecf\/r\u1ec9 \u0111\u01b0\u1eddng, s\u1ee5c 2-6 ti\u1ebfng \u1edf nhi\u1ec7t \u0111\u1ed9 ph\u00f2ng (25-300C) tr\u01b0\u1edbc khi s\u1eed d\u1ee5ng. phun \u0111\u1ec1u l\u00ean b\u1ec1 m\u1eb7t ch\u1ea5t \u0111\u1ed9n l\u00f3t chu\u1ed3ng ho\u1eb7c phun \u0111\u1ec1u l\u00ean b\u1ec1 m\u1eb7t chu\u1ed3ng c\u00f9ng v\u1edbi v\u1ecf tr\u1ea5u theo li\u1ec1u 1kg\/200-250m2 chu\u1ed3ng nu\u00f4i. Phun l\u1ea1i \u0111\u1ecbnh k\u1ef3 sau 7-15 ng\u00e0y.<\/p>\n<p>Phun x\u1ecbt khi chu\u1ed3ng nu\u00f4i b\u1ecb nhi\u1ec5m m\u00f9i n\u1eb7ng: pha 1kg ch\u1ebf ph\u1ea9m v\u1edbi 20 l\u00edt n\u01b0\u1edbc s\u1ea1ch v\u00e0 1kg \u0111\u01b0\u1eddng \u0111\u1ecf\/r\u1ec9 \u0111\u01b0\u1eddng, s\u1ee5c 2-6 ti\u1ebfng \u1edf nhi\u1ec7t \u0111\u1ed9 ph\u00f2ng (25-300C), pha th\u00eam 100 l\u00edt n\u01b0\u1edbc s\u1ea1ch tr\u01b0\u1edbc khi s\u1eed d\u1ee5ng. \u0110\u1ecbnh k\u1ef3 5-7 ng\u00e0y phun 1 l\u1ea7n ho\u1eb7c phun khi c\u00f3 m\u00f9i h\u00f4i ph\u00e1t sinh.<\/p>\n<p>L\u01b0u \u00fd: khi s\u1eed d\u1ee5ng s\u1ea3n ph\u1ea9m kh\u00f4ng s\u1eed d\u1ee5ng c\u00e1c ch\u1ea5t s\u00e1t tr\u00f9ng phun l\u00ean ch\u1ea5t l\u00f3t\/chu\u1ed3ng.<\/p>\n<p>S\u1ea3n ph\u1ea9m an to\u00e0n khi ti\u1ebfp x\u00fac, v\u1eadt nu\u00f4i c\u00f3 th\u1ec3 \u0103n \u0111\u01b0\u1ee3c.<\/p>\n<p><strong>B\u1ea2O QU\u1ea2N<\/strong><\/p>\n<p>N\u01a1i kh\u00f4 r\u00e1o, tho\u00e1ng m\u00e1t, nhi\u1ec7t \u0111\u1ed9 d\u01b0\u1edbi 30<sup>0<\/sup>C, tr\u00e1nh \u00e1nh n\u0103ng tr\u1ef1c ti\u1ebfp. Tr\u00e1nh xa t\u1ea7m tay tr\u1ebb em.<\/p>\n<p><strong>CH\u1ec8 D\u00d9NG TRONG CH\u0102N NU\u00d4I<\/strong><\/p>\n<p>TCCS 005:2024\/MBP<\/p>\n","protected":false},"excerpt":{"rendered":"<p><strong>TI\u00caU DI\u1ec6T M\u00d9I H\u00d4I CHU\u1ed2NG TR\u1ea0I \u2013 KI\u1ec2M SO\u00c1T KH\u00cd \u0110\u1ed8C, H\u1ea0N CH\u1ebe M\u1ea6N B\u1ec6NH<\/strong><\/p>\n<p><strong>TH\u00c0NH PH\u1ea6N<\/strong><\/p>\n<p>Bacillus subtilis (min): 2 x 10<sup>10<\/sup> CFU<\/p>\n<p>Kh\u00e1ng sinh, ch\u1ea5t c\u1ea5m, hoocmon: kh\u00f4ng c\u00f3<\/p>\n<p>Ch\u1ea5t mang c\u00f3 ch\u1ee9a c\u00e1c enzyme v\u00e0 ch\u1ea5t h\u1ea5p ph\u1ee5 v\u1eeba \u0111\u1ee7: 1kg<\/p>\n<p><strong>NGUY\u00caN LI\u1ec6U<\/strong><\/p>\n<p>Bacillus subtilis, Lactobacillus acidophilus, saccharomyces cerevisiae, \u0251-amylase, protease, ch\u1ea5t h\u1ea5p ph\u1ee5.<\/p>\n<p><strong>C\u00d4NG D\u1ee4NG<\/strong><\/p>\n<p>Kh\u1eed m\u00f9i h\u00f4i, ch\u1ea5t h\u1ea5p ph\u1ee5 kh\u00ed \u0111\u1ed9c (NH3, H2S, NO2,\u2026) trong n\u1ec1n chu\u1ed3ng, trong ph\u00e2n.<\/p>\n<p>Ph\u00e2n gi\u1ea3i nhanh ch\u00f3ng c\u00e1c ch\u1ea5t th\u1ea3i c\u1eb7n b\u00e3 trong ph\u00e2n, n\u01b0\u1edbc th\u1ea3i h\u1eefu c\u01a1 v\u00e0 th\u1ee9c \u0103n th\u1eeba.<\/p>\n<p>T\u0103ng c\u01b0\u1eddng h\u1ec7 vi sinh v\u1eadt c\u00f3 l\u1eddi trong n\u1ec1n chu\u1ed3ng, \u1ee9c ch\u1ebf s\u1ef1 ph\u00e1t tri\u1ec3n c\u1ee7a vi khu\u1ea9n g\u00e2y b\u1ec7nh (e.coli, salmonella) tr\u1ee9ng giun s\u00e1n, h\u1ea1n ch\u1ebf d\u1ecbch b\u1ec7nh cho gia s\u00fac, gia c\u1ea7m.<\/p>\n<p>Gi\u1ea3m stress, t\u0103ng kh\u1ea3 n\u0103ng mi\u1ec5n d\u1ecbch cho v\u1eadt nu\u00f4i, t\u0103ng hi\u1ec7u qu\u1ea3 s\u1eed d\u1ee5ng th\u1ee9c \u0103n, gi\u1ea3m t\u1ed1i \u0111a chi ph\u00ed ch\u0103n nu\u00f4i.<\/p>\n<p>C\u00f3 th\u1ec3 s\u1eed d\u1ee5ng ch\u1ebf ph\u1ea9n PRO-BSUB l\u00e0m EM g\u1ed1c \u0111\u1ec3 s\u1ea3n xu\u1ea5t c\u00e1c s\u1ea3n ph\u1ea9m th\u1ee9 c\u1ea5p cho nhi\u1ec1u m\u1ee5c \u0111\u00edch kh\u00e1c nhau<\/p>\n","protected":false},"featured_media":10806,"comment_status":"closed","ping_status":"closed","template":"","meta":[],"product_brand":[],"product_cat":[62],"product_tag":[],"class_list":{"0":"post-10804","1":"product","2":"type-product","3":"status-publish","4":"has-post-thumbnail","6":"product_cat-thuoc-thu-y","8":"first","9":"instock","10":"shipping-taxable","11":"purchasable","12":"product-type-variable"},"_links":{"self":[{"href":"https:\/\/mebipha.com\/online\/wp-json\/wp\/v2\/product\/10804","targetHints":{"allow":["GET"]}}],"collection":[{"href":"https:\/\/mebipha.com\/online\/wp-json\/wp\/v2\/product"}],"about":[{"href":"https:\/\/mebipha.com\/online\/wp-json\/wp\/v2\/types\/product"}],"replies":[{"embeddable":true,"href":"https:\/\/mebipha.com\/online\/wp-json\/wp\/v2\/comments?post=10804"}],"wp:featuredmedia":[{"embeddable":true,"href":"https:\/\/mebipha.com\/online\/wp-json\/wp\/v2\/media\/10806"}],"wp:attachment":[{"href":"https:\/\/mebipha.com\/online\/wp-json\/wp\/v2\/media?parent=10804"}],"wp:term":[{"taxonomy":"product_brand","embeddable":true,"href":"https:\/\/mebipha.com\/online\/wp-json\/wp\/v2\/product_brand?post=10804"},{"taxonomy":"product_cat","embeddable":true,"href":"https:\/\/mebipha.com\/online\/wp-json\/wp\/v2\/product_cat?post=10804"},{"taxonomy":"product_tag","embeddable":true,"href":"https:\/\/mebipha.com\/online\/wp-json\/wp\/v2\/product_tag?post=10804"}],"curies":[{"name":"wp","href":"https:\/\/api.w.org\/{rel}","templated":true}]}}