{"id":10516,"date":"2024-09-16T15:25:09","date_gmt":"2024-09-16T08:25:09","guid":{"rendered":"https:\/\/mebipha.com\/online\/?post_type=product&#038;p=10516"},"modified":"2024-09-16T15:28:25","modified_gmt":"2024-09-16T08:28:25","slug":"bs-sufacetin","status":"publish","type":"product","link":"https:\/\/mebipha.com\/online\/bs-sufacetin\/","title":{"rendered":"BS SUFACETIN"},"content":{"rendered":"<p><strong>MEN N\u01af\u1edaC<\/strong><\/p>\n<p>B\u1ed4 SUNG VI SINH V\u1eacT H\u1eeeU \u00cdCH, MEN TI\u00caU H\u00d3A<\/p>\n<p>DUNG D\u1ecaCH U\u1ed0NG<\/p>\n<p>MEN CH\u1ecaU KH\u00c1NG SINH<\/p>\n<p><strong>TH\u00c0NH PH\u1ea6N<\/strong><\/p>\n<p>Bacillus subtilis* (min)&#8230;&#8230;&#8230;&#8230;&#8230;&#8230;&#8230;&#8230;&#8230;&#8230;.. 2 x 10<sup>11<\/sup> CFU<\/p>\n<p>Ch\u1ea5t c\u1ea5m&#8230;&#8230;&#8230;&#8230;&#8230;&#8230;&#8230;&#8230;&#8230;&#8230;&#8230;&#8230;&#8230;&#8230;&#8230;&#8230;&#8230;&#8230;&#8230; Kh\u00f4ng c\u00f3<\/p>\n<p>Ph\u1ee5 gia c\u00f3 ch\u1ee9a Fructose Oligosaccharide; c\u00e1c enzyme ti\u00eau h\u00f3a: protease, lipase, amylase, cellulose; dung m\u00f4i v\u1eeba \u0111\u1ee7\u00a0\u00a0\u00a0\u00a0 1 l\u00edt<\/p>\n<p><strong>NGUY\u00caN LI\u1ec6U<\/strong><\/p>\n<p>Bacillus subtilis, Protease, Lipase, Amylase, Cellulase, Fructose Oligosaccharide, N\u01b0\u1edbc tinh khi\u1ebft.<\/p>\n<p><strong>C\u00d4NG D\u1ee4NG<\/strong><\/p>\n<p>Bacillus subtilis sinh sufacetin (ch\u1ea5t kh\u00e1ng sinh b\u1ec1 m\u1eb7t) \u1ee9c ch\u1ebf vi khu\u1ea9n g\u00e2y b\u1ec7nh nh\u01b0 E.coli, Salmonella, S.aureus, C.albicans, P.aerigunosa,\u2026h\u1ed7 tr\u1ee3 \u0111i\u1ec1u tr\u1ecb ti\u00eau ch\u1ea3y.<\/p>\n<p>Enzyme ti\u00eau h\u00f3a ph\u00e2n gi\u1ea3i c\u00e1c ch\u1ea5t dinh d\u01b0\u1ee1ng gi\u00fap h\u1ea5p thu tri\u1ec7t \u0111\u1ec3 c\u00e1c ch\u1ea5t dinh d\u01b0\u1ee1ng trong th\u1ee9c \u0103n.<\/p>\n<p>\u1ed4n \u0111\u1ecbnh h\u1ec7 vi sinh \u0111\u01b0\u1eddng ru\u1ed9t, t\u0103ng kh\u1ea3 n\u0103ng kh\u00e1ng b\u1ec7nh, gi\u00fap gi\u1ea3m chi ph\u00ed ph\u00f2ng v\u00e0 tr\u1ecb b\u1ec7nh.<\/p>\n<p>N\u00e2ng cao n\u0103ng su\u1ea5t v\u1eadt nu\u00f4i.<\/p>\n<p><strong>LI\u1ec0U D\u00d9NG<\/strong><\/p>\n<p><strong>Gia c\u1ea7m v\u00e0 heo:<\/strong><\/p>\n<p><strong>Li\u1ec1u t\u1ed5ng qu\u00e1t:<\/strong> 1ml\/15kg th\u1ec3 tr\u1ecdng ho\u1eb7c 1ml\/2-3 l\u00edt n\u01b0\u1edbc u\u1ed1ng, d\u00f9ng li\u00ean t\u1ee5c.<\/p>\n<p><strong>Khi c\u00f3 c\u00e1c bi\u1ec3u hi\u1ec7n r\u1ed1i lo\u1ea1n ti\u00eau h\u00f3a:<\/strong> 1ml\/1,5 l\u00edt n\u01b0\u1edbc u\u1ed1ng, d\u00f9ng li\u00ean t\u1ee5c 5-7 ng\u00e0y.<\/p>\n<p><strong>B\u1ea2O QU\u1ea2N<\/strong><\/p>\n<p>N\u01a1i kh\u00f4 r\u00e1o, tho\u00e1ng m\u00e1t, nhi\u1ec7t \u0111\u1ed9 d\u01b0\u1edbi 30<sup>0<\/sup>C, tr\u00e1nh \u00e1nh n\u1eafng tr\u1ef1c ti\u1ebfp. Tr\u00e1nh xa t\u1ea7m tay tr\u1ebb em.<\/p>\n<p>Ch\u00fa th\u00edch: (*) l\u00e0 ch\u1ea5t ch\u00ednh<\/p>\n<p>S\u1ed1 l\u00f4, NSX &amp; HSD: Xem tr\u00ean bao b\u00ec<\/p>\n<p><strong>CH\u1ec8 D\u00d9NG TRONG CH\u0102N NU\u00d4I<\/strong><\/p>\n","protected":false},"excerpt":{"rendered":"<p><strong>MEN N\u01af\u1edaC<\/strong><\/p>\n<p>B\u1ed4 SUNG VI SINH V\u1eacT H\u1eeeU \u00cdCH, MEN TI\u00caU H\u00d3A<\/p>\n<p>DUNG D\u1ecaCH U\u1ed0NG<\/p>\n<p>MEN CH\u1ecaU KH\u00c1NG SINH<\/p>\n<p><strong>TH\u00c0NH PH\u1ea6N<\/strong><\/p>\n<p>Bacillus subtilis* (min)&#8230;&#8230;&#8230;&#8230;&#8230;&#8230;&#8230;&#8230;&#8230;&#8230;.. 2 x 10<sup>11<\/sup> CFU<\/p>\n<p>Ch\u1ea5t c\u1ea5m&#8230;&#8230;&#8230;&#8230;&#8230;&#8230;&#8230;&#8230;&#8230;&#8230;&#8230;&#8230;&#8230;&#8230;&#8230;&#8230;&#8230;&#8230;&#8230; Kh\u00f4ng c\u00f3<\/p>\n<p>Ph\u1ee5 gia c\u00f3 ch\u1ee9a Fructose Oligosaccharide; c\u00e1c enzyme ti\u00eau h\u00f3a: protease, lipase, amylase, cellulose; dung m\u00f4i v\u1eeba \u0111\u1ee7\u00a0\u00a0\u00a0\u00a0 1 l\u00edt<\/p>\n<p><strong>NGUY\u00caN LI\u1ec6U<\/strong><\/p>\n<p>Bacillus subtilis, Protease, Lipase, Amylase, Cellulase, Fructose Oligosaccharide, N\u01b0\u1edbc tinh khi\u1ebft.<\/p>\n<p><strong>C\u00d4NG D\u1ee4NG<\/strong><\/p>\n<p>Bacillus subtilis sinh sufacetin (ch\u1ea5t kh\u00e1ng sinh b\u1ec1 m\u1eb7t) \u1ee9c ch\u1ebf vi khu\u1ea9n g\u00e2y b\u1ec7nh nh\u01b0 E.coli, Salmonella, S.aureus, C.albicans, P.aerigunosa,\u2026h\u1ed7 tr\u1ee3 \u0111i\u1ec1u tr\u1ecb ti\u00eau ch\u1ea3y.<\/p>\n<p>Enzyme ti\u00eau h\u00f3a ph\u00e2n gi\u1ea3i c\u00e1c ch\u1ea5t dinh d\u01b0\u1ee1ng gi\u00fap h\u1ea5p thu tri\u1ec7t \u0111\u1ec3 c\u00e1c ch\u1ea5t dinh d\u01b0\u1ee1ng trong th\u1ee9c \u0103n.<\/p>\n<p>\u1ed4n \u0111\u1ecbnh h\u1ec7 vi sinh \u0111\u01b0\u1eddng ru\u1ed9t, t\u0103ng kh\u1ea3 n\u0103ng kh\u00e1ng b\u1ec7nh, gi\u00fap gi\u1ea3m chi ph\u00ed ph\u00f2ng v\u00e0 tr\u1ecb b\u1ec7nh.<\/p>\n<p>N\u00e2ng cao n\u0103ng su\u1ea5t v\u1eadt nu\u00f4i.<\/p>\n<p><strong>LI\u1ec0U D\u00d9NG<\/strong><\/p>\n<p><strong>Gia c\u1ea7m v\u00e0 heo:<\/strong><\/p>\n<p><strong>Li\u1ec1u t\u1ed5ng qu\u00e1t:<\/strong> 1ml\/15kg th\u1ec3 tr\u1ecdng ho\u1eb7c 1ml\/2-3 l\u00edt n\u01b0\u1edbc u\u1ed1ng, d\u00f9ng li\u00ean t\u1ee5c.<\/p>\n<p><strong>Khi c\u00f3 c\u00e1c bi\u1ec3u hi\u1ec7n r\u1ed1i lo\u1ea1n ti\u00eau h\u00f3a:<\/strong> 1ml\/1,5 l\u00edt n\u01b0\u1edbc u\u1ed1ng, d\u00f9ng li\u00ean t\u1ee5c 5-7 ng\u00e0y.<\/p>\n<p><strong>B\u1ea2O QU\u1ea2N<\/strong><\/p>\n<p>N\u01a1i kh\u00f4 r\u00e1o, tho\u00e1ng m\u00e1t, nhi\u1ec7t \u0111\u1ed9 d\u01b0\u1edbi 30<sup>0<\/sup>C, tr\u00e1nh \u00e1nh n\u1eafng tr\u1ef1c ti\u1ebfp. Tr\u00e1nh xa t\u1ea7m tay tr\u1ebb em.<\/p>\n<p>Ch\u00fa th\u00edch: (*) l\u00e0 ch\u1ea5t ch\u00ednh<\/p>\n<p>S\u1ed1 l\u00f4, NSX &amp; HSD: Xem tr\u00ean bao b\u00ec<\/p>\n<p><strong>CH\u1ec8 D\u00d9NG TRONG CH\u0102N NU\u00d4I<\/strong><\/p>\n","protected":false},"featured_media":10517,"comment_status":"closed","ping_status":"closed","template":"","meta":[],"product_brand":[],"product_cat":[62],"product_tag":[],"class_list":{"0":"post-10516","1":"product","2":"type-product","3":"status-publish","4":"has-post-thumbnail","6":"product_cat-thuoc-thu-y","8":"first","9":"instock","10":"shipping-taxable","11":"purchasable","12":"product-type-variable"},"_links":{"self":[{"href":"https:\/\/mebipha.com\/online\/wp-json\/wp\/v2\/product\/10516","targetHints":{"allow":["GET"]}}],"collection":[{"href":"https:\/\/mebipha.com\/online\/wp-json\/wp\/v2\/product"}],"about":[{"href":"https:\/\/mebipha.com\/online\/wp-json\/wp\/v2\/types\/product"}],"replies":[{"embeddable":true,"href":"https:\/\/mebipha.com\/online\/wp-json\/wp\/v2\/comments?post=10516"}],"wp:featuredmedia":[{"embeddable":true,"href":"https:\/\/mebipha.com\/online\/wp-json\/wp\/v2\/media\/10517"}],"wp:attachment":[{"href":"https:\/\/mebipha.com\/online\/wp-json\/wp\/v2\/media?parent=10516"}],"wp:term":[{"taxonomy":"product_brand","embeddable":true,"href":"https:\/\/mebipha.com\/online\/wp-json\/wp\/v2\/product_brand?post=10516"},{"taxonomy":"product_cat","embeddable":true,"href":"https:\/\/mebipha.com\/online\/wp-json\/wp\/v2\/product_cat?post=10516"},{"taxonomy":"product_tag","embeddable":true,"href":"https:\/\/mebipha.com\/online\/wp-json\/wp\/v2\/product_tag?post=10516"}],"curies":[{"name":"wp","href":"https:\/\/api.w.org\/{rel}","templated":true}]}}